{"id":17961,"date":"2024-12-26T14:45:15","date_gmt":"2024-12-26T13:45:15","guid":{"rendered":"https:\/\/www.atta45.se\/e-butik\/?post_type=product&#038;p=17961"},"modified":"2025-10-27T19:22:13","modified_gmt":"2025-10-27T18:22:13","slug":"konferensmapp-i-kork","status":"publish","type":"product","link":"https:\/\/www.atta45.se\/e-butik\/produkt\/konferensmapp-i-kork\/","title":{"rendered":"Konferensmapp i kork"},"content":{"rendered":"<p>Snygg konferensmapp med utsida i kork. Gummiband f\u00f6r st\u00e4ngning. PU-material p\u00e5 insidan med en liten n\u00e4tficka f\u00f6r visitkort, ett st\u00f6rre fack samt ett 20-sidigt linjerat block i A5-storlek. Elastisk \u00f6gla f\u00f6r penna (penna ing\u00e5r ej).<\/p>\n","protected":false},"excerpt":{"rendered":"<p>Snygg konferensmapp med utsida i kork. Gummiband f\u00f6r st\u00e4ngning. PU-material p\u00e5 insidan med en liten n\u00e4tficka f\u00f6r visitkort, ett st\u00f6rre fack samt ett 20-sidigt linjerat block i A5-storlek. Elastisk \u00f6gla f\u00f6r penna (penna ing\u00e5r ej).<\/p>\n","protected":false},"featured_media":17962,"template":"","meta":{"_acf_changed":false,"_seopress_robots_primary_cat":"","_seopress_titles_title":"","_seopress_titles_desc":"","_seopress_robots_index":""},"product_brand":[],"product_cat":[15],"product_tag":[],"class_list":{"0":"post-17961","1":"product","2":"type-product","3":"status-publish","4":"has-post-thumbnail","6":"product_cat-okategoriserad","7":"atta45_taxonomy-elektronik-kontor-anteckningsbocker-sv","8":"atta45_taxonomy-tema-inspiration-grona-intryck-eco-basic-sv","9":"atta45_taxonomy-tema-inspiration-ogonblick-en-gron-planet-sv","10":"atta45_taxonomy-tema-inspiration-grona-intryck-sv","11":"atta45_taxonomy-elektronik-kontor-kontorsartiklar-sv","12":"atta45_taxonomy-tema-inspiration-grona-intryck-kork-sv","13":"atta45_taxonomy-elektronik-kontor-memohallare-sv","14":"atta45_taxonomy-tema-inspiration-sv","16":"first","17":"instock","18":"taxable","19":"shipping-taxable","20":"purchasable","21":"product-type-variable"},"acf":[],"_links":{"self":[{"href":"https:\/\/www.atta45.se\/e-butik\/wp-json\/wp\/v2\/product\/17961","targetHints":{"allow":["GET"]}}],"collection":[{"href":"https:\/\/www.atta45.se\/e-butik\/wp-json\/wp\/v2\/product"}],"about":[{"href":"https:\/\/www.atta45.se\/e-butik\/wp-json\/wp\/v2\/types\/product"}],"wp:featuredmedia":[{"embeddable":true,"href":"https:\/\/www.atta45.se\/e-butik\/wp-json\/wp\/v2\/media\/17962"}],"wp:attachment":[{"href":"https:\/\/www.atta45.se\/e-butik\/wp-json\/wp\/v2\/media?parent=17961"}],"wp:term":[{"taxonomy":"product_brand","embeddable":true,"href":"https:\/\/www.atta45.se\/e-butik\/wp-json\/wp\/v2\/product_brand?post=17961"},{"taxonomy":"product_cat","embeddable":true,"href":"https:\/\/www.atta45.se\/e-butik\/wp-json\/wp\/v2\/product_cat?post=17961"},{"taxonomy":"product_tag","embeddable":true,"href":"https:\/\/www.atta45.se\/e-butik\/wp-json\/wp\/v2\/product_tag?post=17961"}],"curies":[{"name":"wp","href":"https:\/\/api.w.org\/{rel}","templated":true}]}}