{"id":17957,"date":"2024-12-26T14:22:32","date_gmt":"2024-12-26T13:22:32","guid":{"rendered":"https:\/\/www.atta45.se\/e-butik\/?post_type=product&#038;p=17957"},"modified":"2025-10-27T19:04:54","modified_gmt":"2025-10-27T18:04:54","slug":"provlada-dofter-candlesphere","status":"publish","type":"product","link":"https:\/\/www.atta45.se\/e-butik\/produkt\/provlada-dofter-candlesphere\/","title":{"rendered":"Provl\u00e5da dofter Candlesphere"},"content":{"rendered":"<p>Provkit med h\u00f6gkvalitativa doftoljor, d\u00e4r du \u00e4r garanterad att din kund kommer att njuta av den f\u00e4ngslande aromen under hela ljusets livstid. Dessutom kan du perfekt matcha doften av ljuset till filosofin f\u00f6r det marknadsf\u00f6rda varum\u00e4rket.<\/p>\n","protected":false},"excerpt":{"rendered":"<p>Provkit med h\u00f6gkvalitativa doftoljor, d\u00e4r du \u00e4r garanterad att din kund kommer att njuta av den f\u00e4ngslande aromen under hela ljusets livstid. Dessutom kan du perfekt matcha doften av ljuset till filosofin f\u00f6r det marknadsf\u00f6rda varum\u00e4rket.<\/p>\n","protected":false},"featured_media":17808,"template":"","meta":{"_acf_changed":false,"_seopress_robots_primary_cat":"","_seopress_titles_title":"","_seopress_titles_desc":"","_seopress_robots_index":""},"product_brand":[],"product_cat":[15],"product_tag":[],"class_list":{"0":"post-17957","1":"product","2":"type-product","3":"status-publish","4":"has-post-thumbnail","6":"product_cat-okategoriserad","7":"atta45_taxonomy-candlesphere-sv","8":"atta45_taxonomy-hem-hushall-ljus-doftset-sv","10":"first","11":"instock","12":"taxable","13":"shipping-taxable","14":"purchasable","15":"product-type-variable"},"acf":[],"_links":{"self":[{"href":"https:\/\/www.atta45.se\/e-butik\/wp-json\/wp\/v2\/product\/17957","targetHints":{"allow":["GET"]}}],"collection":[{"href":"https:\/\/www.atta45.se\/e-butik\/wp-json\/wp\/v2\/product"}],"about":[{"href":"https:\/\/www.atta45.se\/e-butik\/wp-json\/wp\/v2\/types\/product"}],"wp:featuredmedia":[{"embeddable":true,"href":"https:\/\/www.atta45.se\/e-butik\/wp-json\/wp\/v2\/media\/17808"}],"wp:attachment":[{"href":"https:\/\/www.atta45.se\/e-butik\/wp-json\/wp\/v2\/media?parent=17957"}],"wp:term":[{"taxonomy":"product_brand","embeddable":true,"href":"https:\/\/www.atta45.se\/e-butik\/wp-json\/wp\/v2\/product_brand?post=17957"},{"taxonomy":"product_cat","embeddable":true,"href":"https:\/\/www.atta45.se\/e-butik\/wp-json\/wp\/v2\/product_cat?post=17957"},{"taxonomy":"product_tag","embeddable":true,"href":"https:\/\/www.atta45.se\/e-butik\/wp-json\/wp\/v2\/product_tag?post=17957"}],"curies":[{"name":"wp","href":"https:\/\/api.w.org\/{rel}","templated":true}]}}