{"id":17953,"date":"2024-12-26T14:22:29","date_gmt":"2024-12-26T13:22:29","guid":{"rendered":"https:\/\/www.atta45.se\/e-butik\/?post_type=product&#038;p=17953"},"modified":"2025-10-27T19:04:39","modified_gmt":"2025-10-27T18:04:39","slug":"provlada-candlesphere","status":"publish","type":"product","link":"https:\/\/www.atta45.se\/e-butik\/produkt\/provlada-candlesphere\/","title":{"rendered":"Ljus Provl\u00e5da Candlesphere"},"content":{"rendered":"<p>F\u00f6rst\u00e4rk budskapet fr\u00e5n det marknadsf\u00f6rda varum\u00e4rket Candlesphere.<\/p>\n<p>F\u00f6r att du \u00e4nnu b\u00e4ttre ska kunna l\u00e4ra k\u00e4nna v\u00e5ra m\u00f6jligheter inom ljus har vi f\u00f6rberett ett speciellt paket som hj\u00e4lper dig att inspirera din kund.<\/p>\n","protected":false},"excerpt":{"rendered":"<p>F\u00f6rst\u00e4rk budskapet fr\u00e5n det marknadsf\u00f6rda varum\u00e4rket Candlesphere. F\u00f6r att du \u00e4nnu b\u00e4ttre ska kunna l\u00e4ra k\u00e4nna v\u00e5ra m\u00f6jligheter inom ljus har vi f\u00f6rberett ett speciellt paket som hj\u00e4lper dig att inspirera din kund.<\/p>\n","protected":false},"featured_media":17802,"template":"","meta":{"_acf_changed":false,"_seopress_robots_primary_cat":"","_seopress_titles_title":"","_seopress_titles_desc":"","_seopress_robots_index":""},"product_brand":[],"product_cat":[15],"product_tag":[],"class_list":{"0":"post-17953","1":"product","2":"type-product","3":"status-publish","4":"has-post-thumbnail","6":"product_cat-okategoriserad","7":"atta45_taxonomy-candlesphere-sv","8":"atta45_taxonomy-hem-hushall-ljus-doftset-sv","10":"first","11":"instock","12":"taxable","13":"shipping-taxable","14":"purchasable","15":"product-type-variable"},"acf":[],"_links":{"self":[{"href":"https:\/\/www.atta45.se\/e-butik\/wp-json\/wp\/v2\/product\/17953","targetHints":{"allow":["GET"]}}],"collection":[{"href":"https:\/\/www.atta45.se\/e-butik\/wp-json\/wp\/v2\/product"}],"about":[{"href":"https:\/\/www.atta45.se\/e-butik\/wp-json\/wp\/v2\/types\/product"}],"wp:featuredmedia":[{"embeddable":true,"href":"https:\/\/www.atta45.se\/e-butik\/wp-json\/wp\/v2\/media\/17802"}],"wp:attachment":[{"href":"https:\/\/www.atta45.se\/e-butik\/wp-json\/wp\/v2\/media?parent=17953"}],"wp:term":[{"taxonomy":"product_brand","embeddable":true,"href":"https:\/\/www.atta45.se\/e-butik\/wp-json\/wp\/v2\/product_brand?post=17953"},{"taxonomy":"product_cat","embeddable":true,"href":"https:\/\/www.atta45.se\/e-butik\/wp-json\/wp\/v2\/product_cat?post=17953"},{"taxonomy":"product_tag","embeddable":true,"href":"https:\/\/www.atta45.se\/e-butik\/wp-json\/wp\/v2\/product_tag?post=17953"}],"curies":[{"name":"wp","href":"https:\/\/api.w.org\/{rel}","templated":true}]}}