{"id":17947,"date":"2024-12-26T14:31:12","date_gmt":"2024-12-26T13:31:12","guid":{"rendered":"https:\/\/www.atta45.se\/e-butik\/?post_type=product&#038;p=17947"},"modified":"2025-10-27T19:03:28","modified_gmt":"2025-10-27T18:03:28","slug":"ultra","status":"publish","type":"product","link":"https:\/\/www.atta45.se\/e-butik\/produkt\/ultra\/","title":{"rendered":"Ljus Ultra (inkl soyavax)"},"content":{"rendered":"<p>Varje f\u00f6retag kan \u00f6ppna sina sinnen f\u00f6r nya id\u00e9er och upplevelser, tack vare v\u00e5rt ljus ULTRA. Detta blygsamma element kan inspirera till nya id\u00e9er, inspirera till sublima projekt. Till n\u00e5got&#8230;ULTRA.<\/p>\n<p>Paraffinbr\u00e4nningstid: 24 timmar<br \/>Brinntid vax: 27 timmar<br \/>Veke: 1 st<\/p>\n<p>Candlesphere<\/p>\n","protected":false},"excerpt":{"rendered":"<p>Varje f\u00f6retag kan \u00f6ppna sina sinnen f\u00f6r nya id\u00e9er och upplevelser, tack vare v\u00e5rt ljus ULTRA. Detta blygsamma element kan inspirera till nya id\u00e9er, inspirera till sublima projekt. Till n\u00e5got&#8230;ULTRA. Paraffinbr\u00e4nningstid: 24 timmarBrinntid vax: 27 timmarVeke: 1 st Candlesphere<\/p>\n","protected":false},"featured_media":17786,"template":"","meta":{"_acf_changed":false,"_seopress_robots_primary_cat":"","_seopress_titles_title":"","_seopress_titles_desc":"","_seopress_robots_index":""},"product_brand":[],"product_cat":[15],"product_tag":[],"class_list":{"0":"post-17947","1":"product","2":"type-product","3":"status-publish","4":"has-post-thumbnail","6":"product_cat-okategoriserad","7":"atta45_taxonomy-candlesphere-sv","8":"atta45_taxonomy-hem-hushall-ljus-doftset-sv","10":"first","11":"instock","12":"taxable","13":"shipping-taxable","14":"purchasable","15":"product-type-variable"},"acf":[],"_links":{"self":[{"href":"https:\/\/www.atta45.se\/e-butik\/wp-json\/wp\/v2\/product\/17947","targetHints":{"allow":["GET"]}}],"collection":[{"href":"https:\/\/www.atta45.se\/e-butik\/wp-json\/wp\/v2\/product"}],"about":[{"href":"https:\/\/www.atta45.se\/e-butik\/wp-json\/wp\/v2\/types\/product"}],"wp:featuredmedia":[{"embeddable":true,"href":"https:\/\/www.atta45.se\/e-butik\/wp-json\/wp\/v2\/media\/17786"}],"wp:attachment":[{"href":"https:\/\/www.atta45.se\/e-butik\/wp-json\/wp\/v2\/media?parent=17947"}],"wp:term":[{"taxonomy":"product_brand","embeddable":true,"href":"https:\/\/www.atta45.se\/e-butik\/wp-json\/wp\/v2\/product_brand?post=17947"},{"taxonomy":"product_cat","embeddable":true,"href":"https:\/\/www.atta45.se\/e-butik\/wp-json\/wp\/v2\/product_cat?post=17947"},{"taxonomy":"product_tag","embeddable":true,"href":"https:\/\/www.atta45.se\/e-butik\/wp-json\/wp\/v2\/product_tag?post=17947"}],"curies":[{"name":"wp","href":"https:\/\/api.w.org\/{rel}","templated":true}]}}