{"id":17941,"date":"2024-12-26T14:31:13","date_gmt":"2024-12-26T13:31:13","guid":{"rendered":"https:\/\/www.atta45.se\/e-butik\/?post_type=product&#038;p=17941"},"modified":"2025-10-27T19:03:15","modified_gmt":"2025-10-27T18:03:15","slug":"aura","status":"publish","type":"product","link":"https:\/\/www.atta45.se\/e-butik\/produkt\/aura\/","title":{"rendered":"Ljus Aura (inkl soyavax)"},"content":{"rendered":"<p>Till\u00e5t dig sj\u00e4lv att vila i ett bra klimat. AURA fokuserar ljuset p\u00e5 samma s\u00e4tt som vi ska fokusera p\u00e5 oss sj\u00e4lva. Det \u00e4r d\u00e4rf\u00f6r dess b\u00e4sta \u00f6de \u00e4r intima utrymmen, som badrum eller sovrum. Denna modell fungerar perfekt som ett SPA-kampanjmedium.<\/p>\n<p>Paraffinbr\u00e4nntid: 42 timmar<br \/>Brinntid vax: 47 timmar<br \/>Veke: 1 st<\/p>\n<p>Candlesphere<\/p>\n","protected":false},"excerpt":{"rendered":"<p>Till\u00e5t dig sj\u00e4lv att vila i ett bra klimat. AURA fokuserar ljuset p\u00e5 samma s\u00e4tt som vi ska fokusera p\u00e5 oss sj\u00e4lva. Det \u00e4r d\u00e4rf\u00f6r dess b\u00e4sta \u00f6de \u00e4r intima utrymmen, som badrum eller sovrum. Denna modell fungerar perfekt som ett SPA-kampanjmedium. Paraffinbr\u00e4nntid: 42 timmarBrinntid vax: 47 timmarVeke: 1 st Candlesphere<\/p>\n","protected":false},"featured_media":17770,"template":"","meta":{"_acf_changed":false,"_seopress_robots_primary_cat":"","_seopress_titles_title":"","_seopress_titles_desc":"","_seopress_robots_index":""},"product_brand":[],"product_cat":[15],"product_tag":[],"class_list":{"0":"post-17941","1":"product","2":"type-product","3":"status-publish","4":"has-post-thumbnail","6":"product_cat-okategoriserad","7":"atta45_taxonomy-candlesphere-sv","8":"atta45_taxonomy-hem-hushall-ljus-doftset-sv","10":"first","11":"instock","12":"taxable","13":"shipping-taxable","14":"purchasable","15":"product-type-variable"},"acf":[],"_links":{"self":[{"href":"https:\/\/www.atta45.se\/e-butik\/wp-json\/wp\/v2\/product\/17941","targetHints":{"allow":["GET"]}}],"collection":[{"href":"https:\/\/www.atta45.se\/e-butik\/wp-json\/wp\/v2\/product"}],"about":[{"href":"https:\/\/www.atta45.se\/e-butik\/wp-json\/wp\/v2\/types\/product"}],"wp:featuredmedia":[{"embeddable":true,"href":"https:\/\/www.atta45.se\/e-butik\/wp-json\/wp\/v2\/media\/17770"}],"wp:attachment":[{"href":"https:\/\/www.atta45.se\/e-butik\/wp-json\/wp\/v2\/media?parent=17941"}],"wp:term":[{"taxonomy":"product_brand","embeddable":true,"href":"https:\/\/www.atta45.se\/e-butik\/wp-json\/wp\/v2\/product_brand?post=17941"},{"taxonomy":"product_cat","embeddable":true,"href":"https:\/\/www.atta45.se\/e-butik\/wp-json\/wp\/v2\/product_cat?post=17941"},{"taxonomy":"product_tag","embeddable":true,"href":"https:\/\/www.atta45.se\/e-butik\/wp-json\/wp\/v2\/product_tag?post=17941"}],"curies":[{"name":"wp","href":"https:\/\/api.w.org\/{rel}","templated":true}]}}