{"id":17935,"date":"2024-12-26T14:22:15","date_gmt":"2024-12-26T13:22:15","guid":{"rendered":"https:\/\/www.atta45.se\/e-butik\/?post_type=product&#038;p=17935"},"modified":"2025-10-27T19:03:03","modified_gmt":"2025-10-27T18:03:03","slug":"wizard","status":"publish","type":"product","link":"https:\/\/www.atta45.se\/e-butik\/produkt\/wizard\/","title":{"rendered":"Ljus Wizard (inkl soyavax)"},"content":{"rendered":"<p>Vackra ljus med en modern form kommer att l\u00e4gga magi till alla rum.<br \/>En modern form kombinerad med personalisering kommer att charma b\u00e5de dig och alla du bjuder in till ditt magiska h\u00f6rn.<br \/>Detta lilla designelement p\u00e5 ditt kontor, l\u00e4genhet eller arbetsrum kommer verkligen inte att g\u00e5 obem\u00e4rkt f\u00f6rbi, det kommer att l\u00e4gga till stil och elegans till det.<\/p>\n<p>Paraffinbr\u00e4nningstid: 41 timmar<br \/>Brinntid vax: 40 timmar<br \/>Veke: 1 st<\/p>\n<p>Candlesphere<\/p>\n","protected":false},"excerpt":{"rendered":"<p>Vackra ljus med en modern form kommer att l\u00e4gga magi till alla rum.En modern form kombinerad med personalisering kommer att charma b\u00e5de dig och alla du bjuder in till ditt magiska h\u00f6rn.Detta lilla designelement p\u00e5 ditt kontor, l\u00e4genhet eller arbetsrum kommer verkligen inte att g\u00e5 obem\u00e4rkt f\u00f6rbi, det kommer att l\u00e4gga till stil och elegans [&hellip;]<\/p>\n","protected":false},"featured_media":17750,"template":"","meta":{"_acf_changed":false,"_seopress_robots_primary_cat":"","_seopress_titles_title":"","_seopress_titles_desc":"","_seopress_robots_index":""},"product_brand":[],"product_cat":[15],"product_tag":[],"class_list":{"0":"post-17935","1":"product","2":"type-product","3":"status-publish","4":"has-post-thumbnail","6":"product_cat-okategoriserad","7":"atta45_taxonomy-candlesphere-sv","8":"atta45_taxonomy-hem-hushall-ljus-doftset-sv","10":"first","11":"instock","12":"taxable","13":"shipping-taxable","14":"purchasable","15":"product-type-variable"},"acf":[],"_links":{"self":[{"href":"https:\/\/www.atta45.se\/e-butik\/wp-json\/wp\/v2\/product\/17935","targetHints":{"allow":["GET"]}}],"collection":[{"href":"https:\/\/www.atta45.se\/e-butik\/wp-json\/wp\/v2\/product"}],"about":[{"href":"https:\/\/www.atta45.se\/e-butik\/wp-json\/wp\/v2\/types\/product"}],"wp:featuredmedia":[{"embeddable":true,"href":"https:\/\/www.atta45.se\/e-butik\/wp-json\/wp\/v2\/media\/17750"}],"wp:attachment":[{"href":"https:\/\/www.atta45.se\/e-butik\/wp-json\/wp\/v2\/media?parent=17935"}],"wp:term":[{"taxonomy":"product_brand","embeddable":true,"href":"https:\/\/www.atta45.se\/e-butik\/wp-json\/wp\/v2\/product_brand?post=17935"},{"taxonomy":"product_cat","embeddable":true,"href":"https:\/\/www.atta45.se\/e-butik\/wp-json\/wp\/v2\/product_cat?post=17935"},{"taxonomy":"product_tag","embeddable":true,"href":"https:\/\/www.atta45.se\/e-butik\/wp-json\/wp\/v2\/product_tag?post=17935"}],"curies":[{"name":"wp","href":"https:\/\/api.w.org\/{rel}","templated":true}]}}