{"id":17919,"date":"2024-12-26T14:21:59","date_gmt":"2024-12-26T13:21:59","guid":{"rendered":"https:\/\/www.atta45.se\/e-butik\/?post_type=product&#038;p=17919"},"modified":"2025-10-27T19:02:52","modified_gmt":"2025-10-27T18:02:52","slug":"lux-mood","status":"publish","type":"product","link":"https:\/\/www.atta45.se\/e-butik\/produkt\/lux-mood\/","title":{"rendered":"Ljus Lux (inkl soyavax)"},"content":{"rendered":"<p>En v\u00e4sentlig del av ett gott hum\u00f6r. Den enkla, klassiska LUX (Mood)-designen g\u00f6r att den \u00f6nskv\u00e4rda aromen sprids snabbt. Strax efter en minut skulle du k\u00e4nna hur doftljuset l\u00e4ttade upp. Formen p\u00e5 ljuset utformades f\u00f6r att skapa diskreta former av f\u00f6retagets identitet i deras representativa interi\u00f6rer. F\u00f6retag har ocks\u00e5 aromer. V\u00e4lj den b\u00e4sta f\u00f6r dig.<\/p>\n<p>Paraffinbr\u00e4nntid: 27\/15 timmar<br \/>Brinntid vax: 28\/11 timmar<br \/>Veke: 1 st<\/p>\n<p>Candlesphere<\/p>\n","protected":false},"excerpt":{"rendered":"<p>En v\u00e4sentlig del av ett gott hum\u00f6r. Den enkla, klassiska LUX (Mood)-designen g\u00f6r att den \u00f6nskv\u00e4rda aromen sprids snabbt. Strax efter en minut skulle du k\u00e4nna hur doftljuset l\u00e4ttade upp. Formen p\u00e5 ljuset utformades f\u00f6r att skapa diskreta former av f\u00f6retagets identitet i deras representativa interi\u00f6rer. F\u00f6retag har ocks\u00e5 aromer. V\u00e4lj den b\u00e4sta f\u00f6r dig. [&hellip;]<\/p>\n","protected":false},"featured_media":17700,"template":"","meta":{"_acf_changed":false,"_seopress_robots_primary_cat":"","_seopress_titles_title":"","_seopress_titles_desc":"","_seopress_robots_index":""},"product_brand":[],"product_cat":[15],"product_tag":[],"class_list":{"0":"post-17919","1":"product","2":"type-product","3":"status-publish","4":"has-post-thumbnail","6":"product_cat-okategoriserad","7":"atta45_taxonomy-candlesphere-sv","8":"atta45_taxonomy-hem-hushall-ljus-doftset-sv","10":"first","11":"instock","12":"taxable","13":"shipping-taxable","14":"purchasable","15":"product-type-variable"},"acf":[],"_links":{"self":[{"href":"https:\/\/www.atta45.se\/e-butik\/wp-json\/wp\/v2\/product\/17919","targetHints":{"allow":["GET"]}}],"collection":[{"href":"https:\/\/www.atta45.se\/e-butik\/wp-json\/wp\/v2\/product"}],"about":[{"href":"https:\/\/www.atta45.se\/e-butik\/wp-json\/wp\/v2\/types\/product"}],"wp:featuredmedia":[{"embeddable":true,"href":"https:\/\/www.atta45.se\/e-butik\/wp-json\/wp\/v2\/media\/17700"}],"wp:attachment":[{"href":"https:\/\/www.atta45.se\/e-butik\/wp-json\/wp\/v2\/media?parent=17919"}],"wp:term":[{"taxonomy":"product_brand","embeddable":true,"href":"https:\/\/www.atta45.se\/e-butik\/wp-json\/wp\/v2\/product_brand?post=17919"},{"taxonomy":"product_cat","embeddable":true,"href":"https:\/\/www.atta45.se\/e-butik\/wp-json\/wp\/v2\/product_cat?post=17919"},{"taxonomy":"product_tag","embeddable":true,"href":"https:\/\/www.atta45.se\/e-butik\/wp-json\/wp\/v2\/product_tag?post=17919"}],"curies":[{"name":"wp","href":"https:\/\/api.w.org\/{rel}","templated":true}]}}