{"id":17909,"date":"2024-12-26T14:21:52","date_gmt":"2024-12-26T13:21:52","guid":{"rendered":"https:\/\/www.atta45.se\/e-butik\/?post_type=product&#038;p=17909"},"modified":"2025-10-27T19:02:39","modified_gmt":"2025-10-27T18:02:39","slug":"elipse","status":"publish","type":"product","link":"https:\/\/www.atta45.se\/e-butik\/produkt\/elipse\/","title":{"rendered":"Ljus Elipse (inkl soyavax)"},"content":{"rendered":"<p>De s\u00e4ger att det som h\u00e4nder det h\u00e4nder. Vi erbjuder dig ett s\u00e4tt f\u00f6r dina mest v\u00e4rdefulla id\u00e9er och b\u00e4sta minnen att alltid komma tillbaka n\u00e4r du beh\u00f6ver dem. Eclipse &#8211; n\u00e4sta modell som vi presenterar dig.<\/p>\n<p>Paraffinbr\u00e4nntid: 10 (60 ml) \/ 20 (120 ml) timmar<br \/>Brinntid vax: 6 (60ml) \/ (120ml) 14 timmar<br \/>Veke: 1 st<\/p>\n<p>Candlesphere<\/p>\n","protected":false},"excerpt":{"rendered":"<p>De s\u00e4ger att det som h\u00e4nder det h\u00e4nder. Vi erbjuder dig ett s\u00e4tt f\u00f6r dina mest v\u00e4rdefulla id\u00e9er och b\u00e4sta minnen att alltid komma tillbaka n\u00e4r du beh\u00f6ver dem. Eclipse &#8211; n\u00e4sta modell som vi presenterar dig. Paraffinbr\u00e4nntid: 10 (60 ml) \/ 20 (120 ml) timmarBrinntid vax: 6 (60ml) \/ (120ml) 14 timmarVeke: 1 st [&hellip;]<\/p>\n","protected":false},"featured_media":17674,"template":"","meta":{"_acf_changed":false,"_seopress_robots_primary_cat":"","_seopress_titles_title":"","_seopress_titles_desc":"","_seopress_robots_index":""},"product_brand":[],"product_cat":[15],"product_tag":[],"class_list":{"0":"post-17909","1":"product","2":"type-product","3":"status-publish","4":"has-post-thumbnail","6":"product_cat-okategoriserad","7":"atta45_taxonomy-candlesphere-sv","8":"atta45_taxonomy-hem-hushall-ljus-doftset-sv","10":"first","11":"instock","12":"taxable","13":"shipping-taxable","14":"purchasable","15":"product-type-variable"},"acf":[],"_links":{"self":[{"href":"https:\/\/www.atta45.se\/e-butik\/wp-json\/wp\/v2\/product\/17909","targetHints":{"allow":["GET"]}}],"collection":[{"href":"https:\/\/www.atta45.se\/e-butik\/wp-json\/wp\/v2\/product"}],"about":[{"href":"https:\/\/www.atta45.se\/e-butik\/wp-json\/wp\/v2\/types\/product"}],"wp:featuredmedia":[{"embeddable":true,"href":"https:\/\/www.atta45.se\/e-butik\/wp-json\/wp\/v2\/media\/17674"}],"wp:attachment":[{"href":"https:\/\/www.atta45.se\/e-butik\/wp-json\/wp\/v2\/media?parent=17909"}],"wp:term":[{"taxonomy":"product_brand","embeddable":true,"href":"https:\/\/www.atta45.se\/e-butik\/wp-json\/wp\/v2\/product_brand?post=17909"},{"taxonomy":"product_cat","embeddable":true,"href":"https:\/\/www.atta45.se\/e-butik\/wp-json\/wp\/v2\/product_cat?post=17909"},{"taxonomy":"product_tag","embeddable":true,"href":"https:\/\/www.atta45.se\/e-butik\/wp-json\/wp\/v2\/product_tag?post=17909"}],"curies":[{"name":"wp","href":"https:\/\/api.w.org\/{rel}","templated":true}]}}