{"id":17903,"date":"2024-12-26T14:21:48","date_gmt":"2024-12-26T13:21:48","guid":{"rendered":"https:\/\/www.atta45.se\/e-butik\/?post_type=product&#038;p=17903"},"modified":"2025-10-27T19:02:24","modified_gmt":"2025-10-27T18:02:24","slug":"astro-space","status":"publish","type":"product","link":"https:\/\/www.atta45.se\/e-butik\/produkt\/astro-space\/","title":{"rendered":"Ljus Astro (inkl soyavax)"},"content":{"rendered":"<p>Idealisk del av ditt personliga utrymme. Diskret storlek p\u00e5 ljuset kommer inte att st\u00f6ra n\u00e5gon inne p\u00e5 kontoret. Justera r\u00e4tt arom. Denna design fungerar perfekt p\u00e5 kontor och konsultf\u00f6retag. Ekonomisk inredning kommer att l\u00e4tta upp av glans och arom. F\u00f6rutom doften och f\u00e4rgen p\u00e5 ljuset \u00e4r \u00f6gonblicket n\u00e4r vi t\u00e4nder det ocks\u00e5 avg\u00f6rande.<\/p>\n<p>Paraffinbr\u00e4nntid: 26 timmar<br \/>Brinntid vax: 17 timmar<br \/>Veke: 1 st<\/p>\n<p>Candlesphere<\/p>\n","protected":false},"excerpt":{"rendered":"<p>Idealisk del av ditt personliga utrymme. Diskret storlek p\u00e5 ljuset kommer inte att st\u00f6ra n\u00e5gon inne p\u00e5 kontoret. Justera r\u00e4tt arom. Denna design fungerar perfekt p\u00e5 kontor och konsultf\u00f6retag. Ekonomisk inredning kommer att l\u00e4tta upp av glans och arom. F\u00f6rutom doften och f\u00e4rgen p\u00e5 ljuset \u00e4r \u00f6gonblicket n\u00e4r vi t\u00e4nder det ocks\u00e5 avg\u00f6rande. Paraffinbr\u00e4nntid: 26 [&hellip;]<\/p>\n","protected":false},"featured_media":17654,"template":"","meta":{"_acf_changed":false,"_seopress_robots_primary_cat":"","_seopress_titles_title":"","_seopress_titles_desc":"","_seopress_robots_index":""},"product_brand":[],"product_cat":[15],"product_tag":[],"class_list":{"0":"post-17903","1":"product","2":"type-product","3":"status-publish","4":"has-post-thumbnail","6":"product_cat-okategoriserad","7":"atta45_taxonomy-candlesphere-sv","8":"atta45_taxonomy-hem-hushall-ljus-doftset-sv","10":"first","11":"instock","12":"taxable","13":"shipping-taxable","14":"purchasable","15":"product-type-variable"},"acf":[],"_links":{"self":[{"href":"https:\/\/www.atta45.se\/e-butik\/wp-json\/wp\/v2\/product\/17903","targetHints":{"allow":["GET"]}}],"collection":[{"href":"https:\/\/www.atta45.se\/e-butik\/wp-json\/wp\/v2\/product"}],"about":[{"href":"https:\/\/www.atta45.se\/e-butik\/wp-json\/wp\/v2\/types\/product"}],"wp:featuredmedia":[{"embeddable":true,"href":"https:\/\/www.atta45.se\/e-butik\/wp-json\/wp\/v2\/media\/17654"}],"wp:attachment":[{"href":"https:\/\/www.atta45.se\/e-butik\/wp-json\/wp\/v2\/media?parent=17903"}],"wp:term":[{"taxonomy":"product_brand","embeddable":true,"href":"https:\/\/www.atta45.se\/e-butik\/wp-json\/wp\/v2\/product_brand?post=17903"},{"taxonomy":"product_cat","embeddable":true,"href":"https:\/\/www.atta45.se\/e-butik\/wp-json\/wp\/v2\/product_cat?post=17903"},{"taxonomy":"product_tag","embeddable":true,"href":"https:\/\/www.atta45.se\/e-butik\/wp-json\/wp\/v2\/product_tag?post=17903"}],"curies":[{"name":"wp","href":"https:\/\/api.w.org\/{rel}","templated":true}]}}