{"id":17875,"date":"2024-12-26T14:21:31","date_gmt":"2024-12-26T13:21:31","guid":{"rendered":"https:\/\/www.atta45.se\/e-butik\/?post_type=product&#038;p=17875"},"modified":"2025-10-27T19:02:10","modified_gmt":"2025-10-27T18:02:10","slug":"cube","status":"publish","type":"product","link":"https:\/\/www.atta45.se\/e-butik\/produkt\/cube\/","title":{"rendered":"Ljus Cube (inkl soyavax)"},"content":{"rendered":"<p>Till\u00e5t dig sj\u00e4lv att tillbringa en stund bland dessa aromatiska intryck. Skapa ditt privata utrymme d\u00e4r dina tankar skulle l\u00e4tta fr\u00e5n vardagens kaos. Utforska hemligheterna med v\u00e5r nya modell CUBE.<\/p>\n<p>Paraffinbr\u00e4nningstid: 19\/26\/40 timmar<br \/>Brinntid vax: 16\/30\/33 timmar<br \/>Veke: 1 st (2 st p\u00e5 600 ml)<\/p>\n<p>Candlesphere<\/p>\n","protected":false},"excerpt":{"rendered":"<p>Till\u00e5t dig sj\u00e4lv att tillbringa en stund bland dessa aromatiska intryck. Skapa ditt privata utrymme d\u00e4r dina tankar skulle l\u00e4tta fr\u00e5n vardagens kaos. Utforska hemligheterna med v\u00e5r nya modell CUBE. Paraffinbr\u00e4nningstid: 19\/26\/40 timmarBrinntid vax: 16\/30\/33 timmarVeke: 1 st (2 st p\u00e5 600 ml) Candlesphere<\/p>\n","protected":false},"featured_media":17578,"template":"","meta":{"_acf_changed":false,"_seopress_robots_primary_cat":"","_seopress_titles_title":"","_seopress_titles_desc":"","_seopress_robots_index":""},"product_brand":[],"product_cat":[15],"product_tag":[],"class_list":{"0":"post-17875","1":"product","2":"type-product","3":"status-publish","4":"has-post-thumbnail","6":"product_cat-okategoriserad","7":"atta45_taxonomy-candlesphere-sv","8":"atta45_taxonomy-hem-hushall-ljus-doftset-sv","10":"first","11":"instock","12":"taxable","13":"shipping-taxable","14":"purchasable","15":"product-type-variable"},"acf":[],"_links":{"self":[{"href":"https:\/\/www.atta45.se\/e-butik\/wp-json\/wp\/v2\/product\/17875","targetHints":{"allow":["GET"]}}],"collection":[{"href":"https:\/\/www.atta45.se\/e-butik\/wp-json\/wp\/v2\/product"}],"about":[{"href":"https:\/\/www.atta45.se\/e-butik\/wp-json\/wp\/v2\/types\/product"}],"wp:featuredmedia":[{"embeddable":true,"href":"https:\/\/www.atta45.se\/e-butik\/wp-json\/wp\/v2\/media\/17578"}],"wp:attachment":[{"href":"https:\/\/www.atta45.se\/e-butik\/wp-json\/wp\/v2\/media?parent=17875"}],"wp:term":[{"taxonomy":"product_brand","embeddable":true,"href":"https:\/\/www.atta45.se\/e-butik\/wp-json\/wp\/v2\/product_brand?post=17875"},{"taxonomy":"product_cat","embeddable":true,"href":"https:\/\/www.atta45.se\/e-butik\/wp-json\/wp\/v2\/product_cat?post=17875"},{"taxonomy":"product_tag","embeddable":true,"href":"https:\/\/www.atta45.se\/e-butik\/wp-json\/wp\/v2\/product_tag?post=17875"}],"curies":[{"name":"wp","href":"https:\/\/api.w.org\/{rel}","templated":true}]}}