{"id":17869,"date":"2024-12-26T14:21:26","date_gmt":"2024-12-26T13:21:26","guid":{"rendered":"https:\/\/www.atta45.se\/e-butik\/?post_type=product&#038;p=17869"},"modified":"2025-10-27T19:01:58","modified_gmt":"2025-10-27T18:01:58","slug":"ray","status":"publish","type":"product","link":"https:\/\/www.atta45.se\/e-butik\/produkt\/ray\/","title":{"rendered":"Ljus Ray (inkl soyavax)"},"content":{"rendered":"<p>Till och med ett levande ljus kan bli en str\u00e5le av hopp, v\u00e4nskap, avkoppling&#8230; Ljusstr\u00e5larna i denna ljusmodell sprider sig brett och lyser upp interi\u00f6ren p\u00e5 ett j\u00e4mst\u00e4llt s\u00e4tt. RAY passar perfekt med de traditionella formerna av serviser placerade p\u00e5 ett ovalt bord.<\/p>\n<p>Paraffinbr\u00e4nningstid: 24 timmar<br \/>Brinntid vax: 19 timmar<br \/>Veke: 1 st<\/p>\n<p>Candlesphere<\/p>\n","protected":false},"excerpt":{"rendered":"<p>Till och med ett levande ljus kan bli en str\u00e5le av hopp, v\u00e4nskap, avkoppling&#8230; Ljusstr\u00e5larna i denna ljusmodell sprider sig brett och lyser upp interi\u00f6ren p\u00e5 ett j\u00e4mst\u00e4llt s\u00e4tt. RAY passar perfekt med de traditionella formerna av serviser placerade p\u00e5 ett ovalt bord. Paraffinbr\u00e4nningstid: 24 timmarBrinntid vax: 19 timmarVeke: 1 st Candlesphere<\/p>\n","protected":false},"featured_media":17560,"template":"","meta":{"_acf_changed":false,"_seopress_robots_primary_cat":"","_seopress_titles_title":"","_seopress_titles_desc":"","_seopress_robots_index":""},"product_brand":[],"product_cat":[15],"product_tag":[],"class_list":{"0":"post-17869","1":"product","2":"type-product","3":"status-publish","4":"has-post-thumbnail","6":"product_cat-okategoriserad","7":"atta45_taxonomy-candlesphere-sv","8":"atta45_taxonomy-hem-hushall-ljus-doftset-sv","10":"first","11":"instock","12":"taxable","13":"shipping-taxable","14":"purchasable","15":"product-type-variable"},"acf":[],"_links":{"self":[{"href":"https:\/\/www.atta45.se\/e-butik\/wp-json\/wp\/v2\/product\/17869","targetHints":{"allow":["GET"]}}],"collection":[{"href":"https:\/\/www.atta45.se\/e-butik\/wp-json\/wp\/v2\/product"}],"about":[{"href":"https:\/\/www.atta45.se\/e-butik\/wp-json\/wp\/v2\/types\/product"}],"wp:featuredmedia":[{"embeddable":true,"href":"https:\/\/www.atta45.se\/e-butik\/wp-json\/wp\/v2\/media\/17560"}],"wp:attachment":[{"href":"https:\/\/www.atta45.se\/e-butik\/wp-json\/wp\/v2\/media?parent=17869"}],"wp:term":[{"taxonomy":"product_brand","embeddable":true,"href":"https:\/\/www.atta45.se\/e-butik\/wp-json\/wp\/v2\/product_brand?post=17869"},{"taxonomy":"product_cat","embeddable":true,"href":"https:\/\/www.atta45.se\/e-butik\/wp-json\/wp\/v2\/product_cat?post=17869"},{"taxonomy":"product_tag","embeddable":true,"href":"https:\/\/www.atta45.se\/e-butik\/wp-json\/wp\/v2\/product_tag?post=17869"}],"curies":[{"name":"wp","href":"https:\/\/api.w.org\/{rel}","templated":true}]}}