{"id":17857,"date":"2024-12-26T14:21:16","date_gmt":"2024-12-26T13:21:16","guid":{"rendered":"https:\/\/www.atta45.se\/e-butik\/?post_type=product&#038;p=17857"},"modified":"2025-10-27T19:01:34","modified_gmt":"2025-10-27T18:01:34","slug":"ambience","status":"publish","type":"product","link":"https:\/\/www.atta45.se\/e-butik\/produkt\/ambience\/","title":{"rendered":"Ljus Ambience (inkl soyavax)"},"content":{"rendered":"<p>En av grunderna f\u00f6r ett v\u00e4lm\u00e5ende f\u00f6retag \u00e4r en god st\u00e4mning bland medarbetare inom f\u00f6retagets v\u00e4ggar. Ett givet m\u00e5l kan uppn\u00e5s inte bara snabbare, utan i en v\u00e4nlig milj\u00f6. V\u00e5rt ljus AMBIENCE \u00e4r ett idealiskt st\u00f6d f\u00f6r en s\u00e5dan atmosf\u00e4r.<\/p>\n<p>Paraffinbr\u00e4nningstid: 35 timmar<br \/>Brinntid vax: 37 timmar<br \/>Veke: 1 st<\/p>\n<p>Candlesphere<\/p>\n","protected":false},"excerpt":{"rendered":"<p>En av grunderna f\u00f6r ett v\u00e4lm\u00e5ende f\u00f6retag \u00e4r en god st\u00e4mning bland medarbetare inom f\u00f6retagets v\u00e4ggar. Ett givet m\u00e5l kan uppn\u00e5s inte bara snabbare, utan i en v\u00e4nlig milj\u00f6. V\u00e5rt ljus AMBIENCE \u00e4r ett idealiskt st\u00f6d f\u00f6r en s\u00e5dan atmosf\u00e4r. Paraffinbr\u00e4nningstid: 35 timmarBrinntid vax: 37 timmarVeke: 1 st Candlesphere<\/p>\n","protected":false},"featured_media":17516,"template":"","meta":{"_acf_changed":false,"_seopress_robots_primary_cat":"","_seopress_titles_title":"","_seopress_titles_desc":"","_seopress_robots_index":""},"product_brand":[],"product_cat":[15],"product_tag":[],"class_list":{"0":"post-17857","1":"product","2":"type-product","3":"status-publish","4":"has-post-thumbnail","6":"product_cat-okategoriserad","7":"atta45_taxonomy-candlesphere-sv","8":"atta45_taxonomy-hem-hushall-ljus-doftset-sv","10":"first","11":"instock","12":"taxable","13":"shipping-taxable","14":"purchasable","15":"product-type-variable"},"acf":[],"_links":{"self":[{"href":"https:\/\/www.atta45.se\/e-butik\/wp-json\/wp\/v2\/product\/17857","targetHints":{"allow":["GET"]}}],"collection":[{"href":"https:\/\/www.atta45.se\/e-butik\/wp-json\/wp\/v2\/product"}],"about":[{"href":"https:\/\/www.atta45.se\/e-butik\/wp-json\/wp\/v2\/types\/product"}],"wp:featuredmedia":[{"embeddable":true,"href":"https:\/\/www.atta45.se\/e-butik\/wp-json\/wp\/v2\/media\/17516"}],"wp:attachment":[{"href":"https:\/\/www.atta45.se\/e-butik\/wp-json\/wp\/v2\/media?parent=17857"}],"wp:term":[{"taxonomy":"product_brand","embeddable":true,"href":"https:\/\/www.atta45.se\/e-butik\/wp-json\/wp\/v2\/product_brand?post=17857"},{"taxonomy":"product_cat","embeddable":true,"href":"https:\/\/www.atta45.se\/e-butik\/wp-json\/wp\/v2\/product_cat?post=17857"},{"taxonomy":"product_tag","embeddable":true,"href":"https:\/\/www.atta45.se\/e-butik\/wp-json\/wp\/v2\/product_tag?post=17857"}],"curies":[{"name":"wp","href":"https:\/\/api.w.org\/{rel}","templated":true}]}}