{"id":17851,"date":"2024-12-26T14:21:11","date_gmt":"2024-12-26T13:21:11","guid":{"rendered":"https:\/\/www.atta45.se\/e-butik\/?post_type=product&#038;p=17851"},"modified":"2025-10-27T19:01:21","modified_gmt":"2025-10-27T18:01:21","slug":"romantic","status":"publish","type":"product","link":"https:\/\/www.atta45.se\/e-butik\/produkt\/romantic\/","title":{"rendered":"Ljus Romantic (inkl soyavax)"},"content":{"rendered":"<p>I m\u00e5nga f\u00f6retag s\u00e4ger de att det inte finns plats f\u00f6r n\u00e5got k\u00e4nsloliv p\u00e5 jobbet. V\u00e5rt ljus ROMANTIC tar dock inte mycket plats. Det skapar en plats f\u00f6r v\u00e5ra n\u00e4rmaste i v\u00e5ra sinnen och v\u00e5ra hj\u00e4rtan.<\/p>\n<p>Paraffinbr\u00e4nningstid: 28 timmar<br \/>Brinntid vax: 29 timmar<br \/>Veke: 1 st<\/p>\n<p>Candlesphere<\/p>\n","protected":false},"excerpt":{"rendered":"<p>I m\u00e5nga f\u00f6retag s\u00e4ger de att det inte finns plats f\u00f6r n\u00e5got k\u00e4nsloliv p\u00e5 jobbet. V\u00e5rt ljus ROMANTIC tar dock inte mycket plats. Det skapar en plats f\u00f6r v\u00e5ra n\u00e4rmaste i v\u00e5ra sinnen och v\u00e5ra hj\u00e4rtan. Paraffinbr\u00e4nningstid: 28 timmarBrinntid vax: 29 timmarVeke: 1 st Candlesphere<\/p>\n","protected":false},"featured_media":17500,"template":"","meta":{"_acf_changed":false,"_seopress_robots_primary_cat":"","_seopress_titles_title":"","_seopress_titles_desc":"","_seopress_robots_index":""},"product_brand":[],"product_cat":[15],"product_tag":[],"class_list":{"0":"post-17851","1":"product","2":"type-product","3":"status-publish","4":"has-post-thumbnail","6":"product_cat-okategoriserad","7":"atta45_taxonomy-candlesphere-sv","8":"atta45_taxonomy-hem-hushall-ljus-doftset-sv","10":"first","11":"instock","12":"taxable","13":"shipping-taxable","14":"purchasable","15":"product-type-variable"},"acf":[],"_links":{"self":[{"href":"https:\/\/www.atta45.se\/e-butik\/wp-json\/wp\/v2\/product\/17851","targetHints":{"allow":["GET"]}}],"collection":[{"href":"https:\/\/www.atta45.se\/e-butik\/wp-json\/wp\/v2\/product"}],"about":[{"href":"https:\/\/www.atta45.se\/e-butik\/wp-json\/wp\/v2\/types\/product"}],"wp:featuredmedia":[{"embeddable":true,"href":"https:\/\/www.atta45.se\/e-butik\/wp-json\/wp\/v2\/media\/17500"}],"wp:attachment":[{"href":"https:\/\/www.atta45.se\/e-butik\/wp-json\/wp\/v2\/media?parent=17851"}],"wp:term":[{"taxonomy":"product_brand","embeddable":true,"href":"https:\/\/www.atta45.se\/e-butik\/wp-json\/wp\/v2\/product_brand?post=17851"},{"taxonomy":"product_cat","embeddable":true,"href":"https:\/\/www.atta45.se\/e-butik\/wp-json\/wp\/v2\/product_cat?post=17851"},{"taxonomy":"product_tag","embeddable":true,"href":"https:\/\/www.atta45.se\/e-butik\/wp-json\/wp\/v2\/product_tag?post=17851"}],"curies":[{"name":"wp","href":"https:\/\/api.w.org\/{rel}","templated":true}]}}