{"id":17839,"date":"2024-12-26T14:20:58","date_gmt":"2024-12-26T13:20:58","guid":{"rendered":"https:\/\/www.atta45.se\/e-butik\/?post_type=product&#038;p=17839"},"modified":"2025-10-27T19:00:56","modified_gmt":"2025-10-27T18:00:56","slug":"lumena-dream","status":"publish","type":"product","link":"https:\/\/www.atta45.se\/e-butik\/produkt\/lumena-dream\/","title":{"rendered":"Ljus Lumena (inkl soyavax)"},"content":{"rendered":"<p>Det g\u00f6r m\u00e5nga dr\u00f6mmar l\u00e4tta att uppn\u00e5. Vi rekommenderar denna design till arbetsmilj\u00f6er d\u00e4r kollegast\u00f6d \u00e4r viktigt, samt empati mot medlemmarna i arbetslaget. LUMENA (Dream)-designen passar perfekt som en present till\u00e4gnad aff\u00e4rspartners.<\/p>\n<p>Paraffinbrinntid: 31 timmar<br \/>Brinntid vax: 30 timmar<br \/>Veke: 1 st<\/p>\n<p>Candlesphere<\/p>\n","protected":false},"excerpt":{"rendered":"<p>Det g\u00f6r m\u00e5nga dr\u00f6mmar l\u00e4tta att uppn\u00e5. Vi rekommenderar denna design till arbetsmilj\u00f6er d\u00e4r kollegast\u00f6d \u00e4r viktigt, samt empati mot medlemmarna i arbetslaget. LUMENA (Dream)-designen passar perfekt som en present till\u00e4gnad aff\u00e4rspartners. Paraffinbrinntid: 31 timmarBrinntid vax: 30 timmarVeke: 1 st Candlesphere<\/p>\n","protected":false},"featured_media":17446,"template":"","meta":{"_acf_changed":false,"_seopress_robots_primary_cat":"","_seopress_titles_title":"","_seopress_titles_desc":"","_seopress_robots_index":""},"product_brand":[],"product_cat":[15],"product_tag":[],"class_list":{"0":"post-17839","1":"product","2":"type-product","3":"status-publish","4":"has-post-thumbnail","6":"product_cat-okategoriserad","7":"atta45_taxonomy-candlesphere-sv","8":"atta45_taxonomy-hem-hushall-ljus-doftset-sv","10":"first","11":"instock","12":"taxable","13":"shipping-taxable","14":"purchasable","15":"product-type-variable"},"acf":[],"_links":{"self":[{"href":"https:\/\/www.atta45.se\/e-butik\/wp-json\/wp\/v2\/product\/17839","targetHints":{"allow":["GET"]}}],"collection":[{"href":"https:\/\/www.atta45.se\/e-butik\/wp-json\/wp\/v2\/product"}],"about":[{"href":"https:\/\/www.atta45.se\/e-butik\/wp-json\/wp\/v2\/types\/product"}],"wp:featuredmedia":[{"embeddable":true,"href":"https:\/\/www.atta45.se\/e-butik\/wp-json\/wp\/v2\/media\/17446"}],"wp:attachment":[{"href":"https:\/\/www.atta45.se\/e-butik\/wp-json\/wp\/v2\/media?parent=17839"}],"wp:term":[{"taxonomy":"product_brand","embeddable":true,"href":"https:\/\/www.atta45.se\/e-butik\/wp-json\/wp\/v2\/product_brand?post=17839"},{"taxonomy":"product_cat","embeddable":true,"href":"https:\/\/www.atta45.se\/e-butik\/wp-json\/wp\/v2\/product_cat?post=17839"},{"taxonomy":"product_tag","embeddable":true,"href":"https:\/\/www.atta45.se\/e-butik\/wp-json\/wp\/v2\/product_tag?post=17839"}],"curies":[{"name":"wp","href":"https:\/\/api.w.org\/{rel}","templated":true}]}}