{"id":17821,"date":"2024-12-26T14:20:02","date_gmt":"2024-12-26T13:20:02","guid":{"rendered":"https:\/\/www.atta45.se\/e-butik\/?post_type=product&#038;p=17821"},"modified":"2025-10-27T18:00:57","modified_gmt":"2025-10-27T17:00:57","slug":"manschettknappar-polen","status":"publish","type":"product","link":"https:\/\/www.atta45.se\/e-butik\/produkt\/manschettknappar-polen\/","title":{"rendered":"Manschettknappar (Polen)"},"content":{"rendered":"<p>Manschettknappar med den Polska flaggan. Tillverkade i exklusiv mjukemalj med en silverpl\u00e4tering som ramar in flaggan. Till denna produkt finns \u00e4ven en matchande slipskl\u00e4mma. Varf\u00f6r inte v\u00e4lja att leverera dem i en snygg och v\u00e4rdeh\u00f6jande presentask?<\/p>\n","protected":false},"excerpt":{"rendered":"<p>Manschettknappar med den Polska flaggan. Tillverkade i exklusiv mjukemalj med en silverpl\u00e4tering som ramar in flaggan. Till denna produkt finns \u00e4ven en matchande slipskl\u00e4mma. Varf\u00f6r inte v\u00e4lja att leverera dem i en snygg och v\u00e4rdeh\u00f6jande presentask?<\/p>\n","protected":false},"featured_media":17822,"template":"","meta":{"_acf_changed":false,"_seopress_robots_primary_cat":"","_seopress_titles_title":"","_seopress_titles_desc":"","_seopress_robots_index":""},"product_brand":[],"product_cat":[15],"product_tag":[],"class_list":{"0":"post-17821","1":"product","2":"type-product","3":"status-publish","4":"has-post-thumbnail","6":"product_cat-okategoriserad","7":"atta45_taxonomy-accessoarer-manschettknappar-sv","8":"atta45_taxonomy-tema-inspiration-varumarken-ycp-sv","10":"first","11":"instock","12":"taxable","13":"shipping-taxable","14":"purchasable","15":"product-type-variable"},"acf":[],"_links":{"self":[{"href":"https:\/\/www.atta45.se\/e-butik\/wp-json\/wp\/v2\/product\/17821","targetHints":{"allow":["GET"]}}],"collection":[{"href":"https:\/\/www.atta45.se\/e-butik\/wp-json\/wp\/v2\/product"}],"about":[{"href":"https:\/\/www.atta45.se\/e-butik\/wp-json\/wp\/v2\/types\/product"}],"wp:featuredmedia":[{"embeddable":true,"href":"https:\/\/www.atta45.se\/e-butik\/wp-json\/wp\/v2\/media\/17822"}],"wp:attachment":[{"href":"https:\/\/www.atta45.se\/e-butik\/wp-json\/wp\/v2\/media?parent=17821"}],"wp:term":[{"taxonomy":"product_brand","embeddable":true,"href":"https:\/\/www.atta45.se\/e-butik\/wp-json\/wp\/v2\/product_brand?post=17821"},{"taxonomy":"product_cat","embeddable":true,"href":"https:\/\/www.atta45.se\/e-butik\/wp-json\/wp\/v2\/product_cat?post=17821"},{"taxonomy":"product_tag","embeddable":true,"href":"https:\/\/www.atta45.se\/e-butik\/wp-json\/wp\/v2\/product_tag?post=17821"}],"curies":[{"name":"wp","href":"https:\/\/api.w.org\/{rel}","templated":true}]}}