{"id":1635,"date":"2019-11-21T12:23:20","date_gmt":"2019-11-21T11:23:20","guid":{"rendered":"https:\/\/flipptryck.a-demo.se\/?post_type=product&#038;p=1635"},"modified":"2025-12-11T22:34:47","modified_gmt":"2025-12-11T21:34:47","slug":"broschyr","status":"publish","type":"product","link":"https:\/\/www.atta45.se\/e-butik\/produkt\/broschyr\/","title":{"rendered":"Broschyr"},"content":{"rendered":"","protected":false},"excerpt":{"rendered":"<h1>Best\u00e4lla broschyr som f\u00e5ngar kunden<\/h1>\n<p>Den digitala eran i all \u00e4ra men det \u00e4r f\u00e5 saker som sl\u00e5r en snygg broschyr med ett effektfullt omslag. Och n\u00e4r man tar broschyren i sin hand och bl\u00e4ddrar i den skapas en emotionell upplevelse till inneh\u00e5llet. F\u00e4rger, bilder, typsnitt, effekter, papperskvalitet \u2013 allt detta p\u00e5verkar l\u00e4saren. En broschyr eller katalog \u00e4r d\u00e4rf\u00f6r ett effektivt s\u00e4tt att locka eller informera kunder.<\/p>\n<p>Vi p\u00e5 \u00c5tta45 har m\u00e5nga \u00e5rs erfarenhet av att trycka reklambroschyrer, tidningar, tidskrifter, magasin och kataloger. Broschyrer trycks inte bara i reklamsyfte utan \u00e4ven f\u00f6r att sprida information, det kan vara allt fr\u00e5n \u00e5rsredovisningar och interna branschtidningar till kundtidningar och programblad.<\/p>\n<p>Har du fr\u00e5gor n\u00e5r du oss snabbt via chattfunktionen l\u00e4ngst ner till h\u00f6ger p\u00e5 den h\u00e4r sidan.<\/p>\n<p>V\u00e5r e-handel inneh\u00e5ller en m\u00e4ngd produktsidor. Hittar du inte det du s\u00f6ker kan du enkelt beg\u00e4ra en offert via knappen nedan. Vi svarar snabbt och ger dig den support du beh\u00f6ver.<br \/>\n<a href=\"https:\/\/www.atta45.se\/e-butik\/offert\/\"><strong>Jag vill ha en offert<\/strong><\/a><\/p>\n<h2>Broschyrer och magasin \u2013 stick ut i m\u00e4ngden med ett effektfullt omslag<\/h2>\n<p>En broschyr \u00e4r ett mycket effektfullt s\u00e4tt att signalera sitt varum\u00e4rke p\u00e5. Vill du f\u00e5 din broschyr att sticka ut lite extra och ge en exklusivare k\u00e4nsla s\u00e5 guidar vi dig g\u00e4rna. Du kan f\u00e5 tidskriftens omslag tryckt med effekter som laminering, UV-lack, stansning, foliering eller relieftryck. Omslaget kan ocks\u00e5 behandlas med en milj\u00f6v\u00e4nlig vattenbaserad lack som ger en lyxigare k\u00e4nsla och skyddar mot repor.<br \/>\n\u00c5tta45 har flera tryckerier runt om i landet och tryckeriet i J\u00e4rf\u00e4lla \u00e4r en av landets st\u00f6rsta och modernaste produktionsanl\u00e4ggningar f\u00f6r arkoffset. Vi har kapacitet att trycka broschyrer och magasin som h\u00e5ller absolut h\u00f6gsta kvalitet, b\u00e5de n\u00e4r det g\u00e4ller f\u00e4rg\u00e5tergivning och papperskvalitet.<\/p>\n<p>Vi trycker med kunden i fokus<br \/>\n\u00c5tta45 Tryckeri \u00e4r ett av Sveriges st\u00f6rsta tryckerier och vi s\u00e4tter alltid dig som kund i fr\u00e4msta rummet. Alla v\u00e5ra medarbetare \u00e4r inriktade p\u00e5 att ditt uppdrag ska hanteras s\u00e5 smidigt, enkelt och kostnadseffektivt som m\u00f6jligt. Vi vill att du ska k\u00e4nna dig trygg och omh\u00e4ndertagen och f\u00e5 den hj\u00e4lp du beh\u00f6ver.<\/p>\n<p>Du kan best\u00e4lla i princip vilken slags broschyr eller katalog som helst hos oss. Inga upplagor \u00e4r f\u00f6r sm\u00e5 eller f\u00f6r stora. Vi har den utrustning och de kompetenta medarbetare som kr\u00e4vs f\u00f6r att kunna leverera en produkt som h\u00e5ller allra h\u00f6gsta kvalitet.<\/p>\n<h2>Vi tummar aldrig p\u00e5 kvaliteten<\/h2>\n<p>Att leverera h\u00f6gsta kvalitet g\u00e5ng p\u00e5 g\u00e5ng kr\u00e4ver engagemang. Vi arbetar h\u00e5rt med att kvalitetss\u00e4kra hela v\u00e5r tillverkningsprocess. Vi har varit med sedan 1999 och \u00e4r ett av Sveriges st\u00f6rsta grafiska f\u00f6retag. V\u00e5rt tryckeri i Stockholm \u00e4r Skandinaviens modernaste och har kapacitet att tillgodose alla dina \u00f6nskem\u00e5l.<\/p>\n<p>Vi \u00e4r certifierade enligt CGP (grafiska branschens kvalitetscertifiering) vilket s\u00e4kerst\u00e4ller att din trycksak, oavsett om det \u00e4r ett litet informationsh\u00e4fte eller en omfattande broschyr, h\u00e5ller h\u00f6gsta kvalitet.<\/p>\n<p>Hela v\u00e5r verksamhet genomsyras av ledord som omh\u00e4ndertagande, noggrannhet, kvalitet och kostnadseffektivitet.<\/p>\n<h2>Vi klimatkompenserar din broschyr eller tidskrift<\/h2>\n<p>Ett annat av v\u00e5ra starka ledord \u00e4r milj\u00f6engagemang. \u00c5tta45 Tryckeri \u00e4r det f\u00f6rsta tryckeriet i Sverige som fick licens f\u00f6r Svanen. Vill du m\u00e4rka dina trycksaker med Svanen kan du bara kontakta oss s\u00e5 f\u00f6rser vi dig med v\u00e5r Svanen-logotyp.<\/p>\n<p>Allt det vi producerar \u00e4r milj\u00f6v\u00e4nligt och har h\u00f6g \u00e5tervinningsgrad, och allt som kommer ut ur v\u00e5ra tryckpressar och som du best\u00e4ller h\u00e4r i e-butiken \u00e4r klimatkompenserat. Vi p\u00e5 \u00c5tta45 Tryckeri klimatkompenserar i samarbete med South Pole, en av v\u00e4rldens ledande utvecklare av klimatprojekt.<\/p>\n<p>Vill du m\u00e4rka trycksaken s\u00e5 att dina kunder ser att den \u00e4r milj\u00f6v\u00e4nlig? Inga problem, vi tillhandah\u00e5ller ClimateCalc-logotype med QR-kod som visar att produkten \u00e4r klimatkompenserad.<\/p>\n<p>Tryck h\u00e4r f\u00f6r instruktioner till att <a href=\"https:\/\/www.atta45.se\/wp-content\/uploads\/sites\/2\/2021\/11\/Rad_Limbindning_juni2021_web.pdf\">skapa original till omslag med limbindning.<\/a><\/p>\n<p>OBS: Vi kan endast ta emot en fil per produkt. Om ni vill ladda upp fler tryckoriginal, exemplevis omslag och inlaga, s\u00e5 skapa en mapp som ni l\u00e4gger filerna i. Sedan komprimerar ni mappen. Vi tar emot komprimerade format s\u00e5som: zip, rar, gz och 7z.<\/p>\n","protected":false},"featured_media":11626,"template":"","meta":{"_acf_changed":false,"_seopress_robots_primary_cat":"none","_seopress_titles_title":"Tryckt broschyr av h\u00f6g kvalitet till bra pris | \u00c5tta.45 Tryckeri","_seopress_titles_desc":"Tryck milj\u00f6v\u00e4nliga broschyrer p\u00e5 ett lokalt tryckeri i Sverige. Vi \u00e4r Svanen-licencierade sedan 1999! Snabb leverans till ett av marknadens vassaste erbjudande!","_seopress_robots_index":""},"product_brand":[],"product_cat":[15,98],"product_tag":[],"class_list":{"0":"post-1635","1":"product","2":"type-product","3":"status-publish","4":"has-post-thumbnail","6":"product_cat-okategoriserad","7":"product_cat-trycksaker","9":"first","10":"instock","11":"taxable","12":"shipping-taxable","13":"purchasable","14":"product-type-variable","15":"has-default-attributes"},"acf":[],"_links":{"self":[{"href":"https:\/\/www.atta45.se\/e-butik\/wp-json\/wp\/v2\/product\/1635","targetHints":{"allow":["GET"]}}],"collection":[{"href":"https:\/\/www.atta45.se\/e-butik\/wp-json\/wp\/v2\/product"}],"about":[{"href":"https:\/\/www.atta45.se\/e-butik\/wp-json\/wp\/v2\/types\/product"}],"wp:featuredmedia":[{"embeddable":true,"href":"https:\/\/www.atta45.se\/e-butik\/wp-json\/wp\/v2\/media\/11626"}],"wp:attachment":[{"href":"https:\/\/www.atta45.se\/e-butik\/wp-json\/wp\/v2\/media?parent=1635"}],"wp:term":[{"taxonomy":"product_brand","embeddable":true,"href":"https:\/\/www.atta45.se\/e-butik\/wp-json\/wp\/v2\/product_brand?post=1635"},{"taxonomy":"product_cat","embeddable":true,"href":"https:\/\/www.atta45.se\/e-butik\/wp-json\/wp\/v2\/product_cat?post=1635"},{"taxonomy":"product_tag","embeddable":true,"href":"https:\/\/www.atta45.se\/e-butik\/wp-json\/wp\/v2\/product_tag?post=1635"}],"curies":[{"name":"wp","href":"https:\/\/api.w.org\/{rel}","templated":true}]}}