{"id":1632,"date":"2019-11-21T11:22:29","date_gmt":"2019-11-21T10:22:29","guid":{"rendered":"https:\/\/flipptryck.a-demo.se\/?post_type=product&#038;p=1632"},"modified":"2025-12-11T21:31:57","modified_gmt":"2025-12-11T20:31:57","slug":"trycka-affisch","status":"publish","type":"product","link":"https:\/\/www.atta45.se\/e-butik\/produkt\/trycka-affisch\/","title":{"rendered":"Affisch"},"content":{"rendered":"","protected":false},"excerpt":{"rendered":"<h1>Best\u00e4lla poster med h\u00f6gsta kvalitet<\/h1>\n<p>P\u00e5 en m\u00e4ssa, ett evenemang eller en konsert g\u00e4ller det att synas. Man vill n\u00e5 ut med sitt varum\u00e4rke och sitt budskap. Detsamma g\u00e4ller om man driver en aff\u00e4r, butik eller biograf. Snygga, tilltalande affischer och posters \u00e4r ett m\u00e5ste.<\/p>\n<p>Hos oss kan du enkelt best\u00e4lla posters som hj\u00e4lper dig att skapa uppm\u00e4rksamhet och locka kunder. Vi p\u00e5 \u00c5tta45 \u00e4r specialister p\u00e5 alla former av grafiska tryck. Eftersom vi anv\u00e4nder b\u00e5de offset- och digitaltryck kan vi tillgodose alla dina behov, oavsett storlek p\u00e5 upplagan.<\/p>\n<p>Tack vare v\u00e5r CGP-certifiering och v\u00e5ra noggranna och kompetenta medarbetare kan vi garantera att du alltid f\u00e5r trycksaker med h\u00f6gsta kvalitet och b\u00e4sta f\u00e4rg\u00e5tergivning. \u00c5tta45 har kompetensen att trycka alla former av affischer, posters, trottoarpratare och skyltst\u00e4ll.<\/p>\n<p>Har du fr\u00e5gor n\u00e5r du oss snabbt via chattfunktionen l\u00e4ngst ner till h\u00f6ger p\u00e5 den h\u00e4r sidan.<\/p>\n<p>Hittar du inte vad du s\u00f6ker? Via l\u00e4nken kan du enkelt beg\u00e4ra en offert. Vi svarar snabbt och ger dig den support du beh\u00f6ver.<br \/>\n<a href=\"https:\/\/www.atta45.se\/e-butik\/offert\/\"><strong>Jag vill ha en offert<\/strong><\/a><\/p>\n<h2>Posters och affischer \u2013 effektiv marknadsf\u00f6ring<\/h2>\n<p>Det \u00e4r ingen tvekan om att en affisch eller poster drar till sig uppm\u00e4rksamhet. De positiva k\u00e4nslor man kan v\u00e4cka med en snyggt designad poster g\u00f6r den till en attraktiv marknadsf\u00f6ring. Man lockar kunder samtidigt som man sj\u00e4lv kan \u00e4gna sig \u00e5t sin k\u00e4rnverksamhet.<\/p>\n<h2>Posters f\u00f6r inomhus- och utomhusbruk<\/h2>\n<p>Vi p\u00e5 \u00c5tta45 har kapacitet att trycka posters och affischer i olika format och storlekar, och vi kan sj\u00e4lvklart ocks\u00e5 trycka p\u00e5 flera olika typer av material s\u00e5 att de kan anv\u00e4ndas utomhus och st\u00e5 emot regn och rusk. Vi ordnar det tryck och material som passar b\u00e4st f\u00f6r dina omst\u00e4ndigheter.<\/p>\n<p>Vi producerar snygga och kvalitativa posters som g\u00f6r att du kan n\u00e5 ut med ditt budskap och varum\u00e4rke p\u00e5 b\u00e4sta s\u00e4tt. \u00c4r du os\u00e4ker p\u00e5 vilket slags poster som passar ditt projekt eller event b\u00e4st, hj\u00e4lper vi dig g\u00e4rna.<\/p>\n<h2>Kvalitet, kundanpassning och klimat \u00e4r v\u00e5ra ledord<\/h2>\n<p>Som ett av Sveriges st\u00f6rsta tryckerier s\u00e4tter vi kunden och kvaliteten i fr\u00e4msta rummet. \u00c5tta45 \u00e4r en kvalitetscertifierad helhetsleverant\u00f6r, och vi \u00e4r det f\u00f6rsta tryckeriet i Sverige som fick licens f\u00f6r Svanen. Med gedigen erfarenhet, h\u00f6g kompetens och den senaste tekniken \u00e4r vi din sj\u00e4lvklara partner inom print och media.<\/p>\n<p>Vi arbetar l\u00f6pande med att kvalitetss\u00e4kra v\u00e5r tillverkningsprocess. Att leverera h\u00f6gsta kvalitet g\u00e5ng p\u00e5 g\u00e5ng kr\u00e4ver h\u00e5rt arbete. Vi l\u00e4mnar aldrig n\u00e5got \u00e5t slumpen utan g\u00f6r allt f\u00f6r att din kundresa ska vara s\u00e5 smidig och enkel som m\u00f6jligt. Vi vill att du som kund ska k\u00e4nna dig trygg och omh\u00e4ndertagen av den service som du f\u00e5r av v\u00e5ra medarbetare.<\/p>\n<p>Det ska vara enkelt att best\u00e4lla och dina trycksaker ska h\u00e5lla h\u00f6gsta kvalitet och levereras p\u00e5 utsatt tid.<\/p>\n<h2>Klimatkompensera din affisch eller poster<\/h2>\n<p>V\u00e5rt milj\u00f6arbete slutar aldrig att v\u00e4xa. Alla v\u00e5ra tryckprodukter \u00e4r n\u00e4rproducerade och milj\u00f6v\u00e4nliga med h\u00f6g \u00e5tervinningsgrad. Allt du best\u00e4ller h\u00e4r i v\u00e5r e-butik \u00e4r klimatkompenserat. Vi p\u00e5 \u00c5tta45 Tryckeri klimatkompenserar i samarbete med South Pole, en av v\u00e4rldens ledande utvecklare av klimatprojekt. Allt \u00e4r noga utr\u00e4knat med hj\u00e4lp av det standardiserade ber\u00e4kningsverktyget ClimateCalc.<\/p>\n<p>Sj\u00e4lvklart kan du m\u00e4rka trycksaken s\u00e5 att dina kunder ser att den \u00e4r milj\u00f6v\u00e4nlig. Vi tillhandah\u00e5ller ClimateCalc-logotype med QR-kod som visar att produkten \u00e4r klimatkompenserad.<\/p>\n","protected":false},"featured_media":11549,"template":"","meta":{"_acf_changed":false,"_seopress_robots_primary_cat":"none","_seopress_titles_title":"Tryck affischer & posters till bra pris | \u00c5tta45 Tryckeri","_seopress_titles_desc":"Affischer \u00e4r ett perfekt s\u00e4tt n\u00e4r ditt budskap ska synas p\u00e5 h\u00e5ll och n\u00e5 m\u00e5nga mottagare. Vi \u00e4r specialister p\u00e5 affischer, posters och grafiska tryck.","_seopress_robots_index":""},"product_brand":[],"product_cat":[15,110,98],"product_tag":[],"class_list":{"0":"post-1632","1":"product","2":"type-product","3":"status-publish","4":"has-post-thumbnail","6":"product_cat-okategoriserad","7":"product_cat-butiksmaterial","8":"product_cat-trycksaker","10":"first","11":"instock","12":"featured","13":"taxable","14":"shipping-taxable","15":"purchasable","16":"product-type-variable","17":"has-default-attributes"},"acf":[],"_links":{"self":[{"href":"https:\/\/www.atta45.se\/e-butik\/wp-json\/wp\/v2\/product\/1632","targetHints":{"allow":["GET"]}}],"collection":[{"href":"https:\/\/www.atta45.se\/e-butik\/wp-json\/wp\/v2\/product"}],"about":[{"href":"https:\/\/www.atta45.se\/e-butik\/wp-json\/wp\/v2\/types\/product"}],"wp:featuredmedia":[{"embeddable":true,"href":"https:\/\/www.atta45.se\/e-butik\/wp-json\/wp\/v2\/media\/11549"}],"wp:attachment":[{"href":"https:\/\/www.atta45.se\/e-butik\/wp-json\/wp\/v2\/media?parent=1632"}],"wp:term":[{"taxonomy":"product_brand","embeddable":true,"href":"https:\/\/www.atta45.se\/e-butik\/wp-json\/wp\/v2\/product_brand?post=1632"},{"taxonomy":"product_cat","embeddable":true,"href":"https:\/\/www.atta45.se\/e-butik\/wp-json\/wp\/v2\/product_cat?post=1632"},{"taxonomy":"product_tag","embeddable":true,"href":"https:\/\/www.atta45.se\/e-butik\/wp-json\/wp\/v2\/product_tag?post=1632"}],"curies":[{"name":"wp","href":"https:\/\/api.w.org\/{rel}","templated":true}]}}