{"id":1607,"date":"2019-11-18T13:44:35","date_gmt":"2019-11-18T12:44:35","guid":{"rendered":"https:\/\/flipptryck.a-demo.se\/?post_type=product&#038;p=1607"},"modified":"2025-12-11T22:49:43","modified_gmt":"2025-12-11T21:49:43","slug":"visitkort","status":"publish","type":"product","link":"https:\/\/www.atta45.se\/e-butik\/produkt\/visitkort\/","title":{"rendered":"Visitkort"},"content":{"rendered":"","protected":false},"excerpt":{"rendered":"<h1>Trycka visitkort<\/h1>\n<p>Det f\u00f6rsta intrycket \u00e4r viktigt, och med ett snyggt och professionellt visitkort kan du f\u00f6rst\u00e4rka det intrycket. Ett business card ber\u00e4ttar vem du \u00e4r och ger en visuell uppfattning om det f\u00f6retag du representerar.<\/p>\n<p>Att trycka visitkort \u00e4r v\u00e5r specialitet. \u00c5tta45 Tryckeri har ett v\u00e4l utarbetat system f\u00f6r noggrann och effektiv produktion av visitkort. Det g\u00f6r att vi kan erbjuda billiga visitkort av h\u00f6gsta kvalitet, som dessutom levereras i tid!<\/p>\n<h2>F\u00e4rg och form p\u00e5 visitkortet g\u00f6r skillnad<\/h2>\n<p>Ett visitkort skapar k\u00e4nslor och g\u00f6r skillnad. Mottagaren b\u00e5de k\u00e4nner p\u00e5 det och tittar p\u00e5 det. Papperskvalitet och f\u00e4rg och form \u00e4r d\u00e4rf\u00f6r mycket viktigt f\u00f6r att skapa ett proffsigt intryck.<\/p>\n<p>\u00c5tta45 Tryckeri har den kompetens och utrustning som kr\u00e4vs f\u00f6r att trycka visitkort av b\u00e4sta kvalitet. Vi ser till att ditt business card ser ut precis som du vill ha det. Dessutom kan vi erbjuda ett av marknadens b\u00e4sta priser.<\/p>\n<p>Har du fr\u00e5gor n\u00e5r du oss snabbt via chattfunktionen l\u00e4ngst ner till h\u00f6ger p\u00e5 den h\u00e4r sidan.<\/p>\n<p>V\u00e5r e-handel inneh\u00e5ller en m\u00e4ngd olika produkter. Om du inte hittar det du s\u00f6ker kan du enkelt beg\u00e4ra en offert via knappen nedan. Vi svarar snabbt och ger dig den support du beh\u00f6ver.<br \/>\n<a href=\"https:\/\/www.atta45.se\/e-butik\/offert\/\"><strong>Jag vill ha en offert<\/strong><\/a><\/p>\n<h2>Beh\u00f6vs visitkort i dagens digitala samh\u00e4lle?<\/h2>\n<p>I en alltmer digitaliserad v\u00e4rld kanske man t\u00e4nker att visitkort \u00e4r pass\u00e9, men det \u00e4r snarare tv\u00e4rtom. N\u00e4r andra delar kontaktinformation via mobilen eller mejl kan du l\u00e4mna efter dig ett vackert utformat visitkort. Kontaktuppgiften i mobilen gl\u00f6ms snabbt bort, men ditt business card ligger framme som en st\u00e4ndig positiv p\u00e5minnelse om ert m\u00f6te.<\/p>\n<h2>Hur ska ett business card se ut?<\/h2>\n<p>H\u00e4r kommer n\u00e5gra tips p\u00e5 vad ditt visitkort kan inneh\u00e5lla.<br \/>\n<strong>Logotyp:<\/strong> Din logotyp \u00e4r din identitet och har ett starkt signalv\u00e4rde. Se till att den \u00e4r tydlig och i\u00f6gonfallande.<br \/>\nF\u00e4rger och typsnitt: Anv\u00e4nd f\u00e4rger som passar och representerar ditt f\u00f6retag och de tj\u00e4nster eller produkter du erbjuder. V\u00e4lj ett typsnitt som \u00e4r l\u00e4ttl\u00e4st.<br \/>\n<strong>Information:<\/strong> Ta med relevant information, som jobbtitel, kontaktinformation, telefonnummer, e-postadress, webbplats och profil p\u00e5 sociala medier.<br \/>\nPappersval: Valet av papper p\u00e5verkar h\u00e5llbarheten men ocks\u00e5 k\u00e4nslan hos mottagaren. Ett tjockare papper ger ett mer exklusivt intryck.<br \/>\n<strong>Baksida:<\/strong> Fundera p\u00e5 om du vill ha med information p\u00e5 baksidan. Kanske en kort beskrivning av ditt f\u00f6retag, f\u00f6retagets USP-ar eller en lista med de produkter\/tj\u00e4nster du erbjuder.<\/p>\n<h2>Varf\u00f6r ska \u00c5tta45 trycka dina visitkort?<\/h2>\n<p>Kort och gott: pris och kvalitet. \u00c5tta45 Tryckeri har funnits sedan 1999 och \u00e4r ett av Sveriges st\u00f6rsta grafiska f\u00f6retag. V\u00e5r CGP-certifiering garanterar att din trycksak h\u00e5ller h\u00f6gsta kvalitet. Vi jobbar st\u00e4ndigt med att effektivisera v\u00e5r arbetsprocess och kan d\u00e4rf\u00f6r erbjuda ett av marknadens b\u00e4sta priser.<\/p>\n<p>V\u00e5ra medarbetare brinner f\u00f6r att du som kund ska bli omh\u00e4ndertagen och kunna k\u00e4nna dig trygg med oss som din partner. Med gedigen erfarenhet, h\u00f6g kompetens och den senaste tekniken \u00e4r vi din sj\u00e4lvklara partner inom print och media.<\/p>\n<h2>Vi klimatkompenserar dina visitkort<\/h2>\n<p>Allt som du best\u00e4ller h\u00e4r i e-butiken \u00e4r klimatkompenserat. V\u00e5rt klimatarbete \u00e4r en process i tre steg: undvik, minimera och kompensera f\u00f6r resterande utsl\u00e4pp. \u00c5tta45 Tryckeri klimatkompenserar i samarbete med South Pole, en av v\u00e4rldens ledande utvecklare av klimatprojekt. Vi \u00e4r dessutom det f\u00f6rsta tryckeriet i Sverige som fick licens f\u00f6r Svanen.<\/p>\n<p>Vill du milj\u00f6m\u00e4rka dina trycksaker fr\u00e5n oss f\u00f6rser vi dig g\u00e4rna med ClimateCalc-logotype med QR-kod som visar att produkten \u00e4r klimatkompenserad. Du kan ocks\u00e5 f\u00e5 v\u00e5r Svanen-logotyp om du vill m\u00e4rka trycksaken med Svanen.<\/p>\n<p>&nbsp;<\/p>\n","protected":false},"featured_media":11534,"template":"","meta":{"_acf_changed":false,"_seopress_robots_primary_cat":"none","_seopress_titles_title":"Tryck Visitkort av h\u00f6g kvalitet & bra pris | \u00c5tta.45 Tryckeri","_seopress_titles_desc":"L\u00e4mna ett visitkort - bli ih\u00e5gkommen l\u00e4nge efter m\u00f6tet! Det f\u00f6rsta intrycket \u00e4r viktigt. Vi erbjuder billiga visitkort av h\u00f6gsta kvalitet med snabb leverans.","_seopress_robots_index":""},"product_brand":[],"product_cat":[15,98],"product_tag":[],"class_list":{"0":"post-1607","1":"product","2":"type-product","3":"status-publish","4":"has-post-thumbnail","6":"product_cat-okategoriserad","7":"product_cat-trycksaker","9":"first","10":"instock","11":"taxable","12":"shipping-taxable","13":"purchasable","14":"product-type-variable","15":"has-default-attributes"},"acf":[],"_links":{"self":[{"href":"https:\/\/www.atta45.se\/e-butik\/wp-json\/wp\/v2\/product\/1607","targetHints":{"allow":["GET"]}}],"collection":[{"href":"https:\/\/www.atta45.se\/e-butik\/wp-json\/wp\/v2\/product"}],"about":[{"href":"https:\/\/www.atta45.se\/e-butik\/wp-json\/wp\/v2\/types\/product"}],"wp:featuredmedia":[{"embeddable":true,"href":"https:\/\/www.atta45.se\/e-butik\/wp-json\/wp\/v2\/media\/11534"}],"wp:attachment":[{"href":"https:\/\/www.atta45.se\/e-butik\/wp-json\/wp\/v2\/media?parent=1607"}],"wp:term":[{"taxonomy":"product_brand","embeddable":true,"href":"https:\/\/www.atta45.se\/e-butik\/wp-json\/wp\/v2\/product_brand?post=1607"},{"taxonomy":"product_cat","embeddable":true,"href":"https:\/\/www.atta45.se\/e-butik\/wp-json\/wp\/v2\/product_cat?post=1607"},{"taxonomy":"product_tag","embeddable":true,"href":"https:\/\/www.atta45.se\/e-butik\/wp-json\/wp\/v2\/product_tag?post=1607"}],"curies":[{"name":"wp","href":"https:\/\/api.w.org\/{rel}","templated":true}]}}