{"id":12423,"date":"2023-09-25T14:44:00","date_gmt":"2023-09-25T12:44:00","guid":{"rendered":"https:\/\/www.atta45.se\/e-butik\/?post_type=product&#038;p=12423"},"modified":"2025-12-12T16:10:17","modified_gmt":"2025-12-12T15:10:17","slug":"kartongkuvert","status":"publish","type":"product","link":"https:\/\/www.atta45.se\/e-butik\/produkt\/kartongkuvert\/","title":{"rendered":"Kartongkuvert"},"content":{"rendered":"","protected":false},"excerpt":{"rendered":"<h2>Kartongkuvert \u2013 skyddar f\u00f6rs\u00e4ndelsen!<\/h2>\n<p>Skydda postf\u00f6rs\u00e4ndelsen med Kartongkuvert. Se till att din f\u00f6rs\u00e4ndelse inte skadas av st\u00f6tar och h\u00e5rd transporthantering. Brevf\u00f6rpackning skyddar effektivt inneh\u00e5ll s\u00e5som b\u00f6cker, kataloger och kalendrar. Dessa kuvert anv\u00e4nds med f\u00f6rdel f\u00f6r att skicka och skydda dokument eller andra f\u00f6rem\u00e5l som inte f\u00e5r vikas eller skadas under transport.<\/p>\n<p>Kartongkuvertet \u00e4r dessutom enkelt att montera och smidigt att \u00f6ppna f\u00f6r mottagaren. Med sj\u00e4lvh\u00e4ftande t\u00e4ckremsa som g\u00f6r monteringstid snabb p\u00e5 kartongkuvertet. Mottagaren \u00f6ppnar f\u00f6rs\u00e4ndelsen enkelt med hj\u00e4lp av en perforerad rivremsa.<\/p>\n<p>Kuverten har h\u00f6g finish och \u00e4r tillverkade i kartong i kvaliten Performa Brilliance 300g. Vi trycker er design med hj\u00e4lp av den modernaste trycktekniken i b\u00e4sta uppl\u00f6sning och i h\u00f6gsta kvalit\u00e9. Du kan best\u00e4lla kartongkuvert i format C4 och C5.<\/p>\n<p>Kartongkuvert ger ett betydligt b\u00e4ttre skydd f\u00f6r inneh\u00e5llet \u00e4n vanliga papperskuvert. De \u00e4r mer t\u00e5liga och kan motst\u00e5 slitage och b\u00f6jning b\u00e4ttre \u00e4n papper. Dessa kartongkuvert \u00e4r utformade f\u00f6r att h\u00e5lla formen och inte b\u00f6jas eller skadas l\u00e4tt. Detta g\u00f6r dem l\u00e4mpliga f\u00f6r att skydda dokument, fotografier eller andra material som inte f\u00e5r vikas eller skadas under transport.<\/p>\n<p>N\u00e4r du skickar viktiga dokument eller aff\u00e4rsbrev kan kartongkuvert ge ett mer professionellt intryck \u00e4n vanliga papperskuvert. kartongkuvert k\u00e4nns mer proffsigt f\u00f6r mottagaren. De ger f\u00f6rs\u00e4ndelsen k\u00e4nslan av att inneh\u00e5llet \u00e4r b\u00e5de v\u00e4rdefullt och viktigt.<\/p>\n<p>Kartongkuvert \u00e4r en perfekt f\u00f6rpackning f\u00f6r alla som driver ehandel! De har en snabb montering och perforering som g\u00f6r kartongkuverten l\u00e4tta att \u00f6ppna. V\u00e5ra kartongkuvert \u00e5terspeglar kvalit\u00e9n i dina produkter.<\/p>\n<p>&nbsp;<\/p>\n","protected":false},"featured_media":12960,"template":"","meta":{"_acf_changed":false,"_seopress_robots_primary_cat":"none","_seopress_titles_title":"","_seopress_titles_desc":"","_seopress_robots_index":""},"product_brand":[],"product_cat":[15,665],"product_tag":[],"class_list":{"0":"post-12423","1":"product","2":"type-product","3":"status-publish","4":"has-post-thumbnail","6":"product_cat-okategoriserad","7":"product_cat-forpackningar","9":"first","10":"instock","11":"taxable","12":"shipping-taxable","13":"purchasable","14":"product-type-variable","15":"has-default-attributes"},"acf":[],"_links":{"self":[{"href":"https:\/\/www.atta45.se\/e-butik\/wp-json\/wp\/v2\/product\/12423","targetHints":{"allow":["GET"]}}],"collection":[{"href":"https:\/\/www.atta45.se\/e-butik\/wp-json\/wp\/v2\/product"}],"about":[{"href":"https:\/\/www.atta45.se\/e-butik\/wp-json\/wp\/v2\/types\/product"}],"wp:featuredmedia":[{"embeddable":true,"href":"https:\/\/www.atta45.se\/e-butik\/wp-json\/wp\/v2\/media\/12960"}],"wp:attachment":[{"href":"https:\/\/www.atta45.se\/e-butik\/wp-json\/wp\/v2\/media?parent=12423"}],"wp:term":[{"taxonomy":"product_brand","embeddable":true,"href":"https:\/\/www.atta45.se\/e-butik\/wp-json\/wp\/v2\/product_brand?post=12423"},{"taxonomy":"product_cat","embeddable":true,"href":"https:\/\/www.atta45.se\/e-butik\/wp-json\/wp\/v2\/product_cat?post=12423"},{"taxonomy":"product_tag","embeddable":true,"href":"https:\/\/www.atta45.se\/e-butik\/wp-json\/wp\/v2\/product_tag?post=12423"}],"curies":[{"name":"wp","href":"https:\/\/api.w.org\/{rel}","templated":true}]}}