{"id":12418,"date":"2023-09-25T14:29:31","date_gmt":"2023-09-25T12:29:31","guid":{"rendered":"https:\/\/www.atta45.se\/e-butik\/?post_type=product&#038;p=12418"},"modified":"2025-12-12T16:21:03","modified_gmt":"2025-12-12T15:21:03","slug":"popcornbagare","status":"publish","type":"product","link":"https:\/\/www.atta45.se\/e-butik\/produkt\/popcornbagare\/","title":{"rendered":"Popcornb\u00e4gare"},"content":{"rendered":"","protected":false},"excerpt":{"rendered":"<h2>Popcornb\u00e4gare \u2013 servera snacks och godis i b\u00e4gare med egen design!<\/h2>\n<p>V\u00e5ra popcornb\u00e4gare av kartong \u00e4r en superpopul\u00e4r och praktisk beh\u00e5llare. B\u00e4garna har flera f\u00f6rdelar och passar naturligtvis inte bara till popcorn, utan \u00e4ven andra snacks, pommes frites eller l\u00f6sgodis. En popcornb\u00e4gare av kartong g\u00f6r det enkelt att b\u00e4ra runt med popcorn i, s\u00e4rskilt p\u00e5 biografer, n\u00f6jesparker eller idrottsevenemang. Kartongen ger stabilitet och struktur och ser till s\u00e5 att inneh\u00e5llet inte krossas eller tappas ut. B\u00e4garna anv\u00e4nds med f\u00f6rdel f\u00f6r reklam\u00e4ndam\u00e5l eller vid evenemang, exempelvis filmpremi\u00e4rer, teaterf\u00f6rest\u00e4llningar eller p\u00e5 m\u00e4ssor.<\/p>\n<p>Popcornb\u00e4garen \u00e4r tillverkad i enlighet med godk\u00e4nda metoder f\u00f6r livsmedelsf\u00f6rpackningar och av livsmedelsklassad kartong; Invercote G 240g. Popcornb\u00e4garen \u00e4r \u00e5tervinningsbar och biologiskt nedbrytbar, vilket g\u00f6r b\u00e4garen till ett mer milj\u00f6v\u00e4nligt alternativ \u00e4n eng\u00e5ngsplaster eller andra icke-\u00e5tervinningsbara material.<\/p>\n<p>Dessa klassiska popcornb\u00e4gare med utfallande tryck tillverkas i Sverige. Vi trycker med fullf\u00e4rgstryck \u00f6ver hela ytan p\u00e5 utsidan. Insidan har inte tryck. Formatet p\u00e5 popcornb\u00e4garen \u00e4r 80x80x135 mm. De levereras plant liggande, och viks ihop med flikf\u00f6rslutning, snabbt och enkelt.<\/p>\n<p>Anv\u00e4nd v\u00e5r mall f\u00f6r att skapa ditt tryckoriginal. Kontakta oss om ni har fr\u00e5gor eller vill ha hj\u00e4lp med utformning och design. Ladda upp ditt tryckoriginal h\u00e4r p\u00e5 sidan och best\u00e4ll egna Popcornb\u00e4gare fr\u00e5n en upplaga om 50 exemplar och upp\u00e5t.<\/p>\n<p>&nbsp;<\/p>\n","protected":false},"featured_media":12848,"template":"","meta":{"_acf_changed":false,"_seopress_robots_primary_cat":"none","_seopress_titles_title":"","_seopress_titles_desc":"","_seopress_robots_index":""},"product_brand":[],"product_cat":[665,15],"product_tag":[],"class_list":{"0":"post-12418","1":"product","2":"type-product","3":"status-publish","4":"has-post-thumbnail","6":"product_cat-forpackningar","7":"product_cat-okategoriserad","9":"first","10":"instock","11":"taxable","12":"shipping-taxable","13":"purchasable","14":"product-type-variable","15":"has-default-attributes"},"acf":[],"_links":{"self":[{"href":"https:\/\/www.atta45.se\/e-butik\/wp-json\/wp\/v2\/product\/12418","targetHints":{"allow":["GET"]}}],"collection":[{"href":"https:\/\/www.atta45.se\/e-butik\/wp-json\/wp\/v2\/product"}],"about":[{"href":"https:\/\/www.atta45.se\/e-butik\/wp-json\/wp\/v2\/types\/product"}],"wp:featuredmedia":[{"embeddable":true,"href":"https:\/\/www.atta45.se\/e-butik\/wp-json\/wp\/v2\/media\/12848"}],"wp:attachment":[{"href":"https:\/\/www.atta45.se\/e-butik\/wp-json\/wp\/v2\/media?parent=12418"}],"wp:term":[{"taxonomy":"product_brand","embeddable":true,"href":"https:\/\/www.atta45.se\/e-butik\/wp-json\/wp\/v2\/product_brand?post=12418"},{"taxonomy":"product_cat","embeddable":true,"href":"https:\/\/www.atta45.se\/e-butik\/wp-json\/wp\/v2\/product_cat?post=12418"},{"taxonomy":"product_tag","embeddable":true,"href":"https:\/\/www.atta45.se\/e-butik\/wp-json\/wp\/v2\/product_tag?post=12418"}],"curies":[{"name":"wp","href":"https:\/\/api.w.org\/{rel}","templated":true}]}}