{"id":12403,"date":"2023-09-25T13:19:09","date_gmt":"2023-09-25T11:19:09","guid":{"rendered":"https:\/\/www.atta45.se\/e-butik\/?post_type=product&#038;p=12403"},"modified":"2025-12-12T16:16:39","modified_gmt":"2025-12-12T15:16:39","slug":"presentkortsask","status":"publish","type":"product","link":"https:\/\/www.atta45.se\/e-butik\/produkt\/presentkortsask\/","title":{"rendered":"Presentkortsask"},"content":{"rendered":"","protected":false},"excerpt":{"rendered":"<h2>Presentkortsask h\u00f6jer v\u00e4rdet p\u00e5 g\u00e5van!<\/h2>\n<p>En presentkortsask i kartong \u00e4r en elegant och praktisk metod f\u00f6r att presentera presentkort p\u00e5 ett stilfullt s\u00e4tt. Denna eleganta presentkortsf\u00f6rpackning i h\u00f6g kvalitet kommer att v\u00e4cka entusiasm och \u00f6verraskning hos personen som f\u00e5r den. Asken \u00e4r rektangul\u00e4r och tillverkad i h\u00f6gkvalitativ kartong med lock som kan \u00f6ppnas och st\u00e4ngas.<\/p>\n<p>Presentkortsaskens kraftiga kartong och konstruktion skapar en stadig och p\u00e5litlig f\u00f6rpackning. Kartongen \u00e4r \u00e5tervinningsbar och tillverkad av milj\u00f6v\u00e4nliga och sp\u00e5rbara r\u00e5varor. Materialet heter Performa Brilliance 230g och dess yta har en h\u00f6g finish som ger en lyxig och exklusiv k\u00e4nsla. Ytan har tredubbel bestrykning med silkeslen finish f\u00f6r b\u00e4sta t\u00e4nkbara resultat vid tillverkning av premiumf\u00f6rpackningar. Baksidan har en l\u00e4tt bestrykning som \u00e4r v\u00e4l l\u00e4mpad f\u00f6r fullf\u00e4rgstryck.<\/p>\n<p>Konstruktionen \u00e4r v\u00e4ldigt smart d\u00e5 locket sitter ihop med asken. F\u00f6rpackningens \u00f6ppningsmekanism g\u00f6r det enkelt att placera presentkortet inuti och s\u00e4kert f\u00f6rvara det tills det ska \u00f6verl\u00e4mnas. De tjocka v\u00e4ggarna skapar en lyxiga och stadig presentkortsask som h\u00f6jer v\u00e4rdet p\u00e5 g\u00e5van. Presentkortet, som ofta \u00e4r gjort av plast, h\u00e5lls fast av flikar och passar perfekt i f\u00f6rpackningens inl\u00e4gg. N\u00e4r man \u00f6ppnar f\u00f6rpackningen, visas presentkortet tydligt och elegant. Dessutom visas kortet i en vinkel v\u00e4nd emot betraktaren n\u00e4r asken \u00f6ppnas.<\/p>\n<p>Ge asken ett utseende som matchar ert f\u00f6retags profil. F\u00f6rpackningen kan vara enf\u00e4rgad eller dekorerad med m\u00f6nster, logotyper eller andra grafiska element. Den kan anpassas till s\u00e4rskilda \u00e5rstider eller evenemang. Asken \u00e4r perfekt f\u00f6r alla typer av butiker. Ett presentkort leder dessutom ofta till merf\u00f6rs\u00e4ljning.<\/p>\n<p>En presentkortsf\u00f6rpackning i kartong \u00e4r en stilfull och praktisk l\u00f6sning f\u00f6r att presentera presentkort p\u00e5 ett minnesv\u00e4rt s\u00e4tt. Asken \u00e4r anpassningsbar, elegant och skyddande, vilket g\u00f6r den till ett popul\u00e4r val f\u00f6r att f\u00f6rst\u00e4rka upplevelsen av att ge och ta emot presentkort.<\/p>\n<p>&nbsp;<\/p>\n","protected":false},"featured_media":12843,"template":"","meta":{"_acf_changed":false,"_seopress_robots_primary_cat":"none","_seopress_titles_title":"","_seopress_titles_desc":"","_seopress_robots_index":""},"product_brand":[],"product_cat":[665,15],"product_tag":[],"class_list":{"0":"post-12403","1":"product","2":"type-product","3":"status-publish","4":"has-post-thumbnail","6":"product_cat-forpackningar","7":"product_cat-okategoriserad","9":"first","10":"instock","11":"taxable","12":"shipping-taxable","13":"purchasable","14":"product-type-variable","15":"has-default-attributes"},"acf":[],"_links":{"self":[{"href":"https:\/\/www.atta45.se\/e-butik\/wp-json\/wp\/v2\/product\/12403","targetHints":{"allow":["GET"]}}],"collection":[{"href":"https:\/\/www.atta45.se\/e-butik\/wp-json\/wp\/v2\/product"}],"about":[{"href":"https:\/\/www.atta45.se\/e-butik\/wp-json\/wp\/v2\/types\/product"}],"wp:featuredmedia":[{"embeddable":true,"href":"https:\/\/www.atta45.se\/e-butik\/wp-json\/wp\/v2\/media\/12843"}],"wp:attachment":[{"href":"https:\/\/www.atta45.se\/e-butik\/wp-json\/wp\/v2\/media?parent=12403"}],"wp:term":[{"taxonomy":"product_brand","embeddable":true,"href":"https:\/\/www.atta45.se\/e-butik\/wp-json\/wp\/v2\/product_brand?post=12403"},{"taxonomy":"product_cat","embeddable":true,"href":"https:\/\/www.atta45.se\/e-butik\/wp-json\/wp\/v2\/product_cat?post=12403"},{"taxonomy":"product_tag","embeddable":true,"href":"https:\/\/www.atta45.se\/e-butik\/wp-json\/wp\/v2\/product_tag?post=12403"}],"curies":[{"name":"wp","href":"https:\/\/api.w.org\/{rel}","templated":true}]}}