{"id":12393,"date":"2023-09-29T13:22:32","date_gmt":"2023-09-29T11:22:32","guid":{"rendered":"https:\/\/www.atta45.se\/e-butik\/?post_type=product&#038;p=12393"},"modified":"2025-06-27T16:40:58","modified_gmt":"2025-06-27T14:40:58","slug":"brevforpackning-a5","status":"publish","type":"product","link":"https:\/\/www.atta45.se\/e-butik\/produkt\/brevforpackning-a5\/","title":{"rendered":"Brevf\u00f6rpackning A5"},"content":{"rendered":"","protected":false},"excerpt":{"rendered":"<h2>Brevf\u00f6rpackning i A5 \u2013 b\u00e5de s\u00e4ker och praktisk!<\/h2>\n<p>Skydda postf\u00f6rs\u00e4ndelsen fr\u00e5n st\u00f6tar och andra skador. Brevf\u00f6rpackning skyddar ditt inneh\u00e5ll effektivt. Detta \u00e4r ett perfekt postemballage till mindre produkter. Med sina optimala utv\u00e4ndiga m\u00e5tt skickas brevf\u00f6rpackningen som icke skrymmande brev, vilket ger en l\u00e4gre portokostnad. Brevf\u00f6rpackningar passar ocks\u00e5 perfekt n\u00e4r man skickar f\u00f6rs\u00e4ndelser till Instabox eller Budbees paketautomater. Denna brevpack \u00e4r dessutom enkelt att montera och smidigt att \u00f6ppna f\u00f6r mottagaren.<\/p>\n<p>F\u00f6rpackningen har h\u00f6g finish och \u00e4r tillverkad i Microflute 0,8 mm well. Vi trycker er design med hj\u00e4lp av den modernaste trycktekniken i b\u00e4sta uppl\u00f6sning och i h\u00f6gsta kvalit\u00e9. Denna produkt passar bra f\u00f6r f\u00f6rs\u00e4ndelser i A5.<\/p>\n<p>Brevpacken ger ett betydligt b\u00e4ttre skydd f\u00f6r inneh\u00e5llet \u00e4n vanliga vadderade kuvert. De \u00e4r mer t\u00e5liga och kan motst\u00e5 slitage och b\u00f6jning b\u00e4ttre \u00e4n vadderade kuvert. Dessa brevf\u00f6rpackningar \u00e4r utformade f\u00f6r att h\u00e5lla formen och inte b\u00f6jas eller skadas l\u00e4tt.<\/p>\n<p>Dessutom k\u00e4nns f\u00f6rpackningen mer proffsig f\u00f6r mottagaren. N\u00e4r du skickar viktiga dokument eller aff\u00e4rsbrev kan brevf\u00f6rpackningen ge ett mer professionellt intryck \u00e4n andra kuvert. De ger ett intryck av att inneh\u00e5llet \u00e4r v\u00e4rdefullt och viktigt.<\/p>\n<p>Detta \u00e4r en perfekt f\u00f6rpackning f\u00f6r ehandelsbutiker! Med en snabb montering och perforering som g\u00f6r de l\u00e4tt att \u00f6ppna. Dessa brevf\u00f6rpackningar \u00e5terspeglar kvaliten i dina produkter.<\/p>\n<p>&nbsp;<\/p>\n","protected":false},"featured_media":12903,"template":"","meta":{"_acf_changed":false,"_seopress_robots_primary_cat":"none","_seopress_titles_title":"","_seopress_titles_desc":"","_seopress_robots_index":""},"product_brand":[],"product_cat":[665,15],"product_tag":[],"class_list":{"0":"post-12393","1":"product","2":"type-product","3":"status-publish","4":"has-post-thumbnail","6":"product_cat-forpackningar","7":"product_cat-okategoriserad","9":"first","10":"instock","11":"taxable","12":"shipping-taxable","13":"purchasable","14":"product-type-variable","15":"has-default-attributes"},"acf":[],"_links":{"self":[{"href":"https:\/\/www.atta45.se\/e-butik\/wp-json\/wp\/v2\/product\/12393","targetHints":{"allow":["GET"]}}],"collection":[{"href":"https:\/\/www.atta45.se\/e-butik\/wp-json\/wp\/v2\/product"}],"about":[{"href":"https:\/\/www.atta45.se\/e-butik\/wp-json\/wp\/v2\/types\/product"}],"wp:featuredmedia":[{"embeddable":true,"href":"https:\/\/www.atta45.se\/e-butik\/wp-json\/wp\/v2\/media\/12903"}],"wp:attachment":[{"href":"https:\/\/www.atta45.se\/e-butik\/wp-json\/wp\/v2\/media?parent=12393"}],"wp:term":[{"taxonomy":"product_brand","embeddable":true,"href":"https:\/\/www.atta45.se\/e-butik\/wp-json\/wp\/v2\/product_brand?post=12393"},{"taxonomy":"product_cat","embeddable":true,"href":"https:\/\/www.atta45.se\/e-butik\/wp-json\/wp\/v2\/product_cat?post=12393"},{"taxonomy":"product_tag","embeddable":true,"href":"https:\/\/www.atta45.se\/e-butik\/wp-json\/wp\/v2\/product_tag?post=12393"}],"curies":[{"name":"wp","href":"https:\/\/api.w.org\/{rel}","templated":true}]}}