{"id":11169,"date":"2023-02-20T14:58:14","date_gmt":"2023-02-20T13:58:14","guid":{"rendered":"https:\/\/www.atta45.se\/e-butik\/?post_type=product&#038;p=11169"},"modified":"2025-12-12T16:03:42","modified_gmt":"2025-12-12T15:03:42","slug":"bok-a4","status":"publish","type":"product","link":"https:\/\/www.atta45.se\/e-butik\/produkt\/bok-a4\/","title":{"rendered":"Bok A4"},"content":{"rendered":"","protected":false},"excerpt":{"rendered":"<h1>Trycka bok<\/h1>\n<p>Vill du trycka en bok? V\u00e4nd dig till oss p\u00e5 \u00c5tta45 s\u00e5 hj\u00e4lper vi dig. \u00c5tta45 Tryckeri \u00e4r ett av Sveriges st\u00f6rsta tryckerier och specialister p\u00e5 offsettryck och bokbinderi.<\/p>\n<p>Du kan v\u00e4lja bland olika format, papperskvaliteter och trycktekniker. \u00c4ven typ av omslag v\u00e4ljer du efter det som passar dig och dina behov \u2013 h\u00e5rda p\u00e4rmar med tr\u00e5dbindning eller mjukt omslag med limbindning.<\/p>\n<p>Vi p\u00e5 \u00c5tta45 Tryckeri har bred kompetens och l\u00e5ng erfarenhet av att trycka b\u00f6cker. Vi har kapacitet att trycka stora volymer och v\u00e5rt kvalitetss\u00e4krade arbetsfl\u00f6de garanterar att du f\u00e5r din leverans i tid och att din trycksak \u00e4r av h\u00f6gsta kvalitet med b\u00e4sta m\u00f6jliga f\u00e4rg\u00e5tergivning.<\/p>\n<h2>Vi guidar er genom alla steg f\u00f6r att trycka en bok<\/h2>\n<p>Vill du ha hj\u00e4lp med utformningen av boken? Vi hj\u00e4lper dig mer \u00e4n g\u00e4rna. Vi har bara n\u00e5gra meter mellan atelj\u00e9 och tryckeri vilket ger oss en smidig arbetsprocess och full kontroll \u00f6ver hela produktionen.<\/p>\n<p>Har du fr\u00e5gor n\u00e5r du oss snabbt via chattfunktionen l\u00e4ngst ner till h\u00f6ger p\u00e5 den h\u00e4r sidan.<\/p>\n<p>H\u00e4r i v\u00e5r e-handel finns en m\u00e4ngd olika produktsidor. Hittar du inte det du s\u00f6ker? D\u00e5 \u00e4r det bara att beg\u00e4ra en offert via knappen nedan. Vi svarar snabbt och ger dig den support du beh\u00f6ver.<br \/>\n<a href=\"https:\/\/www.atta45.se\/e-butik\/offert\/\"><strong>Jag vill ha en offert<\/strong><\/a><\/p>\n<h2>Vi trycker b\u00f6cker i stora och mindre upplagor<\/h2>\n<p>\u00c5tta45 Tryckeri producerar snabbt, leveranss\u00e4kert och till bra pris!<\/p>\n<p>Vi erbjuder b\u00e5de offsettryck och digitaltryck, s\u00e5 det spelar ingen roll om du ska trycka en stor eller liten upplaga. F\u00f6r att kunna tillgodose alla dina \u00f6nskem\u00e5l och behov anv\u00e4nder vi den allra modernaste utrustningen inom grafisk produktion. Vi har tryckerier p\u00e5 flera orter i landet och kan hantera din order snabbt och effektivt.<\/p>\n<h2>Bok med h\u00e5rda p\u00e4rmar eller pocket med mjukt omslag<\/h2>\n<p>En bok fyller olika syften. Vi hj\u00e4lper dig att hitta r\u00e4tt. Vill du trycka en pocket med mjukt omslag och limbindning eller kanske en bok med h\u00e5rda p\u00e4rmar och ett omslag med effekter som sticker ut?<\/p>\n<p>Hos \u00c5tta45 Tryckeri kan du best\u00e4lla b\u00f6cker efter behov. Vi hanterar alla specialeffekter p\u00e5 ditt omslag, som foliering, matt kaschering, UV-lack, guld- eller silverfolie.<\/p>\n<h2>Kvalitet och kund g\u00e5r hand i hand hos \u00c5tta45<\/h2>\n<p>Vi jobbar st\u00e4ndigt med att s\u00e4kerst\u00e4lla att alla v\u00e5ra produkter som l\u00e4mnar v\u00e5rt tryckeri h\u00e5ller h\u00f6gsta kvalitet. Vi vill att du som kund ska k\u00e4nna dig trygg och omh\u00e4ndertagen av v\u00e5ra medarbetare p\u00e5 \u00c5tta45.<\/p>\n<p>\u00c5tta45 Tryckeri har funnits sedan 1999 och \u00e4r ett av Sveriges st\u00f6rsta grafiska f\u00f6retag. V\u00e5r CGP-certifiering garanterar att din trycksak, oavsett om det \u00e4r en bok med h\u00e5rda p\u00e4rmar eller en pocket med mjuka p\u00e4rmar, h\u00e5ller h\u00f6gsta kvalitet.<\/p>\n<p>V\u00e5r arbetsprocess genomsyras av ledord som noggrannhet och kvalitet, och i v\u00e5r kontakt med dig som kund har vi omh\u00e4ndertagande och anpassbarhet som ledord.<\/p>\n<h2>Vi klimatkompenserar din bok eller pocket<\/h2>\n<p>Ett annat av v\u00e5ra starka ledord \u00e4r milj\u00f6engagemang. \u00c5tta45 Tryckeri \u00e4r det f\u00f6rsta tryckeriet i Sverige som fick licens f\u00f6r Svanen.<\/p>\n<p>Allt som kommer ut ur v\u00e5ra tryckpressar och som du best\u00e4ller h\u00e4r i e-butiken \u00e4r klimatkompenserat. V\u00e5rt klimatarbete \u00e4r en process i tre steg: undvik, minimera och kompensera f\u00f6r resterande utsl\u00e4pp. \u00c5tta45 Tryckeri klimatkompenserar i samarbete med South Pole, en av v\u00e4rldens ledande utvecklare av klimatprojekt.<\/p>\n<h2>Milj\u00f6m\u00e4rk din bok eller pocket<\/h2>\n<p>Vill du m\u00e4rka trycksaken s\u00e5 att dina kunder ser att den \u00e4r klimatkompenserad? Kontakta bara oss, s\u00e5 tillhandah\u00e5ller vi ClimateCalc-logotype med QR-kod som visar att produkten \u00e4r klimatkompenserad av oss.<\/p>\n<p>Dessutom f\u00f6rser vi dig g\u00e4rna med v\u00e5r Svanen-logotyp om du vill m\u00e4rka dina trycksaker med Svanen.<\/p>\n<p>Tryck h\u00e4r f\u00f6r instruktioner till att <a href=\"https:\/\/www.atta45.se\/wp-content\/uploads\/sites\/2\/2021\/11\/Rad_Limbindning_juni2021_web.pdf\">skapa original till omslag med limbindning.<\/a><\/p>\n<p>Vill du trycka bok i h\u00e5rdband, med foliering, matt kaschering, partiell UV-lack, guld- eller silverfolie, eller kanske i ett st\u00f6rre format, v\u00e4nligen <a href=\"mailto:info@atta45.se\">kontakta oss idag s\u00e5 l\u00f6ser vi det!<\/a><\/p>\n<p>&nbsp;<\/p>\n","protected":false},"featured_media":11192,"template":"","meta":{"_acf_changed":false,"_seopress_robots_primary_cat":"none","_seopress_titles_title":"Tryckt bok av h\u00f6g kvalitet till bra pris | \u00c5tta45 Tryckeri","_seopress_titles_desc":"Tryck milj\u00f6v\u00e4nliga b\u00f6cker p\u00e5 ett lokalt tryckeri i Sverige. Vi \u00e4r Svanen-licencierade sedan 1999! Snabb leverans till ett av marknadens vassaste erbjudande!","_seopress_robots_index":""},"product_brand":[],"product_cat":[15,98],"product_tag":[],"class_list":{"0":"post-11169","1":"product","2":"type-product","3":"status-publish","4":"has-post-thumbnail","6":"product_cat-okategoriserad","7":"product_cat-trycksaker","9":"first","10":"instock","11":"taxable","12":"shipping-taxable","13":"purchasable","14":"product-type-variable","15":"has-default-attributes"},"acf":[],"_links":{"self":[{"href":"https:\/\/www.atta45.se\/e-butik\/wp-json\/wp\/v2\/product\/11169","targetHints":{"allow":["GET"]}}],"collection":[{"href":"https:\/\/www.atta45.se\/e-butik\/wp-json\/wp\/v2\/product"}],"about":[{"href":"https:\/\/www.atta45.se\/e-butik\/wp-json\/wp\/v2\/types\/product"}],"wp:featuredmedia":[{"embeddable":true,"href":"https:\/\/www.atta45.se\/e-butik\/wp-json\/wp\/v2\/media\/11192"}],"wp:attachment":[{"href":"https:\/\/www.atta45.se\/e-butik\/wp-json\/wp\/v2\/media?parent=11169"}],"wp:term":[{"taxonomy":"product_brand","embeddable":true,"href":"https:\/\/www.atta45.se\/e-butik\/wp-json\/wp\/v2\/product_brand?post=11169"},{"taxonomy":"product_cat","embeddable":true,"href":"https:\/\/www.atta45.se\/e-butik\/wp-json\/wp\/v2\/product_cat?post=11169"},{"taxonomy":"product_tag","embeddable":true,"href":"https:\/\/www.atta45.se\/e-butik\/wp-json\/wp\/v2\/product_tag?post=11169"}],"curies":[{"name":"wp","href":"https:\/\/api.w.org\/{rel}","templated":true}]}}