{"id":11071,"date":"2023-01-30T13:58:27","date_gmt":"2023-01-30T12:58:27","guid":{"rendered":"https:\/\/www.atta45.se\/e-butik\/?post_type=product&#038;p=11071"},"modified":"2023-11-30T10:27:43","modified_gmt":"2023-11-30T09:27:43","slug":"arsredovisning-hsb-brf","status":"publish","type":"product","link":"https:\/\/www.atta45.se\/e-butik\/produkt\/arsredovisning-hsb-brf\/","title":{"rendered":"\u00c5rsredovisning BRF"},"content":{"rendered":"","protected":false},"excerpt":{"rendered":"<h1>Erbjudande till HSB-brfer: vi producerar er \u00e5rsredovisning snabbt, leveranss\u00e4kert och till bra pris!<\/h1>\n<p>L\u00e5t styrelsen f\u00f6r er HSB-bostadsf\u00f6renings redovisa resultat p\u00e5 ett f\u00f6rtroendeingivande och proffsigt s\u00e4tt. Tryck er \u00e5rsredovisningen milj\u00f6v\u00e4nligt hos oss! Vi \u00e4r Svanen-licencierade sedan 1999! H\u00e4r f\u00e5r ni h\u00f6gsta kvalit\u00e9 med snabb leverans till bra pris! \u00c5rsredovisningarna trycks och klammerh\u00e4ftas i ryggen som en vanlig tidskrift (se bild).<\/p>\n<p>&nbsp;<\/p>\n<p>&nbsp;<\/p>\n","protected":false},"featured_media":11075,"template":"","meta":{"_acf_changed":false,"_seopress_robots_primary_cat":"none","_seopress_titles_title":"Tryck \u00e5rsredovisning \u00e5t er BRF till bra pris | \u00c5tta.45 Tryckeri","_seopress_titles_desc":"Tryck \u00e5rsredovisningen milj\u00f6v\u00e4nligt p\u00e5 ett lokalt tryckeri i Sverige. Vi \u00e4r Svanen-licencierade sedan 1999! Snabb leverans till ett av marknadens vassaste erbjudande!","_seopress_robots_index":""},"product_brand":[],"product_cat":[15],"product_tag":[],"class_list":{"0":"post-11071","1":"product","2":"type-product","3":"status-publish","4":"has-post-thumbnail","6":"product_cat-okategoriserad","8":"first","9":"instock","10":"taxable","11":"shipping-taxable","12":"purchasable","13":"product-type-variable","14":"has-default-attributes"},"acf":[],"_links":{"self":[{"href":"https:\/\/www.atta45.se\/e-butik\/wp-json\/wp\/v2\/product\/11071","targetHints":{"allow":["GET"]}}],"collection":[{"href":"https:\/\/www.atta45.se\/e-butik\/wp-json\/wp\/v2\/product"}],"about":[{"href":"https:\/\/www.atta45.se\/e-butik\/wp-json\/wp\/v2\/types\/product"}],"wp:featuredmedia":[{"embeddable":true,"href":"https:\/\/www.atta45.se\/e-butik\/wp-json\/wp\/v2\/media\/11075"}],"wp:attachment":[{"href":"https:\/\/www.atta45.se\/e-butik\/wp-json\/wp\/v2\/media?parent=11071"}],"wp:term":[{"taxonomy":"product_brand","embeddable":true,"href":"https:\/\/www.atta45.se\/e-butik\/wp-json\/wp\/v2\/product_brand?post=11071"},{"taxonomy":"product_cat","embeddable":true,"href":"https:\/\/www.atta45.se\/e-butik\/wp-json\/wp\/v2\/product_cat?post=11071"},{"taxonomy":"product_tag","embeddable":true,"href":"https:\/\/www.atta45.se\/e-butik\/wp-json\/wp\/v2\/product_tag?post=11071"}],"curies":[{"name":"wp","href":"https:\/\/api.w.org\/{rel}","templated":true}]}}