{"id":106740,"date":"2024-12-30T00:48:36","date_gmt":"2024-12-29T23:48:36","guid":{"rendered":"https:\/\/www.atta45.se\/e-butik\/produkt\/keps-child\/"},"modified":"2025-10-27T18:46:17","modified_gmt":"2025-10-27T17:46:17","slug":"keps-child","status":"publish","type":"product","link":"https:\/\/www.atta45.se\/e-butik\/produkt\/keps-child\/","title":{"rendered":"Keps Child"},"content":{"rendered":"<p>Barnm\u00f6ssan \u00e4r ett perfekt val f\u00f6r dina barn. De beh\u00f6ver skyddas under soliga dagar n\u00e4r man utforskar v\u00e4rlden. Ge dem kvalitetsskydd genom att skaffa dem detta huvudskyddande tillbeh\u00f6r fr\u00e5n BT-Cap.<\/p>\n<p>BtCap<\/p>\n","protected":false},"excerpt":{"rendered":"<p>Barnm\u00f6ssan \u00e4r ett perfekt val f\u00f6r dina barn. De beh\u00f6ver skyddas under soliga dagar n\u00e4r man utforskar v\u00e4rlden. Ge dem kvalitetsskydd genom att skaffa dem detta huvudskyddande tillbeh\u00f6r fr\u00e5n BT-Cap. BtCap<\/p>\n","protected":false},"featured_media":79818,"template":"","meta":{"_acf_changed":false,"_seopress_robots_primary_cat":"","_seopress_titles_title":"","_seopress_titles_desc":"","_seopress_robots_index":""},"product_brand":[],"product_cat":[15],"product_tag":[],"class_list":{"0":"post-106740","1":"product","2":"type-product","3":"status-publish","4":"has-post-thumbnail","6":"product_cat-okategoriserad","7":"atta45_taxonomy-kepsar-mossor-btcap-collection-kepsar-sv","9":"first","10":"instock","11":"taxable","12":"shipping-taxable","13":"purchasable","14":"product-type-variable"},"acf":[],"_links":{"self":[{"href":"https:\/\/www.atta45.se\/e-butik\/wp-json\/wp\/v2\/product\/106740","targetHints":{"allow":["GET"]}}],"collection":[{"href":"https:\/\/www.atta45.se\/e-butik\/wp-json\/wp\/v2\/product"}],"about":[{"href":"https:\/\/www.atta45.se\/e-butik\/wp-json\/wp\/v2\/types\/product"}],"wp:featuredmedia":[{"embeddable":true,"href":"https:\/\/www.atta45.se\/e-butik\/wp-json\/wp\/v2\/media\/79818"}],"wp:attachment":[{"href":"https:\/\/www.atta45.se\/e-butik\/wp-json\/wp\/v2\/media?parent=106740"}],"wp:term":[{"taxonomy":"product_brand","embeddable":true,"href":"https:\/\/www.atta45.se\/e-butik\/wp-json\/wp\/v2\/product_brand?post=106740"},{"taxonomy":"product_cat","embeddable":true,"href":"https:\/\/www.atta45.se\/e-butik\/wp-json\/wp\/v2\/product_cat?post=106740"},{"taxonomy":"product_tag","embeddable":true,"href":"https:\/\/www.atta45.se\/e-butik\/wp-json\/wp\/v2\/product_tag?post=106740"}],"curies":[{"name":"wp","href":"https:\/\/api.w.org\/{rel}","templated":true}]}}