{"id":106622,"date":"2024-12-30T00:46:26","date_gmt":"2024-12-29T23:46:26","guid":{"rendered":"https:\/\/www.atta45.se\/e-butik\/produkt\/keps-popular\/"},"modified":"2025-10-27T18:45:55","modified_gmt":"2025-10-27T17:45:55","slug":"keps-popular","status":"publish","type":"product","link":"https:\/\/www.atta45.se\/e-butik\/produkt\/keps-popular\/","title":{"rendered":"Keps Popular"},"content":{"rendered":"<p> Den POPUL\u00c4RA kepsen \u00e4r en klassisk reklampj\u00e4s som finns i olika f\u00e4rger. Detta antal f\u00e4rger g\u00f6r att du kan v\u00e4lja den r\u00e4tta som perfekt matchar din f\u00f6retagsidentitet. Forts\u00e4tt och marknadsf\u00f6ra ditt f\u00f6retag.<\/p>\n<p>BtCap<\/p>\n","protected":false},"excerpt":{"rendered":"<p>Den POPUL\u00c4RA kepsen \u00e4r en klassisk reklampj\u00e4s som finns i olika f\u00e4rger. Detta antal f\u00e4rger g\u00f6r att du kan v\u00e4lja den r\u00e4tta som perfekt matchar din f\u00f6retagsidentitet. Forts\u00e4tt och marknadsf\u00f6ra ditt f\u00f6retag. BtCap<\/p>\n","protected":false},"featured_media":106699,"template":"","meta":{"_acf_changed":false,"_seopress_robots_primary_cat":"","_seopress_titles_title":"","_seopress_titles_desc":"","_seopress_robots_index":""},"product_brand":[],"product_cat":[15],"product_tag":[],"class_list":{"0":"post-106622","1":"product","2":"type-product","3":"status-publish","4":"has-post-thumbnail","6":"product_cat-okategoriserad","7":"atta45_taxonomy-kepsar-mossor-btcap-collection-kepsar-sv","9":"first","10":"instock","11":"taxable","12":"shipping-taxable","13":"purchasable","14":"product-type-variable"},"acf":[],"_links":{"self":[{"href":"https:\/\/www.atta45.se\/e-butik\/wp-json\/wp\/v2\/product\/106622","targetHints":{"allow":["GET"]}}],"collection":[{"href":"https:\/\/www.atta45.se\/e-butik\/wp-json\/wp\/v2\/product"}],"about":[{"href":"https:\/\/www.atta45.se\/e-butik\/wp-json\/wp\/v2\/types\/product"}],"wp:featuredmedia":[{"embeddable":true,"href":"https:\/\/www.atta45.se\/e-butik\/wp-json\/wp\/v2\/media\/106699"}],"wp:attachment":[{"href":"https:\/\/www.atta45.se\/e-butik\/wp-json\/wp\/v2\/media?parent=106622"}],"wp:term":[{"taxonomy":"product_brand","embeddable":true,"href":"https:\/\/www.atta45.se\/e-butik\/wp-json\/wp\/v2\/product_brand?post=106622"},{"taxonomy":"product_cat","embeddable":true,"href":"https:\/\/www.atta45.se\/e-butik\/wp-json\/wp\/v2\/product_cat?post=106622"},{"taxonomy":"product_tag","embeddable":true,"href":"https:\/\/www.atta45.se\/e-butik\/wp-json\/wp\/v2\/product_tag?post=106622"}],"curies":[{"name":"wp","href":"https:\/\/api.w.org\/{rel}","templated":true}]}}