{"id":106602,"date":"2024-12-30T00:45:57","date_gmt":"2024-12-29T23:45:57","guid":{"rendered":"https:\/\/www.atta45.se\/e-butik\/produkt\/keps-basic\/"},"modified":"2025-10-27T18:45:18","modified_gmt":"2025-10-27T17:45:18","slug":"keps-basic","status":"publish","type":"product","link":"https:\/\/www.atta45.se\/e-butik\/produkt\/keps-basic\/","title":{"rendered":"Keps Basic"},"content":{"rendered":"<p>Vi presenterar BASIC-kepsen. Det \u00e4r ett klassiskt stycke med standardtopp gjord av twill bomull. Den kommer i olika f\u00e4rger och p\u00e5 grund av det \u00e4r den l\u00e4mplig f\u00f6r att trycka f\u00f6retagets logotyp p\u00e5 den. Marknadsf\u00f6r ditt f\u00f6retag vart du \u00e4n g\u00e5r. V\u00e4lj bara r\u00e4tt f\u00e4rg.<\/p>\n<p>BtCap<\/p>\n","protected":false},"excerpt":{"rendered":"<p>Vi presenterar BASIC-kepsen. Det \u00e4r ett klassiskt stycke med standardtopp gjord av twill bomull. Den kommer i olika f\u00e4rger och p\u00e5 grund av det \u00e4r den l\u00e4mplig f\u00f6r att trycka f\u00f6retagets logotyp p\u00e5 den. Marknadsf\u00f6r ditt f\u00f6retag vart du \u00e4n g\u00e5r. V\u00e4lj bara r\u00e4tt f\u00e4rg. BtCap<\/p>\n","protected":false},"featured_media":79612,"template":"","meta":{"_acf_changed":false,"_seopress_robots_primary_cat":"","_seopress_titles_title":"","_seopress_titles_desc":"","_seopress_robots_index":""},"product_brand":[],"product_cat":[15],"product_tag":[],"class_list":{"0":"post-106602","1":"product","2":"type-product","3":"status-publish","4":"has-post-thumbnail","6":"product_cat-okategoriserad","7":"atta45_taxonomy-kepsar-mossor-btcap-collection-kepsar-sv","9":"first","10":"instock","11":"taxable","12":"shipping-taxable","13":"purchasable","14":"product-type-variable"},"acf":[],"_links":{"self":[{"href":"https:\/\/www.atta45.se\/e-butik\/wp-json\/wp\/v2\/product\/106602","targetHints":{"allow":["GET"]}}],"collection":[{"href":"https:\/\/www.atta45.se\/e-butik\/wp-json\/wp\/v2\/product"}],"about":[{"href":"https:\/\/www.atta45.se\/e-butik\/wp-json\/wp\/v2\/types\/product"}],"wp:featuredmedia":[{"embeddable":true,"href":"https:\/\/www.atta45.se\/e-butik\/wp-json\/wp\/v2\/media\/79612"}],"wp:attachment":[{"href":"https:\/\/www.atta45.se\/e-butik\/wp-json\/wp\/v2\/media?parent=106602"}],"wp:term":[{"taxonomy":"product_brand","embeddable":true,"href":"https:\/\/www.atta45.se\/e-butik\/wp-json\/wp\/v2\/product_brand?post=106602"},{"taxonomy":"product_cat","embeddable":true,"href":"https:\/\/www.atta45.se\/e-butik\/wp-json\/wp\/v2\/product_cat?post=106602"},{"taxonomy":"product_tag","embeddable":true,"href":"https:\/\/www.atta45.se\/e-butik\/wp-json\/wp\/v2\/product_tag?post=106602"}],"curies":[{"name":"wp","href":"https:\/\/api.w.org\/{rel}","templated":true}]}}