{"id":106562,"date":"2024-12-30T00:45:08","date_gmt":"2024-12-29T23:45:08","guid":{"rendered":"https:\/\/www.atta45.se\/e-butik\/produkt\/keps-piping\/"},"modified":"2025-10-27T18:44:59","modified_gmt":"2025-10-27T17:44:59","slug":"keps-piping","status":"publish","type":"product","link":"https:\/\/www.atta45.se\/e-butik\/produkt\/keps-piping\/","title":{"rendered":"Keps Piping"},"content":{"rendered":"<p> PIPING-kepsen \u00e4r mycket bekv\u00e4m p\u00e5 grund av sitt svettband i bomull. Den finns i olika f\u00e4rgvariationer. Kontrastf\u00e4rger p\u00e5 passpoalerna, baksidan och nederkanten av kepsen g\u00f6r detta till en unik. Kvaliteten \u00e4r garanterad.<\/p>\n<p>BtCap<\/p>\n","protected":false},"excerpt":{"rendered":"<p>PIPING-kepsen \u00e4r mycket bekv\u00e4m p\u00e5 grund av sitt svettband i bomull. Den finns i olika f\u00e4rgvariationer. Kontrastf\u00e4rger p\u00e5 passpoalerna, baksidan och nederkanten av kepsen g\u00f6r detta till en unik. Kvaliteten \u00e4r garanterad. BtCap<\/p>\n","protected":false},"featured_media":106573,"template":"","meta":{"_acf_changed":false,"_seopress_robots_primary_cat":"","_seopress_titles_title":"","_seopress_titles_desc":"","_seopress_robots_index":""},"product_brand":[],"product_cat":[15],"product_tag":[],"class_list":{"0":"post-106562","1":"product","2":"type-product","3":"status-publish","4":"has-post-thumbnail","6":"product_cat-okategoriserad","7":"atta45_taxonomy-kepsar-mossor-btcap-collection-kepsar-sv","9":"first","10":"instock","11":"taxable","12":"shipping-taxable","13":"purchasable","14":"product-type-variable"},"acf":[],"_links":{"self":[{"href":"https:\/\/www.atta45.se\/e-butik\/wp-json\/wp\/v2\/product\/106562","targetHints":{"allow":["GET"]}}],"collection":[{"href":"https:\/\/www.atta45.se\/e-butik\/wp-json\/wp\/v2\/product"}],"about":[{"href":"https:\/\/www.atta45.se\/e-butik\/wp-json\/wp\/v2\/types\/product"}],"wp:featuredmedia":[{"embeddable":true,"href":"https:\/\/www.atta45.se\/e-butik\/wp-json\/wp\/v2\/media\/106573"}],"wp:attachment":[{"href":"https:\/\/www.atta45.se\/e-butik\/wp-json\/wp\/v2\/media?parent=106562"}],"wp:term":[{"taxonomy":"product_brand","embeddable":true,"href":"https:\/\/www.atta45.se\/e-butik\/wp-json\/wp\/v2\/product_brand?post=106562"},{"taxonomy":"product_cat","embeddable":true,"href":"https:\/\/www.atta45.se\/e-butik\/wp-json\/wp\/v2\/product_cat?post=106562"},{"taxonomy":"product_tag","embeddable":true,"href":"https:\/\/www.atta45.se\/e-butik\/wp-json\/wp\/v2\/product_tag?post=106562"}],"curies":[{"name":"wp","href":"https:\/\/api.w.org\/{rel}","templated":true}]}}