{"id":106474,"date":"2024-12-30T00:42:30","date_gmt":"2024-12-29T23:42:30","guid":{"rendered":"https:\/\/www.atta45.se\/e-butik\/produkt\/keps-washed\/"},"modified":"2025-10-27T18:43:17","modified_gmt":"2025-10-27T17:43:17","slug":"keps-washed","status":"publish","type":"product","link":"https:\/\/www.atta45.se\/e-butik\/produkt\/keps-washed\/","title":{"rendered":"Keps Washed"},"content":{"rendered":"<p>Den WASHED LIGHT kepsen \u00e4r enkel enf\u00e4rgad som finns i olika f\u00e4rger. Den \u00e4r perfekt f\u00f6r f\u00f6retagspresentationer p\u00e5 grund av dess enf\u00e4rgade format och \u00e4r idealisk f\u00f6r logotyptryck. V\u00e4lj bara en f\u00e4rg som matchar din f\u00f6retagsidentitet.<\/p>\n<p>BtCap<\/p>\n","protected":false},"excerpt":{"rendered":"<p>Den WASHED LIGHT kepsen \u00e4r enkel enf\u00e4rgad som finns i olika f\u00e4rger. Den \u00e4r perfekt f\u00f6r f\u00f6retagspresentationer p\u00e5 grund av dess enf\u00e4rgade format och \u00e4r idealisk f\u00f6r logotyptryck. V\u00e4lj bara en f\u00e4rg som matchar din f\u00f6retagsidentitet. BtCap<\/p>\n","protected":false},"featured_media":79332,"template":"","meta":{"_acf_changed":false,"_seopress_robots_primary_cat":"","_seopress_titles_title":"","_seopress_titles_desc":"","_seopress_robots_index":""},"product_brand":[],"product_cat":[15],"product_tag":[],"class_list":{"0":"post-106474","1":"product","2":"type-product","3":"status-publish","4":"has-post-thumbnail","6":"product_cat-okategoriserad","7":"atta45_taxonomy-kepsar-mossor-btcap-collection-kepsar-sv","9":"first","10":"instock","11":"taxable","12":"shipping-taxable","13":"purchasable","14":"product-type-variable"},"acf":[],"_links":{"self":[{"href":"https:\/\/www.atta45.se\/e-butik\/wp-json\/wp\/v2\/product\/106474","targetHints":{"allow":["GET"]}}],"collection":[{"href":"https:\/\/www.atta45.se\/e-butik\/wp-json\/wp\/v2\/product"}],"about":[{"href":"https:\/\/www.atta45.se\/e-butik\/wp-json\/wp\/v2\/types\/product"}],"wp:featuredmedia":[{"embeddable":true,"href":"https:\/\/www.atta45.se\/e-butik\/wp-json\/wp\/v2\/media\/79332"}],"wp:attachment":[{"href":"https:\/\/www.atta45.se\/e-butik\/wp-json\/wp\/v2\/media?parent=106474"}],"wp:term":[{"taxonomy":"product_brand","embeddable":true,"href":"https:\/\/www.atta45.se\/e-butik\/wp-json\/wp\/v2\/product_brand?post=106474"},{"taxonomy":"product_cat","embeddable":true,"href":"https:\/\/www.atta45.se\/e-butik\/wp-json\/wp\/v2\/product_cat?post=106474"},{"taxonomy":"product_tag","embeddable":true,"href":"https:\/\/www.atta45.se\/e-butik\/wp-json\/wp\/v2\/product_tag?post=106474"}],"curies":[{"name":"wp","href":"https:\/\/api.w.org\/{rel}","templated":true}]}}