{"id":106444,"date":"2024-12-30T00:41:52","date_gmt":"2024-12-29T23:41:52","guid":{"rendered":"https:\/\/www.atta45.se\/e-butik\/produkt\/keps-uv\/"},"modified":"2025-10-27T18:42:37","modified_gmt":"2025-10-27T17:42:37","slug":"keps-uv","status":"publish","type":"product","link":"https:\/\/www.atta45.se\/e-butik\/produkt\/keps-uv\/","title":{"rendered":"Keps UV"},"content":{"rendered":"<p> UV PROTECTION \u00e4r en keps i vuxenstorlek som finns i olika f\u00e4rgkombinationer. Den har kardborrest\u00e4ngning med plastring. Denna enf\u00e4rgade keps \u00e4r sporttillbeh\u00f6r med vit laminering p\u00e5 toppen. G\u00e5 vidare och v\u00e4lj en.<\/p>\n<p>BtCap<\/p>\n","protected":false},"excerpt":{"rendered":"<p>UV PROTECTION \u00e4r en keps i vuxenstorlek som finns i olika f\u00e4rgkombinationer. Den har kardborrest\u00e4ngning med plastring. Denna enf\u00e4rgade keps \u00e4r sporttillbeh\u00f6r med vit laminering p\u00e5 toppen. G\u00e5 vidare och v\u00e4lj en. BtCap<\/p>\n","protected":false},"featured_media":106447,"template":"","meta":{"_acf_changed":false,"_seopress_robots_primary_cat":"","_seopress_titles_title":"","_seopress_titles_desc":"","_seopress_robots_index":""},"product_brand":[],"product_cat":[15],"product_tag":[],"class_list":{"0":"post-106444","1":"product","2":"type-product","3":"status-publish","4":"has-post-thumbnail","6":"product_cat-okategoriserad","7":"atta45_taxonomy-kepsar-mossor-btcap-collection-kepsar-sv","9":"first","10":"instock","11":"taxable","12":"shipping-taxable","13":"purchasable","14":"product-type-variable"},"acf":[],"_links":{"self":[{"href":"https:\/\/www.atta45.se\/e-butik\/wp-json\/wp\/v2\/product\/106444","targetHints":{"allow":["GET"]}}],"collection":[{"href":"https:\/\/www.atta45.se\/e-butik\/wp-json\/wp\/v2\/product"}],"about":[{"href":"https:\/\/www.atta45.se\/e-butik\/wp-json\/wp\/v2\/types\/product"}],"wp:featuredmedia":[{"embeddable":true,"href":"https:\/\/www.atta45.se\/e-butik\/wp-json\/wp\/v2\/media\/106447"}],"wp:attachment":[{"href":"https:\/\/www.atta45.se\/e-butik\/wp-json\/wp\/v2\/media?parent=106444"}],"wp:term":[{"taxonomy":"product_brand","embeddable":true,"href":"https:\/\/www.atta45.se\/e-butik\/wp-json\/wp\/v2\/product_brand?post=106444"},{"taxonomy":"product_cat","embeddable":true,"href":"https:\/\/www.atta45.se\/e-butik\/wp-json\/wp\/v2\/product_cat?post=106444"},{"taxonomy":"product_tag","embeddable":true,"href":"https:\/\/www.atta45.se\/e-butik\/wp-json\/wp\/v2\/product_tag?post=106444"}],"curies":[{"name":"wp","href":"https:\/\/api.w.org\/{rel}","templated":true}]}}