{"id":106387,"date":"2024-12-30T00:40:27","date_gmt":"2024-12-29T23:40:27","guid":{"rendered":"https:\/\/www.atta45.se\/e-butik\/produkt\/mossa-prestige\/"},"modified":"2025-10-27T18:37:44","modified_gmt":"2025-10-27T17:37:44","slug":"mossa-prestige","status":"publish","type":"product","link":"https:\/\/www.atta45.se\/e-butik\/produkt\/mossa-prestige\/","title":{"rendered":"M\u00f6ssa Prestige"},"content":{"rendered":"<p> Enkel och bekv\u00e4m vinterm\u00f6ssa, gjord av 100% akryl. Det inre \u00e4r pannbandet fr\u00e5n thePOLYCOLON &#8211; \u00e4r ett raffinerat, polypropenbaserat, kamgarn spunnet l\u00e5ngh\u00e4ftat garn. Har blivit avg\u00f6rande f\u00f6r v\u00e4rlden av kr\u00e4vande sportkl\u00e4der. L\u00e4tt, andningsbar och svettavvisande. Denna fantastiska vinterm\u00f6ssa finns i fem f\u00e4rgvarianter.<\/p>\n<p>BtCap<\/p>\n","protected":false},"excerpt":{"rendered":"<p>Enkel och bekv\u00e4m vinterm\u00f6ssa, gjord av 100% akryl. Det inre \u00e4r pannbandet fr\u00e5n thePOLYCOLON &#8211; \u00e4r ett raffinerat, polypropenbaserat, kamgarn spunnet l\u00e5ngh\u00e4ftat garn. Har blivit avg\u00f6rande f\u00f6r v\u00e4rlden av kr\u00e4vande sportkl\u00e4der. L\u00e4tt, andningsbar och svettavvisande. Denna fantastiska vinterm\u00f6ssa finns i fem f\u00e4rgvarianter. BtCap<\/p>\n","protected":false},"featured_media":81248,"template":"","meta":{"_acf_changed":false,"_seopress_robots_primary_cat":"","_seopress_titles_title":"","_seopress_titles_desc":"","_seopress_robots_index":""},"product_brand":[],"product_cat":[15],"product_tag":[],"class_list":{"0":"post-106387","1":"product","2":"type-product","3":"status-publish","4":"has-post-thumbnail","6":"product_cat-okategoriserad","7":"atta45_taxonomy-kepsar-mossor-btcap-collection-mossor-sv","9":"first","10":"outofstock","11":"taxable","12":"shipping-taxable","13":"product-type-variable"},"acf":[],"_links":{"self":[{"href":"https:\/\/www.atta45.se\/e-butik\/wp-json\/wp\/v2\/product\/106387","targetHints":{"allow":["GET"]}}],"collection":[{"href":"https:\/\/www.atta45.se\/e-butik\/wp-json\/wp\/v2\/product"}],"about":[{"href":"https:\/\/www.atta45.se\/e-butik\/wp-json\/wp\/v2\/types\/product"}],"wp:featuredmedia":[{"embeddable":true,"href":"https:\/\/www.atta45.se\/e-butik\/wp-json\/wp\/v2\/media\/81248"}],"wp:attachment":[{"href":"https:\/\/www.atta45.se\/e-butik\/wp-json\/wp\/v2\/media?parent=106387"}],"wp:term":[{"taxonomy":"product_brand","embeddable":true,"href":"https:\/\/www.atta45.se\/e-butik\/wp-json\/wp\/v2\/product_brand?post=106387"},{"taxonomy":"product_cat","embeddable":true,"href":"https:\/\/www.atta45.se\/e-butik\/wp-json\/wp\/v2\/product_cat?post=106387"},{"taxonomy":"product_tag","embeddable":true,"href":"https:\/\/www.atta45.se\/e-butik\/wp-json\/wp\/v2\/product_tag?post=106387"}],"curies":[{"name":"wp","href":"https:\/\/api.w.org\/{rel}","templated":true}]}}