{"id":106357,"date":"2024-12-30T00:39:37","date_gmt":"2024-12-29T23:39:37","guid":{"rendered":"https:\/\/www.atta45.se\/e-butik\/produkt\/keps-snap-curved\/"},"modified":"2025-10-27T18:28:38","modified_gmt":"2025-10-27T17:28:38","slug":"keps-snap-curved","status":"publish","type":"product","link":"https:\/\/www.atta45.se\/e-butik\/produkt\/keps-snap-curved\/","title":{"rendered":"Keps Snap Curved"},"content":{"rendered":"<p>Mycket modern och trevlig keps i snapback-stilen, toppen \u00e4r l\u00e4tt b\u00f6jd. Du kan alltid svalka dig med denna keps.<\/p>\n<p>BtCap<\/p>\n","protected":false},"excerpt":{"rendered":"<p>Mycket modern och trevlig keps i snapback-stilen, toppen \u00e4r l\u00e4tt b\u00f6jd. Du kan alltid svalka dig med denna keps. BtCap<\/p>\n","protected":false},"featured_media":106360,"template":"","meta":{"_acf_changed":false,"_seopress_robots_primary_cat":"","_seopress_titles_title":"","_seopress_titles_desc":"","_seopress_robots_index":""},"product_brand":[],"product_cat":[15],"product_tag":[],"class_list":{"0":"post-106357","1":"product","2":"type-product","3":"status-publish","4":"has-post-thumbnail","6":"product_cat-okategoriserad","7":"atta45_taxonomy-kepsar-mossor-btcap-collection-kepsar-sv","9":"first","10":"instock","11":"taxable","12":"shipping-taxable","13":"purchasable","14":"product-type-variable"},"acf":[],"_links":{"self":[{"href":"https:\/\/www.atta45.se\/e-butik\/wp-json\/wp\/v2\/product\/106357","targetHints":{"allow":["GET"]}}],"collection":[{"href":"https:\/\/www.atta45.se\/e-butik\/wp-json\/wp\/v2\/product"}],"about":[{"href":"https:\/\/www.atta45.se\/e-butik\/wp-json\/wp\/v2\/types\/product"}],"wp:featuredmedia":[{"embeddable":true,"href":"https:\/\/www.atta45.se\/e-butik\/wp-json\/wp\/v2\/media\/106360"}],"wp:attachment":[{"href":"https:\/\/www.atta45.se\/e-butik\/wp-json\/wp\/v2\/media?parent=106357"}],"wp:term":[{"taxonomy":"product_brand","embeddable":true,"href":"https:\/\/www.atta45.se\/e-butik\/wp-json\/wp\/v2\/product_brand?post=106357"},{"taxonomy":"product_cat","embeddable":true,"href":"https:\/\/www.atta45.se\/e-butik\/wp-json\/wp\/v2\/product_cat?post=106357"},{"taxonomy":"product_tag","embeddable":true,"href":"https:\/\/www.atta45.se\/e-butik\/wp-json\/wp\/v2\/product_tag?post=106357"}],"curies":[{"name":"wp","href":"https:\/\/api.w.org\/{rel}","templated":true}]}}