{"id":106337,"date":"2024-12-30T00:39:08","date_gmt":"2024-12-29T23:39:08","guid":{"rendered":"https:\/\/www.atta45.se\/e-butik\/produkt\/keps-snap-solid\/"},"modified":"2025-10-27T18:27:13","modified_gmt":"2025-10-27T17:27:13","slug":"keps-snap-solid","status":"publish","type":"product","link":"https:\/\/www.atta45.se\/e-butik\/produkt\/keps-snap-solid\/","title":{"rendered":"Keps Snap Solid"},"content":{"rendered":"<p>SNAP SOLID \u00e4r enf\u00e4rgad keps. Flat peak \u00e4r p\u00e5 modet och skyddar dig dessutom fr\u00e5n solljus. Svettband i 100 % bomull ger dig perfekt skydd mot svett under varma dagar.<\/p>\n<p>BtCap<\/p>\n","protected":false},"excerpt":{"rendered":"<p>SNAP SOLID \u00e4r enf\u00e4rgad keps. Flat peak \u00e4r p\u00e5 modet och skyddar dig dessutom fr\u00e5n solljus. Svettband i 100 % bomull ger dig perfekt skydd mot svett under varma dagar. BtCap<\/p>\n","protected":false},"featured_media":78485,"template":"","meta":{"_acf_changed":false,"_seopress_robots_primary_cat":"","_seopress_titles_title":"","_seopress_titles_desc":"","_seopress_robots_index":""},"product_brand":[],"product_cat":[15],"product_tag":[],"class_list":{"0":"post-106337","1":"product","2":"type-product","3":"status-publish","4":"has-post-thumbnail","6":"product_cat-okategoriserad","7":"atta45_taxonomy-kepsar-mossor-btcap-collection-kepsar-sv","9":"first","10":"instock","11":"taxable","12":"shipping-taxable","13":"purchasable","14":"product-type-variable"},"acf":[],"_links":{"self":[{"href":"https:\/\/www.atta45.se\/e-butik\/wp-json\/wp\/v2\/product\/106337","targetHints":{"allow":["GET"]}}],"collection":[{"href":"https:\/\/www.atta45.se\/e-butik\/wp-json\/wp\/v2\/product"}],"about":[{"href":"https:\/\/www.atta45.se\/e-butik\/wp-json\/wp\/v2\/types\/product"}],"wp:featuredmedia":[{"embeddable":true,"href":"https:\/\/www.atta45.se\/e-butik\/wp-json\/wp\/v2\/media\/78485"}],"wp:attachment":[{"href":"https:\/\/www.atta45.se\/e-butik\/wp-json\/wp\/v2\/media?parent=106337"}],"wp:term":[{"taxonomy":"product_brand","embeddable":true,"href":"https:\/\/www.atta45.se\/e-butik\/wp-json\/wp\/v2\/product_brand?post=106337"},{"taxonomy":"product_cat","embeddable":true,"href":"https:\/\/www.atta45.se\/e-butik\/wp-json\/wp\/v2\/product_cat?post=106337"},{"taxonomy":"product_tag","embeddable":true,"href":"https:\/\/www.atta45.se\/e-butik\/wp-json\/wp\/v2\/product_tag?post=106337"}],"curies":[{"name":"wp","href":"https:\/\/api.w.org\/{rel}","templated":true}]}}