{"id":106295,"date":"2024-12-30T00:37:29","date_gmt":"2024-12-29T23:37:29","guid":{"rendered":"https:\/\/www.atta45.se\/e-butik\/produkt\/keps-heavy\/"},"modified":"2025-10-27T18:26:34","modified_gmt":"2025-10-27T17:26:34","slug":"keps-heavy","status":"publish","type":"product","link":"https:\/\/www.atta45.se\/e-butik\/produkt\/keps-heavy\/","title":{"rendered":"Keps Heavy"},"content":{"rendered":"<p>HEAVY produkt \u00e4r den klassiska typen av keps. Den \u00e4r gjord av h\u00f6gkvalitativa material &#8211; kraftig borstad bomull. Den \u00e4r perfekt f\u00f6r att skapa f\u00f6retagsidentiteter &#8211; l\u00e4mpar sig f\u00f6r utskrift av f\u00f6retagslogotyp och andra f\u00f6retagsslogansmaterial.<\/p>\n<p>BtCap<\/p>\n","protected":false},"excerpt":{"rendered":"<p>HEAVY produkt \u00e4r den klassiska typen av keps. Den \u00e4r gjord av h\u00f6gkvalitativa material &#8211; kraftig borstad bomull. Den \u00e4r perfekt f\u00f6r att skapa f\u00f6retagsidentiteter &#8211; l\u00e4mpar sig f\u00f6r utskrift av f\u00f6retagslogotyp och andra f\u00f6retagsslogansmaterial. BtCap<\/p>\n","protected":false},"featured_media":106308,"template":"","meta":{"_acf_changed":false,"_seopress_robots_primary_cat":"","_seopress_titles_title":"","_seopress_titles_desc":"","_seopress_robots_index":""},"product_brand":[],"product_cat":[15],"product_tag":[],"class_list":{"0":"post-106295","1":"product","2":"type-product","3":"status-publish","4":"has-post-thumbnail","6":"product_cat-okategoriserad","7":"atta45_taxonomy-kepsar-mossor-btcap-collection-kepsar-sv","9":"first","10":"instock","11":"taxable","12":"shipping-taxable","13":"purchasable","14":"product-type-variable"},"acf":[],"_links":{"self":[{"href":"https:\/\/www.atta45.se\/e-butik\/wp-json\/wp\/v2\/product\/106295","targetHints":{"allow":["GET"]}}],"collection":[{"href":"https:\/\/www.atta45.se\/e-butik\/wp-json\/wp\/v2\/product"}],"about":[{"href":"https:\/\/www.atta45.se\/e-butik\/wp-json\/wp\/v2\/types\/product"}],"wp:featuredmedia":[{"embeddable":true,"href":"https:\/\/www.atta45.se\/e-butik\/wp-json\/wp\/v2\/media\/106308"}],"wp:attachment":[{"href":"https:\/\/www.atta45.se\/e-butik\/wp-json\/wp\/v2\/media?parent=106295"}],"wp:term":[{"taxonomy":"product_brand","embeddable":true,"href":"https:\/\/www.atta45.se\/e-butik\/wp-json\/wp\/v2\/product_brand?post=106295"},{"taxonomy":"product_cat","embeddable":true,"href":"https:\/\/www.atta45.se\/e-butik\/wp-json\/wp\/v2\/product_cat?post=106295"},{"taxonomy":"product_tag","embeddable":true,"href":"https:\/\/www.atta45.se\/e-butik\/wp-json\/wp\/v2\/product_tag?post=106295"}],"curies":[{"name":"wp","href":"https:\/\/api.w.org\/{rel}","templated":true}]}}