{"id":106099,"date":"2024-12-30T00:33:48","date_gmt":"2024-12-29T23:33:48","guid":{"rendered":"https:\/\/www.atta45.se\/e-butik\/produkt\/schwarzwolf-armador-multiverktyg-15-i-1\/"},"modified":"2025-10-27T18:12:36","modified_gmt":"2025-10-27T17:12:36","slug":"schwarzwolf-armador-multiverktyg-15-i-1","status":"publish","type":"product","link":"https:\/\/www.atta45.se\/e-butik\/produkt\/schwarzwolf-armador-multiverktyg-15-i-1\/","title":{"rendered":"Multiverktyg 15-i-1 Schwarzwolf Armador"},"content":{"rendered":"<p>15-i-1 multifunktionell Schwarzwolf kniv med s\u00e4kerhetsl\u00e5s i svart neoprenp\u00e5se. F\u00f6rpackad i Schwarzwolf presentf\u00f6rpackning.<br \/>Material: Glids\u00e4kert aluminiumhandtag, verktyg i rostfritt material<br \/>Rekommenderad m\u00e4rkning: Lasergravyr L1<br \/>Maximal tryckstorlek: 30 \u00d7 8 mm<br \/>Dimenson i slutet format: 10 cm<\/p>\n","protected":false},"excerpt":{"rendered":"<p>15-i-1 multifunktionell Schwarzwolf kniv med s\u00e4kerhetsl\u00e5s i svart neoprenp\u00e5se. F\u00f6rpackad i Schwarzwolf presentf\u00f6rpackning.Material: Glids\u00e4kert aluminiumhandtag, verktyg i rostfritt materialRekommenderad m\u00e4rkning: Lasergravyr L1Maximal tryckstorlek: 30 \u00d7 8 mmDimenson i slutet format: 10 cm<\/p>\n","protected":false},"featured_media":106116,"template":"","meta":{"_acf_changed":false,"_seopress_robots_primary_cat":"","_seopress_titles_title":"","_seopress_titles_desc":"","_seopress_robots_index":""},"product_brand":[],"product_cat":[15],"product_tag":[],"class_list":{"0":"post-106099","1":"product","2":"type-product","3":"status-publish","4":"has-post-thumbnail","6":"product_cat-okategoriserad","7":"atta45_taxonomy-reflexer-verktyg-sakerhet-multiverktyg-sv","8":"atta45_taxonomy-tema-inspiration-varumarken-schwarzwolf-sv","10":"first","11":"instock","12":"taxable","13":"shipping-taxable","14":"purchasable","15":"product-type-variable"},"acf":[],"_links":{"self":[{"href":"https:\/\/www.atta45.se\/e-butik\/wp-json\/wp\/v2\/product\/106099","targetHints":{"allow":["GET"]}}],"collection":[{"href":"https:\/\/www.atta45.se\/e-butik\/wp-json\/wp\/v2\/product"}],"about":[{"href":"https:\/\/www.atta45.se\/e-butik\/wp-json\/wp\/v2\/types\/product"}],"wp:featuredmedia":[{"embeddable":true,"href":"https:\/\/www.atta45.se\/e-butik\/wp-json\/wp\/v2\/media\/106116"}],"wp:attachment":[{"href":"https:\/\/www.atta45.se\/e-butik\/wp-json\/wp\/v2\/media?parent=106099"}],"wp:term":[{"taxonomy":"product_brand","embeddable":true,"href":"https:\/\/www.atta45.se\/e-butik\/wp-json\/wp\/v2\/product_brand?post=106099"},{"taxonomy":"product_cat","embeddable":true,"href":"https:\/\/www.atta45.se\/e-butik\/wp-json\/wp\/v2\/product_cat?post=106099"},{"taxonomy":"product_tag","embeddable":true,"href":"https:\/\/www.atta45.se\/e-butik\/wp-json\/wp\/v2\/product_tag?post=106099"}],"curies":[{"name":"wp","href":"https:\/\/api.w.org\/{rel}","templated":true}]}}