{"id":106069,"date":"2024-12-30T00:33:08","date_gmt":"2024-12-29T23:33:08","guid":{"rendered":"https:\/\/www.atta45.se\/e-butik\/produkt\/schwarzwolf-pony-multiverktyg-13-i-1\/"},"modified":"2025-10-27T18:12:22","modified_gmt":"2025-10-27T17:12:22","slug":"schwarzwolf-pony-multiverktyg-13-i-1","status":"publish","type":"product","link":"https:\/\/www.atta45.se\/e-butik\/produkt\/schwarzwolf-pony-multiverktyg-13-i-1\/","title":{"rendered":"Multiverktyg 13-i-1 mini Schwarzwolf Pony"},"content":{"rendered":"<p>13-i-1 multifunktionell Schwarzwolf kniv i neoprenp\u00e5se.<br \/>F\u00f6rpackad i Schwarzwolf presentf\u00f6rpackning.<br \/>Material: Glids\u00e4kert handtag, verktyg i rostfritt material<br \/>Rekommenderad m\u00e4rkning: Lasergravyr L1<br \/>Maximal tryckstorlek: 20 \u00d7 5 mm<br \/>Storlek (st\u00e4ngd): 6,8 cm<\/p>\n","protected":false},"excerpt":{"rendered":"<p>13-i-1 multifunktionell Schwarzwolf kniv i neoprenp\u00e5se.F\u00f6rpackad i Schwarzwolf presentf\u00f6rpackning.Material: Glids\u00e4kert handtag, verktyg i rostfritt materialRekommenderad m\u00e4rkning: Lasergravyr L1Maximal tryckstorlek: 20 \u00d7 5 mmStorlek (st\u00e4ngd): 6,8 cm<\/p>\n","protected":false},"featured_media":106078,"template":"","meta":{"_acf_changed":false,"_seopress_robots_primary_cat":"","_seopress_titles_title":"","_seopress_titles_desc":"","_seopress_robots_index":""},"product_brand":[],"product_cat":[15],"product_tag":[],"class_list":{"0":"post-106069","1":"product","2":"type-product","3":"status-publish","4":"has-post-thumbnail","6":"product_cat-okategoriserad","7":"atta45_taxonomy-reflexer-verktyg-sakerhet-multiverktyg-sv","8":"atta45_taxonomy-tema-inspiration-varumarken-schwarzwolf-sv","10":"first","11":"instock","12":"taxable","13":"shipping-taxable","14":"purchasable","15":"product-type-variable"},"acf":[],"_links":{"self":[{"href":"https:\/\/www.atta45.se\/e-butik\/wp-json\/wp\/v2\/product\/106069","targetHints":{"allow":["GET"]}}],"collection":[{"href":"https:\/\/www.atta45.se\/e-butik\/wp-json\/wp\/v2\/product"}],"about":[{"href":"https:\/\/www.atta45.se\/e-butik\/wp-json\/wp\/v2\/types\/product"}],"wp:featuredmedia":[{"embeddable":true,"href":"https:\/\/www.atta45.se\/e-butik\/wp-json\/wp\/v2\/media\/106078"}],"wp:attachment":[{"href":"https:\/\/www.atta45.se\/e-butik\/wp-json\/wp\/v2\/media?parent=106069"}],"wp:term":[{"taxonomy":"product_brand","embeddable":true,"href":"https:\/\/www.atta45.se\/e-butik\/wp-json\/wp\/v2\/product_brand?post=106069"},{"taxonomy":"product_cat","embeddable":true,"href":"https:\/\/www.atta45.se\/e-butik\/wp-json\/wp\/v2\/product_cat?post=106069"},{"taxonomy":"product_tag","embeddable":true,"href":"https:\/\/www.atta45.se\/e-butik\/wp-json\/wp\/v2\/product_tag?post=106069"}],"curies":[{"name":"wp","href":"https:\/\/api.w.org\/{rel}","templated":true}]}}