{"id":105310,"date":"2024-12-29T21:52:19","date_gmt":"2024-12-29T20:52:19","guid":{"rendered":"https:\/\/www.atta45.se\/e-butik\/produkt\/schwarzwolf-burundi-multifunktionsverktyg\/"},"modified":"2025-10-27T19:12:38","modified_gmt":"2025-10-27T18:12:38","slug":"schwarzwolf-burundi-multifunktionsverktyg","status":"publish","type":"product","link":"https:\/\/www.atta45.se\/e-butik\/produkt\/schwarzwolf-burundi-multifunktionsverktyg\/","title":{"rendered":"Multifunktionsverktyg Schwarzwolf BURUNDI"},"content":{"rendered":"<p>Multifunktionellt Schwarzwolf-verktyg med 10 funktioner. Den har en karbinhake, flask\u00f6ppnare, multifunktions\u00f6ppnare, tr\u00e5dsk\u00e4rare, sp\u00e5rskruvmejsel, stj\u00e4rnskruvmejsel och nyckel (4 storlekar). F\u00f6rpackad i en Schwarzwolf presentf\u00f6rpackning. Material: rostfritt st\u00e5l 420. Rekommenderad tryckteknik: lasergravering L1. Maximal tryckstorlek: 15 \u00d7 5 mm. M\u00e5tt: 7,5 \u00d7 3,5 \u00d7 0,7 cm. Koldioxidavtryck: gCO2 e495<\/p>\n","protected":false},"excerpt":{"rendered":"<p>Multifunktionellt Schwarzwolf-verktyg med 10 funktioner. Den har en karbinhake, flask\u00f6ppnare, multifunktions\u00f6ppnare, tr\u00e5dsk\u00e4rare, sp\u00e5rskruvmejsel, stj\u00e4rnskruvmejsel och nyckel (4 storlekar). F\u00f6rpackad i en Schwarzwolf presentf\u00f6rpackning. Material: rostfritt st\u00e5l 420. Rekommenderad tryckteknik: lasergravering L1. Maximal tryckstorlek: 15 \u00d7 5 mm. M\u00e5tt: 7,5 \u00d7 3,5 \u00d7 0,7 cm. Koldioxidavtryck: gCO2 e495<\/p>\n","protected":false},"featured_media":105311,"template":"","meta":{"_acf_changed":false,"_seopress_robots_primary_cat":"","_seopress_titles_title":"","_seopress_titles_desc":"","_seopress_robots_index":""},"product_brand":[],"product_cat":[15],"product_tag":[],"class_list":{"0":"post-105310","1":"product","2":"type-product","3":"status-publish","4":"has-post-thumbnail","6":"product_cat-okategoriserad","7":"atta45_taxonomy-reflexer-verktyg-sakerhet-multiverktyg-sv","8":"atta45_taxonomy-tema-inspiration-varumarken-schwarzwolf-sv","10":"first","11":"instock","12":"taxable","13":"shipping-taxable","14":"purchasable","15":"product-type-variable"},"acf":[],"_links":{"self":[{"href":"https:\/\/www.atta45.se\/e-butik\/wp-json\/wp\/v2\/product\/105310","targetHints":{"allow":["GET"]}}],"collection":[{"href":"https:\/\/www.atta45.se\/e-butik\/wp-json\/wp\/v2\/product"}],"about":[{"href":"https:\/\/www.atta45.se\/e-butik\/wp-json\/wp\/v2\/types\/product"}],"wp:featuredmedia":[{"embeddable":true,"href":"https:\/\/www.atta45.se\/e-butik\/wp-json\/wp\/v2\/media\/105311"}],"wp:attachment":[{"href":"https:\/\/www.atta45.se\/e-butik\/wp-json\/wp\/v2\/media?parent=105310"}],"wp:term":[{"taxonomy":"product_brand","embeddable":true,"href":"https:\/\/www.atta45.se\/e-butik\/wp-json\/wp\/v2\/product_brand?post=105310"},{"taxonomy":"product_cat","embeddable":true,"href":"https:\/\/www.atta45.se\/e-butik\/wp-json\/wp\/v2\/product_cat?post=105310"},{"taxonomy":"product_tag","embeddable":true,"href":"https:\/\/www.atta45.se\/e-butik\/wp-json\/wp\/v2\/product_tag?post=105310"}],"curies":[{"name":"wp","href":"https:\/\/api.w.org\/{rel}","templated":true}]}}