{"id":105272,"date":"2024-12-29T21:51:20","date_gmt":"2024-12-29T20:51:20","guid":{"rendered":"https:\/\/www.atta45.se\/e-butik\/produkt\/schwarzwolf-noble-multiverktyg\/"},"modified":"2025-10-27T19:07:02","modified_gmt":"2025-10-27T18:07:02","slug":"schwarzwolf-noble-multiverktyg","status":"publish","type":"product","link":"https:\/\/www.atta45.se\/e-butik\/produkt\/schwarzwolf-noble-multiverktyg\/","title":{"rendered":"Multiverktyg Schwarzwolf Noble"},"content":{"rendered":"<p>Schwarzwolf multiverktyg inneh\u00e5ller 11 typer av verktyg<br \/>&#8211; en kniv<br \/>&#8211; en \u00f6l\u00f6ppnare<br \/>&#8211; en konserv\u00f6ppnare<br \/>&#8211; t\u00e5ng<br \/>&#8211; splitters<br \/>&#8211; en s\u00e5g<br \/>&#8211; en skruvdragare<br \/>&#8211; en stj\u00e4rnskruvmejsel<br \/>&#8211; en fil, ett strippningsverktyg<\/p>\n<p>Verktygssetet har en karbinhake och \u00e4r f\u00f6rpackat i ett neoprenfodral och \u00e4r f\u00f6rpackat i en Schwarzwolf-l\u00e5da.<\/p>\n<p>Rekommenderad utskriftsteknik: laser L1.<\/p>\n<p>Maximal utskriftsstorlek: 30 \u00d7 8 mm.<\/p>\n<p>M\u00e5tt: i st\u00e4ngt tillst\u00e5nd 10,5 \u00d7 4 \u00d7 2 cm.<\/p>\n<p>Kartongm\u00e4ngd i st: 40<\/p>\n<p>Koldioxidavtryck: gCO2e 1574<\/p>\n","protected":false},"excerpt":{"rendered":"<p>Schwarzwolf multiverktyg inneh\u00e5ller 11 typer av verktyg&#8211; en kniv&#8211; en \u00f6l\u00f6ppnare&#8211; en konserv\u00f6ppnare&#8211; t\u00e5ng&#8211; splitters&#8211; en s\u00e5g&#8211; en skruvdragare&#8211; en stj\u00e4rnskruvmejsel&#8211; en fil, ett strippningsverktyg Verktygssetet har en karbinhake och \u00e4r f\u00f6rpackat i ett neoprenfodral och \u00e4r f\u00f6rpackat i en Schwarzwolf-l\u00e5da. Rekommenderad utskriftsteknik: laser L1. Maximal utskriftsstorlek: 30 \u00d7 8 mm. M\u00e5tt: i st\u00e4ngt tillst\u00e5nd [&hellip;]<\/p>\n","protected":false},"featured_media":105273,"template":"","meta":{"_acf_changed":false,"_seopress_robots_primary_cat":"","_seopress_titles_title":"","_seopress_titles_desc":"","_seopress_robots_index":""},"product_brand":[],"product_cat":[15],"product_tag":[],"class_list":{"0":"post-105272","1":"product","2":"type-product","3":"status-publish","4":"has-post-thumbnail","6":"product_cat-okategoriserad","7":"atta45_taxonomy-reflexer-verktyg-sakerhet-knivar-sv","8":"atta45_taxonomy-reflexer-verktyg-sakerhet-multiverktyg-sv","9":"atta45_taxonomy-tema-inspiration-varumarken-schwarzwolf-sv","11":"first","12":"instock","13":"taxable","14":"shipping-taxable","15":"purchasable","16":"product-type-variable"},"acf":[],"_links":{"self":[{"href":"https:\/\/www.atta45.se\/e-butik\/wp-json\/wp\/v2\/product\/105272","targetHints":{"allow":["GET"]}}],"collection":[{"href":"https:\/\/www.atta45.se\/e-butik\/wp-json\/wp\/v2\/product"}],"about":[{"href":"https:\/\/www.atta45.se\/e-butik\/wp-json\/wp\/v2\/types\/product"}],"wp:featuredmedia":[{"embeddable":true,"href":"https:\/\/www.atta45.se\/e-butik\/wp-json\/wp\/v2\/media\/105273"}],"wp:attachment":[{"href":"https:\/\/www.atta45.se\/e-butik\/wp-json\/wp\/v2\/media?parent=105272"}],"wp:term":[{"taxonomy":"product_brand","embeddable":true,"href":"https:\/\/www.atta45.se\/e-butik\/wp-json\/wp\/v2\/product_brand?post=105272"},{"taxonomy":"product_cat","embeddable":true,"href":"https:\/\/www.atta45.se\/e-butik\/wp-json\/wp\/v2\/product_cat?post=105272"},{"taxonomy":"product_tag","embeddable":true,"href":"https:\/\/www.atta45.se\/e-butik\/wp-json\/wp\/v2\/product_tag?post=105272"}],"curies":[{"name":"wp","href":"https:\/\/api.w.org\/{rel}","templated":true}]}}