{"id":105256,"date":"2024-12-29T21:50:56","date_gmt":"2024-12-29T20:50:56","guid":{"rendered":"https:\/\/www.atta45.se\/e-butik\/produkt\/schwarzwolf-ontaku-ficklampa\/"},"modified":"2025-10-27T19:06:36","modified_gmt":"2025-10-27T18:06:36","slug":"schwarzwolf-ontaku-ficklampa","status":"publish","type":"product","link":"https:\/\/www.atta45.se\/e-butik\/produkt\/schwarzwolf-ontaku-ficklampa\/","title":{"rendered":"Ficklampa Schwarzwolf Ontaku"},"content":{"rendered":"<p>Schwarzwolf utomhus ficklampa med handledsrem. Den inneh\u00e5ller 5W Osram LED diod och ZOOM-funktion.<\/p>\n<p>Den har 3 ljusl\u00e4gen: stark, medium och blinkande.<\/p>\n<p>F\u00f6rpackad i presentf\u00f6rpackning.<\/p>\n<p>Ljusstyrka: 300 lumen<\/p>\n<p>Rekommenderad logoteknik: laser L1<\/p>\n<p>Maximal logostorlek: 25 \u00d7 7 mm<\/p>\n<p>M\u00e5tt: 15 \u00d7 2,8 cm<\/p>\n<p>Batterier 2 \u00d7 AA ing\u00e5r<\/p>\n<p>Koldioxidavtryck: gCO2e 907<\/p>\n","protected":false},"excerpt":{"rendered":"<p>Schwarzwolf utomhus ficklampa med handledsrem. Den inneh\u00e5ller 5W Osram LED diod och ZOOM-funktion. Den har 3 ljusl\u00e4gen: stark, medium och blinkande. F\u00f6rpackad i presentf\u00f6rpackning. Ljusstyrka: 300 lumen Rekommenderad logoteknik: laser L1 Maximal logostorlek: 25 \u00d7 7 mm M\u00e5tt: 15 \u00d7 2,8 cm Batterier 2 \u00d7 AA ing\u00e5r Koldioxidavtryck: gCO2e 907<\/p>\n","protected":false},"featured_media":105257,"template":"","meta":{"_acf_changed":false,"_seopress_robots_primary_cat":"","_seopress_titles_title":"","_seopress_titles_desc":"","_seopress_robots_index":""},"product_brand":[],"product_cat":[15],"product_tag":[],"class_list":{"0":"post-105256","1":"product","2":"type-product","3":"status-publish","4":"has-post-thumbnail","6":"product_cat-okategoriserad","7":"atta45_taxonomy-reflexer-verktyg-sakerhet-harda-reflexer-sv","8":"atta45_taxonomy-reflexer-verktyg-sakerhet-lampor-sv","9":"atta45_taxonomy-tema-inspiration-varumarken-schwarzwolf-sv","11":"first","12":"instock","13":"taxable","14":"shipping-taxable","15":"purchasable","16":"product-type-variable"},"acf":[],"_links":{"self":[{"href":"https:\/\/www.atta45.se\/e-butik\/wp-json\/wp\/v2\/product\/105256","targetHints":{"allow":["GET"]}}],"collection":[{"href":"https:\/\/www.atta45.se\/e-butik\/wp-json\/wp\/v2\/product"}],"about":[{"href":"https:\/\/www.atta45.se\/e-butik\/wp-json\/wp\/v2\/types\/product"}],"wp:featuredmedia":[{"embeddable":true,"href":"https:\/\/www.atta45.se\/e-butik\/wp-json\/wp\/v2\/media\/105257"}],"wp:attachment":[{"href":"https:\/\/www.atta45.se\/e-butik\/wp-json\/wp\/v2\/media?parent=105256"}],"wp:term":[{"taxonomy":"product_brand","embeddable":true,"href":"https:\/\/www.atta45.se\/e-butik\/wp-json\/wp\/v2\/product_brand?post=105256"},{"taxonomy":"product_cat","embeddable":true,"href":"https:\/\/www.atta45.se\/e-butik\/wp-json\/wp\/v2\/product_cat?post=105256"},{"taxonomy":"product_tag","embeddable":true,"href":"https:\/\/www.atta45.se\/e-butik\/wp-json\/wp\/v2\/product_tag?post=105256"}],"curies":[{"name":"wp","href":"https:\/\/api.w.org\/{rel}","templated":true}]}}