{"id":105242,"date":"2024-12-29T21:50:35","date_gmt":"2024-12-29T20:50:35","guid":{"rendered":"https:\/\/www.atta45.se\/e-butik\/produkt\/schwarzwolf-kikai-ficklampa\/"},"modified":"2025-10-27T19:06:25","modified_gmt":"2025-10-27T18:06:25","slug":"schwarzwolf-kikai-ficklampa","status":"publish","type":"product","link":"https:\/\/www.atta45.se\/e-butik\/produkt\/schwarzwolf-kikai-ficklampa\/","title":{"rendered":"Ficklampa Schwarzwolf KIKAI"},"content":{"rendered":"<p>Schwarzwolf utomhus ficklampa. Den inneh\u00e5ller 3X CREE XPE LED-diod och har 3 l\u00e4gen<br \/>av belysning: stark, medium och blinkande.<\/p>\n<p>F\u00f6rpackad i presentf\u00f6rpackning.<br \/>Ljusstyrka: 120 lumen<\/p>\n<p>Rekommenderad tryckteknik: laser L1<\/p>\n<p>Maximal logotypstorlek: 30 \u00d7 7 mm<\/p>\n<p>M\u00e5tt: 14,3 \u00d7 2,9 cm<br \/>Batterier 2 \u00d7 AA ing\u00e5r<br \/>Koldioxidavtryck: gCO2e 682<\/p>\n","protected":false},"excerpt":{"rendered":"<p>Schwarzwolf utomhus ficklampa. Den inneh\u00e5ller 3X CREE XPE LED-diod och har 3 l\u00e4genav belysning: stark, medium och blinkande. F\u00f6rpackad i presentf\u00f6rpackning.Ljusstyrka: 120 lumen Rekommenderad tryckteknik: laser L1 Maximal logotypstorlek: 30 \u00d7 7 mm M\u00e5tt: 14,3 \u00d7 2,9 cmBatterier 2 \u00d7 AA ing\u00e5rKoldioxidavtryck: gCO2e 682<\/p>\n","protected":false},"featured_media":105243,"template":"","meta":{"_acf_changed":false,"_seopress_robots_primary_cat":"","_seopress_titles_title":"","_seopress_titles_desc":"","_seopress_robots_index":""},"product_brand":[],"product_cat":[15],"product_tag":[],"class_list":{"0":"post-105242","1":"product","2":"type-product","3":"status-publish","4":"has-post-thumbnail","6":"product_cat-okategoriserad","7":"atta45_taxonomy-reflexer-verktyg-sakerhet-lampor-sv","8":"atta45_taxonomy-tema-inspiration-varumarken-schwarzwolf-sv","10":"first","11":"instock","12":"taxable","13":"shipping-taxable","14":"purchasable","15":"product-type-variable"},"acf":[],"_links":{"self":[{"href":"https:\/\/www.atta45.se\/e-butik\/wp-json\/wp\/v2\/product\/105242","targetHints":{"allow":["GET"]}}],"collection":[{"href":"https:\/\/www.atta45.se\/e-butik\/wp-json\/wp\/v2\/product"}],"about":[{"href":"https:\/\/www.atta45.se\/e-butik\/wp-json\/wp\/v2\/types\/product"}],"wp:featuredmedia":[{"embeddable":true,"href":"https:\/\/www.atta45.se\/e-butik\/wp-json\/wp\/v2\/media\/105243"}],"wp:attachment":[{"href":"https:\/\/www.atta45.se\/e-butik\/wp-json\/wp\/v2\/media?parent=105242"}],"wp:term":[{"taxonomy":"product_brand","embeddable":true,"href":"https:\/\/www.atta45.se\/e-butik\/wp-json\/wp\/v2\/product_brand?post=105242"},{"taxonomy":"product_cat","embeddable":true,"href":"https:\/\/www.atta45.se\/e-butik\/wp-json\/wp\/v2\/product_cat?post=105242"},{"taxonomy":"product_tag","embeddable":true,"href":"https:\/\/www.atta45.se\/e-butik\/wp-json\/wp\/v2\/product_tag?post=105242"}],"curies":[{"name":"wp","href":"https:\/\/api.w.org\/{rel}","templated":true}]}}