{"id":105023,"date":"2024-12-29T21:39:41","date_gmt":"2024-12-29T20:39:41","guid":{"rendered":"https:\/\/www.atta45.se\/e-butik\/produkt\/schwarzwolf-antelao-ficklampa\/"},"modified":"2025-10-27T18:11:44","modified_gmt":"2025-10-27T17:11:44","slug":"schwarzwolf-antelao-ficklampa","status":"publish","type":"product","link":"https:\/\/www.atta45.se\/e-butik\/produkt\/schwarzwolf-antelao-ficklampa\/","title":{"rendered":"Ficklampa utomhus Schwarzwolf Antelao"},"content":{"rendered":"<p>Ficklampa Schwarzwolf f\u00f6r utomhusbruk, med handledsrem. Tack vare det f\u00f6rl\u00e4ngda huvudet \u00e4r det m\u00f6jligt att reglera fokus och f\u00f6rst\u00e4rka ljusstyrkan. F\u00f6rpackad i Schwarzwolf presentf\u00f6rpackning.<br \/>Ljusstyrka: 260 lumen, CREE T6 diod<br \/>Rekommenderad m\u00e4rkning: Lasergravyr L1<br \/>Maximalt tryckstorlek: 20 \u00d7 5 mm<br \/>M\u00e5tt: 13,5 \u00d7 3,5 cm,<br \/>F\u00f6rl\u00e4ngning: l\u00e4ngd 16 cm<br \/>Handledsrem: 21 cm<br \/>Batterier 3 \u00d7 AAA ing\u00e5r<\/p>\n","protected":false},"excerpt":{"rendered":"<p>Ficklampa Schwarzwolf f\u00f6r utomhusbruk, med handledsrem. Tack vare det f\u00f6rl\u00e4ngda huvudet \u00e4r det m\u00f6jligt att reglera fokus och f\u00f6rst\u00e4rka ljusstyrkan. F\u00f6rpackad i Schwarzwolf presentf\u00f6rpackning.Ljusstyrka: 260 lumen, CREE T6 diodRekommenderad m\u00e4rkning: Lasergravyr L1Maximalt tryckstorlek: 20 \u00d7 5 mmM\u00e5tt: 13,5 \u00d7 3,5 cm,F\u00f6rl\u00e4ngning: l\u00e4ngd 16 cmHandledsrem: 21 cmBatterier 3 \u00d7 AAA ing\u00e5r<\/p>\n","protected":false},"featured_media":105024,"template":"","meta":{"_acf_changed":false,"_seopress_robots_primary_cat":"","_seopress_titles_title":"","_seopress_titles_desc":"","_seopress_robots_index":""},"product_brand":[],"product_cat":[15],"product_tag":[],"class_list":{"0":"post-105023","1":"product","2":"type-product","3":"status-publish","4":"has-post-thumbnail","6":"product_cat-okategoriserad","7":"atta45_taxonomy-reflexer-verktyg-sakerhet-lampor-sv","8":"atta45_taxonomy-tema-inspiration-varumarken-schwarzwolf-sv","10":"first","11":"instock","12":"taxable","13":"shipping-taxable","14":"purchasable","15":"product-type-variable"},"acf":[],"_links":{"self":[{"href":"https:\/\/www.atta45.se\/e-butik\/wp-json\/wp\/v2\/product\/105023","targetHints":{"allow":["GET"]}}],"collection":[{"href":"https:\/\/www.atta45.se\/e-butik\/wp-json\/wp\/v2\/product"}],"about":[{"href":"https:\/\/www.atta45.se\/e-butik\/wp-json\/wp\/v2\/types\/product"}],"wp:featuredmedia":[{"embeddable":true,"href":"https:\/\/www.atta45.se\/e-butik\/wp-json\/wp\/v2\/media\/105024"}],"wp:attachment":[{"href":"https:\/\/www.atta45.se\/e-butik\/wp-json\/wp\/v2\/media?parent=105023"}],"wp:term":[{"taxonomy":"product_brand","embeddable":true,"href":"https:\/\/www.atta45.se\/e-butik\/wp-json\/wp\/v2\/product_brand?post=105023"},{"taxonomy":"product_cat","embeddable":true,"href":"https:\/\/www.atta45.se\/e-butik\/wp-json\/wp\/v2\/product_cat?post=105023"},{"taxonomy":"product_tag","embeddable":true,"href":"https:\/\/www.atta45.se\/e-butik\/wp-json\/wp\/v2\/product_tag?post=105023"}],"curies":[{"name":"wp","href":"https:\/\/api.w.org\/{rel}","templated":true}]}}