{"id":105015,"date":"2024-12-29T21:39:26","date_gmt":"2024-12-29T20:39:26","guid":{"rendered":"https:\/\/www.atta45.se\/e-butik\/produkt\/schwarzwolf-poso-liten-ficklampa-med-cob-dioder\/"},"modified":"2025-10-27T18:11:17","modified_gmt":"2025-10-27T17:11:17","slug":"schwarzwolf-poso-liten-ficklampa-med-cob-dioder","status":"publish","type":"product","link":"https:\/\/www.atta45.se\/e-butik\/produkt\/schwarzwolf-poso-liten-ficklampa-med-cob-dioder\/","title":{"rendered":"Ficklampa, liten Schwarzwolf Poso, med COB-diod"},"content":{"rendered":"<p>Liten ficklampa Schwarzwolf med COB diod<br \/>och blinkande l\u00e4ge. M\u00f6jlighet att f\u00e4sta med plastkl\u00e4mma eller nyckelring. Levereras i Schwarzwolf presentf\u00f6rpackning.<br \/>Ljusstyrka: 80 lumen<br \/>Rekommenderad m\u00e4rkning: Tampotryck T2<br \/>Maximal: Tampotryck 25 \u00d7 10 mm<br \/>M\u00e5tt: 6 \u00d7 3 \u00d7 2 cm<br \/>2 \u00d7 3 V CR2032 Batterier ing\u00e5r<\/p>\n","protected":false},"excerpt":{"rendered":"<p>Liten ficklampa Schwarzwolf med COB diodoch blinkande l\u00e4ge. M\u00f6jlighet att f\u00e4sta med plastkl\u00e4mma eller nyckelring. Levereras i Schwarzwolf presentf\u00f6rpackning.Ljusstyrka: 80 lumenRekommenderad m\u00e4rkning: Tampotryck T2Maximal: Tampotryck 25 \u00d7 10 mmM\u00e5tt: 6 \u00d7 3 \u00d7 2 cm2 \u00d7 3 V CR2032 Batterier ing\u00e5r<\/p>\n","protected":false},"featured_media":105016,"template":"","meta":{"_acf_changed":false,"_seopress_robots_primary_cat":"","_seopress_titles_title":"","_seopress_titles_desc":"","_seopress_robots_index":""},"product_brand":[],"product_cat":[15],"product_tag":[],"class_list":{"0":"post-105015","1":"product","2":"type-product","3":"status-publish","4":"has-post-thumbnail","6":"product_cat-okategoriserad","7":"atta45_taxonomy-reflexer-verktyg-sakerhet-harda-reflexer-sv","8":"atta45_taxonomy-reflexer-verktyg-sakerhet-lampor-sv","9":"atta45_taxonomy-tema-inspiration-varumarken-schwarzwolf-sv","11":"first","12":"instock","13":"taxable","14":"shipping-taxable","15":"purchasable","16":"product-type-variable"},"acf":[],"_links":{"self":[{"href":"https:\/\/www.atta45.se\/e-butik\/wp-json\/wp\/v2\/product\/105015","targetHints":{"allow":["GET"]}}],"collection":[{"href":"https:\/\/www.atta45.se\/e-butik\/wp-json\/wp\/v2\/product"}],"about":[{"href":"https:\/\/www.atta45.se\/e-butik\/wp-json\/wp\/v2\/types\/product"}],"wp:featuredmedia":[{"embeddable":true,"href":"https:\/\/www.atta45.se\/e-butik\/wp-json\/wp\/v2\/media\/105016"}],"wp:attachment":[{"href":"https:\/\/www.atta45.se\/e-butik\/wp-json\/wp\/v2\/media?parent=105015"}],"wp:term":[{"taxonomy":"product_brand","embeddable":true,"href":"https:\/\/www.atta45.se\/e-butik\/wp-json\/wp\/v2\/product_brand?post=105015"},{"taxonomy":"product_cat","embeddable":true,"href":"https:\/\/www.atta45.se\/e-butik\/wp-json\/wp\/v2\/product_cat?post=105015"},{"taxonomy":"product_tag","embeddable":true,"href":"https:\/\/www.atta45.se\/e-butik\/wp-json\/wp\/v2\/product_tag?post=105015"}],"curies":[{"name":"wp","href":"https:\/\/api.w.org\/{rel}","templated":true}]}}