{"id":105003,"date":"2024-12-29T21:39:08","date_gmt":"2024-12-29T20:39:08","guid":{"rendered":"https:\/\/www.atta45.se\/e-butik\/produkt\/flagga-midsommar\/"},"modified":"2025-10-27T18:09:54","modified_gmt":"2025-10-27T17:09:54","slug":"flagga-midsommar","status":"publish","type":"product","link":"https:\/\/www.atta45.se\/e-butik\/produkt\/flagga-midsommar\/","title":{"rendered":"Flagga Midsommar"},"content":{"rendered":"<p>Den Svenska midsommartraditionen \u00e4r en av de mest firade. Vad kan b\u00e4ttre hissas i flaggst\u00e5ngen en dag som den!?<\/p>\n","protected":false},"excerpt":{"rendered":"<p>Den Svenska midsommartraditionen \u00e4r en av de mest firade. Vad kan b\u00e4ttre hissas i flaggst\u00e5ngen en dag som den!?<\/p>\n","protected":false},"featured_media":105004,"template":"","meta":{"_acf_changed":false,"_seopress_robots_primary_cat":"","_seopress_titles_title":"","_seopress_titles_desc":"","_seopress_robots_index":""},"product_brand":[],"product_cat":[15],"product_tag":[],"class_list":{"0":"post-105003","1":"product","2":"type-product","3":"status-publish","4":"has-post-thumbnail","6":"product_cat-okategoriserad","7":"atta45_taxonomy-expo-event-utomhusflaggor-sv","8":"atta45_taxonomy-tema-inspiration-varumarken-ycp-sv","10":"first","11":"instock","12":"taxable","13":"shipping-taxable","14":"purchasable","15":"product-type-variable"},"acf":[],"_links":{"self":[{"href":"https:\/\/www.atta45.se\/e-butik\/wp-json\/wp\/v2\/product\/105003","targetHints":{"allow":["GET"]}}],"collection":[{"href":"https:\/\/www.atta45.se\/e-butik\/wp-json\/wp\/v2\/product"}],"about":[{"href":"https:\/\/www.atta45.se\/e-butik\/wp-json\/wp\/v2\/types\/product"}],"wp:featuredmedia":[{"embeddable":true,"href":"https:\/\/www.atta45.se\/e-butik\/wp-json\/wp\/v2\/media\/105004"}],"wp:attachment":[{"href":"https:\/\/www.atta45.se\/e-butik\/wp-json\/wp\/v2\/media?parent=105003"}],"wp:term":[{"taxonomy":"product_brand","embeddable":true,"href":"https:\/\/www.atta45.se\/e-butik\/wp-json\/wp\/v2\/product_brand?post=105003"},{"taxonomy":"product_cat","embeddable":true,"href":"https:\/\/www.atta45.se\/e-butik\/wp-json\/wp\/v2\/product_cat?post=105003"},{"taxonomy":"product_tag","embeddable":true,"href":"https:\/\/www.atta45.se\/e-butik\/wp-json\/wp\/v2\/product_tag?post=105003"}],"curies":[{"name":"wp","href":"https:\/\/api.w.org\/{rel}","templated":true}]}}