{"id":104870,"date":"2024-12-27T15:29:11","date_gmt":"2024-12-27T14:29:11","guid":{"rendered":"https:\/\/www.atta45.se\/e-butik\/produkt\/slapwrap-2\/"},"modified":"2025-10-28T05:18:40","modified_gmt":"2025-10-28T04:18:40","slug":"slapwrap-2","status":"publish","type":"product","link":"https:\/\/www.atta45.se\/e-butik\/produkt\/slapwrap-2\/","title":{"rendered":"Slapwrap"},"content":{"rendered":"<p>Effektiv och enkel att anv\u00e4nda. <\/p>\n<p>L\u00e4tt att sn\u00e4ppa p\u00e5 arm eller ben<\/p>\n<p>Produkterna \u00e4r gjorda av certifierad  film som reflekterar ljuset fr\u00e5n str\u00e5lkastare fr\u00e5n s\u00e5 l\u00e5ngt som 300 meter.<\/p>\n<p>En Slapwrap g\u00f6r fotg\u00e4ngare synliga f\u00f6r f\u00f6rare.<br \/> Varje fotg\u00e4ngare b\u00f6r b\u00e4ra reflexer efter m\u00f6rkrets inbrott.<\/p>\n<p>Reflexfilmen som slapwrapen \u00e4r gjord av uppfyller CE EN17353, men f\u00f6r att slapwrapen ska vara godk\u00e4nd enligt CE EN17353 m\u00e5ste tv\u00e5 stycken slapwraps b\u00e4ras samtidigt.<\/p>\n<p>Digitaltryck ing\u00e5r i produktpriset. <br \/>\u00c4r endast startkostnad som tillkommer.<\/p>\n<p>V\u00e4lj storlek, tryck och tillbeh\u00f6r som ni \u00f6nskar.<\/p>\n","protected":false},"excerpt":{"rendered":"<p>Effektiv och enkel att anv\u00e4nda. L\u00e4tt att sn\u00e4ppa p\u00e5 arm eller ben Produkterna \u00e4r gjorda av certifierad film som reflekterar ljuset fr\u00e5n str\u00e5lkastare fr\u00e5n s\u00e5 l\u00e5ngt som 300 meter. En Slapwrap g\u00f6r fotg\u00e4ngare synliga f\u00f6r f\u00f6rare. Varje fotg\u00e4ngare b\u00f6r b\u00e4ra reflexer efter m\u00f6rkrets inbrott. Reflexfilmen som slapwrapen \u00e4r gjord av uppfyller CE EN17353, men f\u00f6r [&hellip;]<\/p>\n","protected":false},"featured_media":104871,"template":"","meta":{"_acf_changed":false,"_seopress_robots_primary_cat":"","_seopress_titles_title":"","_seopress_titles_desc":"","_seopress_robots_index":""},"product_brand":[],"product_cat":[15],"product_tag":[],"class_list":{"0":"post-104870","1":"product","2":"type-product","3":"status-publish","4":"has-post-thumbnail","6":"product_cat-okategoriserad","7":"atta45_taxonomy-tema-inspiration-varumarken-reflomax-agr-sv","8":"atta45_taxonomy-reflexer-verktyg-sakerhet-slapwraps-sv","9":"atta45_taxonomy-reflexer-slapwraps-sv","11":"first","12":"instock","13":"taxable","14":"shipping-taxable","15":"purchasable","16":"product-type-variable"},"acf":[],"_links":{"self":[{"href":"https:\/\/www.atta45.se\/e-butik\/wp-json\/wp\/v2\/product\/104870","targetHints":{"allow":["GET"]}}],"collection":[{"href":"https:\/\/www.atta45.se\/e-butik\/wp-json\/wp\/v2\/product"}],"about":[{"href":"https:\/\/www.atta45.se\/e-butik\/wp-json\/wp\/v2\/types\/product"}],"wp:featuredmedia":[{"embeddable":true,"href":"https:\/\/www.atta45.se\/e-butik\/wp-json\/wp\/v2\/media\/104871"}],"wp:attachment":[{"href":"https:\/\/www.atta45.se\/e-butik\/wp-json\/wp\/v2\/media?parent=104870"}],"wp:term":[{"taxonomy":"product_brand","embeddable":true,"href":"https:\/\/www.atta45.se\/e-butik\/wp-json\/wp\/v2\/product_brand?post=104870"},{"taxonomy":"product_cat","embeddable":true,"href":"https:\/\/www.atta45.se\/e-butik\/wp-json\/wp\/v2\/product_cat?post=104870"},{"taxonomy":"product_tag","embeddable":true,"href":"https:\/\/www.atta45.se\/e-butik\/wp-json\/wp\/v2\/product_tag?post=104870"}],"curies":[{"name":"wp","href":"https:\/\/api.w.org\/{rel}","templated":true}]}}