{"id":104686,"date":"2024-12-27T15:26:55","date_gmt":"2024-12-27T14:26:55","guid":{"rendered":"https:\/\/www.atta45.se\/e-butik\/produkt\/elastisk-reflekterande-sele\/"},"modified":"2025-10-28T05:21:34","modified_gmt":"2025-10-28T04:21:34","slug":"elastisk-reflekterande-sele","status":"publish","type":"product","link":"https:\/\/www.atta45.se\/e-butik\/produkt\/elastisk-reflekterande-sele\/","title":{"rendered":"Sele Elastisk reflekterande"},"content":{"rendered":"<p>V\u00e4st f\u00f6r h\u00f6g synlighet med silverreflekterande yta.<\/p>\n<p>Justerbara remmar i kombination med det elastiska materialet ger en s\u00e4ker passform.<\/p>\n<p>Reflekterande tejp: 1 x horisontellt + 2 x vertikalt.<\/p>\n<p>Reflexbandens bredd \u00e4r ca 48 mm.<\/p>\n<p>Certifikat:<br \/>EN ISO 17353<\/p>\n","protected":false},"excerpt":{"rendered":"<p>V\u00e4st f\u00f6r h\u00f6g synlighet med silverreflekterande yta. Justerbara remmar i kombination med det elastiska materialet ger en s\u00e4ker passform. Reflekterande tejp: 1 x horisontellt + 2 x vertikalt. Reflexbandens bredd \u00e4r ca 48 mm. Certifikat:EN ISO 17353<\/p>\n","protected":false},"featured_media":104687,"template":"","meta":{"_acf_changed":false,"_seopress_robots_primary_cat":"","_seopress_titles_title":"","_seopress_titles_desc":"","_seopress_robots_index":""},"product_brand":[],"product_cat":[15],"product_tag":[],"class_list":{"0":"post-104686","1":"product","2":"type-product","3":"status-publish","4":"has-post-thumbnail","6":"product_cat-okategoriserad","7":"atta45_taxonomy-tema-inspiration-varumarken-great-reflectives-sv","8":"atta45_taxonomy-trading-reflexer-reflexvastar-sv","9":"atta45_taxonomy-reflexer-reflexvastar-sv","10":"atta45_taxonomy-reflexer-verktyg-sakerhet-reflexvastar-sv","11":"atta45_taxonomy-tema-inspiration-sasong-vinter-sv","13":"first","14":"instock","15":"taxable","16":"shipping-taxable","17":"purchasable","18":"product-type-variable"},"acf":[],"_links":{"self":[{"href":"https:\/\/www.atta45.se\/e-butik\/wp-json\/wp\/v2\/product\/104686","targetHints":{"allow":["GET"]}}],"collection":[{"href":"https:\/\/www.atta45.se\/e-butik\/wp-json\/wp\/v2\/product"}],"about":[{"href":"https:\/\/www.atta45.se\/e-butik\/wp-json\/wp\/v2\/types\/product"}],"wp:featuredmedia":[{"embeddable":true,"href":"https:\/\/www.atta45.se\/e-butik\/wp-json\/wp\/v2\/media\/104687"}],"wp:attachment":[{"href":"https:\/\/www.atta45.se\/e-butik\/wp-json\/wp\/v2\/media?parent=104686"}],"wp:term":[{"taxonomy":"product_brand","embeddable":true,"href":"https:\/\/www.atta45.se\/e-butik\/wp-json\/wp\/v2\/product_brand?post=104686"},{"taxonomy":"product_cat","embeddable":true,"href":"https:\/\/www.atta45.se\/e-butik\/wp-json\/wp\/v2\/product_cat?post=104686"},{"taxonomy":"product_tag","embeddable":true,"href":"https:\/\/www.atta45.se\/e-butik\/wp-json\/wp\/v2\/product_tag?post=104686"}],"curies":[{"name":"wp","href":"https:\/\/api.w.org\/{rel}","templated":true}]}}