{"id":104574,"date":"2024-12-27T15:25:10","date_gmt":"2024-12-27T14:25:10","guid":{"rendered":"https:\/\/www.atta45.se\/e-butik\/produkt\/meshvast-vuxen\/"},"modified":"2025-10-28T05:19:02","modified_gmt":"2025-10-28T04:19:02","slug":"meshvast-vuxen","status":"publish","type":"product","link":"https:\/\/www.atta45.se\/e-butik\/produkt\/meshvast-vuxen\/","title":{"rendered":"Meshv\u00e4st [Vuxen]"},"content":{"rendered":"<p>V\u00e4st med reflexband och kardborrekn\u00e4ppning.<\/p>\n<p>Den gula f\u00e4rgen \u00e4r synlig \u00e4ven p\u00e5 l\u00e5ngt avst\u00e5nd och effekten \u00f6kas med de tv\u00e5 reflekterande banden. <\/p>\n<p>Storlekarna kan variera +\/- 1,5 cm beroende p\u00e5 batch<\/p>\n<p>Reflexbanden \u00e4r certifierade enligt CE EN 471 och har en bredd p\u00e5 5 cm.<\/p>\n","protected":false},"excerpt":{"rendered":"<p>V\u00e4st med reflexband och kardborrekn\u00e4ppning. Den gula f\u00e4rgen \u00e4r synlig \u00e4ven p\u00e5 l\u00e5ngt avst\u00e5nd och effekten \u00f6kas med de tv\u00e5 reflekterande banden. Storlekarna kan variera +\/- 1,5 cm beroende p\u00e5 batch Reflexbanden \u00e4r certifierade enligt CE EN 471 och har en bredd p\u00e5 5 cm.<\/p>\n","protected":false},"featured_media":104575,"template":"","meta":{"_acf_changed":false,"_seopress_robots_primary_cat":"","_seopress_titles_title":"","_seopress_titles_desc":"","_seopress_robots_index":""},"product_brand":[],"product_cat":[15],"product_tag":[],"class_list":{"0":"post-104574","1":"product","2":"type-product","3":"status-publish","4":"has-post-thumbnail","6":"product_cat-okategoriserad","7":"atta45_taxonomy-tema-inspiration-varumarken-great-reflectives-sv","8":"atta45_taxonomy-trading-reflexer-reflexvastar-sv","9":"atta45_taxonomy-reflexer-reflexvastar-sv","10":"atta45_taxonomy-reflexer-verktyg-sakerhet-reflexvastar-sv","11":"atta45_taxonomy-tema-inspiration-sasong-vinter-sv","13":"first","14":"instock","15":"taxable","16":"shipping-taxable","17":"purchasable","18":"product-type-variable"},"acf":[],"_links":{"self":[{"href":"https:\/\/www.atta45.se\/e-butik\/wp-json\/wp\/v2\/product\/104574","targetHints":{"allow":["GET"]}}],"collection":[{"href":"https:\/\/www.atta45.se\/e-butik\/wp-json\/wp\/v2\/product"}],"about":[{"href":"https:\/\/www.atta45.se\/e-butik\/wp-json\/wp\/v2\/types\/product"}],"wp:featuredmedia":[{"embeddable":true,"href":"https:\/\/www.atta45.se\/e-butik\/wp-json\/wp\/v2\/media\/104575"}],"wp:attachment":[{"href":"https:\/\/www.atta45.se\/e-butik\/wp-json\/wp\/v2\/media?parent=104574"}],"wp:term":[{"taxonomy":"product_brand","embeddable":true,"href":"https:\/\/www.atta45.se\/e-butik\/wp-json\/wp\/v2\/product_brand?post=104574"},{"taxonomy":"product_cat","embeddable":true,"href":"https:\/\/www.atta45.se\/e-butik\/wp-json\/wp\/v2\/product_cat?post=104574"},{"taxonomy":"product_tag","embeddable":true,"href":"https:\/\/www.atta45.se\/e-butik\/wp-json\/wp\/v2\/product_tag?post=104574"}],"curies":[{"name":"wp","href":"https:\/\/api.w.org\/{rel}","templated":true}]}}