{"id":104512,"date":"2024-12-27T15:23:34","date_gmt":"2024-12-27T14:23:34","guid":{"rendered":"https:\/\/www.atta45.se\/e-butik\/produkt\/reflexvast-mesh\/"},"modified":"2025-10-28T05:08:34","modified_gmt":"2025-10-28T04:08:34","slug":"reflexvast-mesh","status":"publish","type":"product","link":"https:\/\/www.atta45.se\/e-butik\/produkt\/reflexvast-mesh\/","title":{"rendered":"Reflexv\u00e4st -mesh"},"content":{"rendered":"<p>En reflexv\u00e4st i mesh andas bra, \u00e4r l\u00e4tt och prisv\u00e4rd. Har en bra reflexyta och kommer packade med informationsblad.<\/p>\n","protected":false},"excerpt":{"rendered":"<p>En reflexv\u00e4st i mesh andas bra, \u00e4r l\u00e4tt och prisv\u00e4rd. Har en bra reflexyta och kommer packade med informationsblad.<\/p>\n","protected":false},"featured_media":104513,"template":"","meta":{"_acf_changed":false,"_seopress_robots_primary_cat":"","_seopress_titles_title":"","_seopress_titles_desc":"","_seopress_robots_index":""},"product_brand":[],"product_cat":[15],"product_tag":[],"class_list":{"0":"post-104512","1":"product","2":"type-product","3":"status-publish","4":"has-post-thumbnail","6":"product_cat-okategoriserad","7":"atta45_taxonomy-tema-inspiration-varumarken-great-reflectives-sv","8":"atta45_taxonomy-trading-reflexer-reflexvastar-sv","9":"atta45_taxonomy-reflexer-reflexvastar-sv","10":"atta45_taxonomy-reflexer-verktyg-sakerhet-reflexvastar-sv","11":"atta45_taxonomy-tema-inspiration-sasong-vinter-sv","13":"first","14":"instock","15":"taxable","16":"shipping-taxable","17":"purchasable","18":"product-type-variable"},"acf":[],"_links":{"self":[{"href":"https:\/\/www.atta45.se\/e-butik\/wp-json\/wp\/v2\/product\/104512","targetHints":{"allow":["GET"]}}],"collection":[{"href":"https:\/\/www.atta45.se\/e-butik\/wp-json\/wp\/v2\/product"}],"about":[{"href":"https:\/\/www.atta45.se\/e-butik\/wp-json\/wp\/v2\/types\/product"}],"wp:featuredmedia":[{"embeddable":true,"href":"https:\/\/www.atta45.se\/e-butik\/wp-json\/wp\/v2\/media\/104513"}],"wp:attachment":[{"href":"https:\/\/www.atta45.se\/e-butik\/wp-json\/wp\/v2\/media?parent=104512"}],"wp:term":[{"taxonomy":"product_brand","embeddable":true,"href":"https:\/\/www.atta45.se\/e-butik\/wp-json\/wp\/v2\/product_brand?post=104512"},{"taxonomy":"product_cat","embeddable":true,"href":"https:\/\/www.atta45.se\/e-butik\/wp-json\/wp\/v2\/product_cat?post=104512"},{"taxonomy":"product_tag","embeddable":true,"href":"https:\/\/www.atta45.se\/e-butik\/wp-json\/wp\/v2\/product_tag?post=104512"}],"curies":[{"name":"wp","href":"https:\/\/api.w.org\/{rel}","templated":true}]}}