{"id":104388,"date":"2024-12-27T15:21:56","date_gmt":"2024-12-27T14:21:56","guid":{"rendered":"https:\/\/www.atta45.se\/e-butik\/produkt\/reflexvast-for-barn\/"},"modified":"2025-10-27T23:43:59","modified_gmt":"2025-10-27T22:43:59","slug":"reflexvast-for-barn","status":"publish","type":"product","link":"https:\/\/www.atta45.se\/e-butik\/produkt\/reflexvast-for-barn\/","title":{"rendered":"Reflexv\u00e4st, f\u00f6r barn, 100% Polyester (75D) Clara"},"content":{"rendered":"<p>Reflexv\u00e4st f\u00f6r barn i 100 % polyester. Enbart f\u00f6r anv\u00e4ndning i reklam\u00e4ndam\u00e5l.<\/p>\n","protected":false},"excerpt":{"rendered":"<p>Reflexv\u00e4st f\u00f6r barn i 100 % polyester. Enbart f\u00f6r anv\u00e4ndning i reklam\u00e4ndam\u00e5l.<\/p>\n","protected":false},"featured_media":104389,"template":"","meta":{"_acf_changed":false,"_seopress_robots_primary_cat":"","_seopress_titles_title":"","_seopress_titles_desc":"","_seopress_robots_index":""},"product_brand":[],"product_cat":[15],"product_tag":[],"class_list":{"0":"post-104388","1":"product","2":"type-product","3":"status-publish","4":"has-post-thumbnail","6":"product_cat-okategoriserad","7":"atta45_taxonomy-tema-inspiration-ogonblick-arbete-pagar-sv","8":"atta45_taxonomy-reflexer-verktyg-sakerhet-biltillbehor-sv","9":"atta45_taxonomy-tema-inspiration-branscher-sv","10":"atta45_taxonomy-reflexer-verktyg-sakerhet-cykeltillbehor-sv","11":"atta45_taxonomy-tema-inspiration-branscher-fordonsindustrin-sv","12":"atta45_taxonomy-tema-inspiration-sasong-host-sv","13":"atta45_taxonomy-reflexer-reflexvastar-sv","14":"atta45_taxonomy-reflexer-verktyg-sakerhet-reflexvastar-sv","15":"atta45_taxonomy-tema-inspiration-sasong-sv","16":"atta45_taxonomy-tema-inspiration-sv","17":"atta45_taxonomy-tema-inspiration-sasong-vinter-sv","19":"first","20":"instock","21":"taxable","22":"shipping-taxable","23":"purchasable","24":"product-type-variable"},"acf":[],"_links":{"self":[{"href":"https:\/\/www.atta45.se\/e-butik\/wp-json\/wp\/v2\/product\/104388","targetHints":{"allow":["GET"]}}],"collection":[{"href":"https:\/\/www.atta45.se\/e-butik\/wp-json\/wp\/v2\/product"}],"about":[{"href":"https:\/\/www.atta45.se\/e-butik\/wp-json\/wp\/v2\/types\/product"}],"wp:featuredmedia":[{"embeddable":true,"href":"https:\/\/www.atta45.se\/e-butik\/wp-json\/wp\/v2\/media\/104389"}],"wp:attachment":[{"href":"https:\/\/www.atta45.se\/e-butik\/wp-json\/wp\/v2\/media?parent=104388"}],"wp:term":[{"taxonomy":"product_brand","embeddable":true,"href":"https:\/\/www.atta45.se\/e-butik\/wp-json\/wp\/v2\/product_brand?post=104388"},{"taxonomy":"product_cat","embeddable":true,"href":"https:\/\/www.atta45.se\/e-butik\/wp-json\/wp\/v2\/product_cat?post=104388"},{"taxonomy":"product_tag","embeddable":true,"href":"https:\/\/www.atta45.se\/e-butik\/wp-json\/wp\/v2\/product_tag?post=104388"}],"curies":[{"name":"wp","href":"https:\/\/api.w.org\/{rel}","templated":true}]}}