{"id":104360,"date":"2024-12-27T15:21:31","date_gmt":"2024-12-27T14:21:31","guid":{"rendered":"https:\/\/www.atta45.se\/e-butik\/produkt\/reflexvast\/"},"modified":"2025-10-27T23:43:48","modified_gmt":"2025-10-27T22:43:48","slug":"reflexvast","status":"publish","type":"product","link":"https:\/\/www.atta45.se\/e-butik\/produkt\/reflexvast\/","title":{"rendered":"Reflexv\u00e4st av polyester (150D) Arturo"},"content":{"rendered":"<p>Reflexv\u00e4st med kardborrest\u00e4ngning i fronten. L\u00e4tt att komma i och ur. EN-471, klass 2\/2.<\/p>\n","protected":false},"excerpt":{"rendered":"<p>Reflexv\u00e4st med kardborrest\u00e4ngning i fronten. L\u00e4tt att komma i och ur. EN-471, klass 2\/2.<\/p>\n","protected":false},"featured_media":104361,"template":"","meta":{"_acf_changed":false,"_seopress_robots_primary_cat":"","_seopress_titles_title":"","_seopress_titles_desc":"","_seopress_robots_index":""},"product_brand":[],"product_cat":[15],"product_tag":[],"class_list":{"0":"post-104360","1":"product","2":"type-product","3":"status-publish","4":"has-post-thumbnail","6":"product_cat-okategoriserad","7":"atta45_taxonomy-tema-inspiration-ogonblick-arbete-pagar-sv","8":"atta45_taxonomy-reflexer-verktyg-sakerhet-biltillbehor-sv","9":"atta45_taxonomy-tema-inspiration-branscher-sv","10":"atta45_taxonomy-reflexer-verktyg-sakerhet-cykeltillbehor-sv","11":"atta45_taxonomy-tema-inspiration-branscher-fordonsindustrin-sv","12":"atta45_taxonomy-tema-inspiration-sasong-host-sv","13":"atta45_taxonomy-tema-inspiration-speciella-trycktekniker-name-it-sv","14":"atta45_taxonomy-reflexer-verktyg-sakerhet-reflexvastar-sv","15":"atta45_taxonomy-reflexer-reflexvastar-sv","16":"atta45_taxonomy-tema-inspiration-sasong-sv","17":"atta45_taxonomy-tema-inspiration-sv","18":"atta45_taxonomy-tema-inspiration-sasong-vinter-sv","20":"first","21":"instock","22":"taxable","23":"shipping-taxable","24":"purchasable","25":"product-type-variable"},"acf":[],"_links":{"self":[{"href":"https:\/\/www.atta45.se\/e-butik\/wp-json\/wp\/v2\/product\/104360","targetHints":{"allow":["GET"]}}],"collection":[{"href":"https:\/\/www.atta45.se\/e-butik\/wp-json\/wp\/v2\/product"}],"about":[{"href":"https:\/\/www.atta45.se\/e-butik\/wp-json\/wp\/v2\/types\/product"}],"wp:featuredmedia":[{"embeddable":true,"href":"https:\/\/www.atta45.se\/e-butik\/wp-json\/wp\/v2\/media\/104361"}],"wp:attachment":[{"href":"https:\/\/www.atta45.se\/e-butik\/wp-json\/wp\/v2\/media?parent=104360"}],"wp:term":[{"taxonomy":"product_brand","embeddable":true,"href":"https:\/\/www.atta45.se\/e-butik\/wp-json\/wp\/v2\/product_brand?post=104360"},{"taxonomy":"product_cat","embeddable":true,"href":"https:\/\/www.atta45.se\/e-butik\/wp-json\/wp\/v2\/product_cat?post=104360"},{"taxonomy":"product_tag","embeddable":true,"href":"https:\/\/www.atta45.se\/e-butik\/wp-json\/wp\/v2\/product_tag?post=104360"}],"curies":[{"name":"wp","href":"https:\/\/api.w.org\/{rel}","templated":true}]}}