{"id":104348,"date":"2024-12-27T15:21:15","date_gmt":"2024-12-27T14:21:15","guid":{"rendered":"https:\/\/www.atta45.se\/e-butik\/produkt\/nyckelring-i-form-av-vast-cecily\/"},"modified":"2025-10-27T23:35:50","modified_gmt":"2025-10-27T22:35:50","slug":"nyckelring-i-form-av-vast-cecily","status":"publish","type":"product","link":"https:\/\/www.atta45.se\/e-butik\/produkt\/nyckelring-i-form-av-vast-cecily\/","title":{"rendered":"Nyckelring PVC Cecily"},"content":{"rendered":"<p>V\u00e4stformad neonf\u00e4rgad nyckelring. Endast f\u00f6r promotionanv\u00e4ndning.<\/p>\n","protected":false},"excerpt":{"rendered":"<p>V\u00e4stformad neonf\u00e4rgad nyckelring. Endast f\u00f6r promotionanv\u00e4ndning.<\/p>\n","protected":false},"featured_media":104349,"template":"","meta":{"_acf_changed":false,"_seopress_robots_primary_cat":"","_seopress_titles_title":"","_seopress_titles_desc":"","_seopress_robots_index":""},"product_brand":[],"product_cat":[15],"product_tag":[],"class_list":{"0":"post-104348","1":"product","2":"type-product","3":"status-publish","4":"has-post-thumbnail","6":"product_cat-okategoriserad","7":"atta45_taxonomy-tema-inspiration-ogonblick-arbete-pagar-sv","8":"atta45_taxonomy-tema-inspiration-branscher-sv","9":"atta45_taxonomy-reflexer-verktyg-sakerhet-cykeltillbehor-sv","10":"atta45_taxonomy-tema-inspiration-branscher-konstruktion-sv","11":"atta45_taxonomy-reflexer-reflexvastar-sv","12":"atta45_taxonomy-reflexer-verktyg-sakerhet-reflexvastar-sv","13":"atta45_taxonomy-tema-inspiration-sv","15":"first","16":"instock","17":"taxable","18":"shipping-taxable","19":"purchasable","20":"product-type-variable"},"acf":[],"_links":{"self":[{"href":"https:\/\/www.atta45.se\/e-butik\/wp-json\/wp\/v2\/product\/104348","targetHints":{"allow":["GET"]}}],"collection":[{"href":"https:\/\/www.atta45.se\/e-butik\/wp-json\/wp\/v2\/product"}],"about":[{"href":"https:\/\/www.atta45.se\/e-butik\/wp-json\/wp\/v2\/types\/product"}],"wp:featuredmedia":[{"embeddable":true,"href":"https:\/\/www.atta45.se\/e-butik\/wp-json\/wp\/v2\/media\/104349"}],"wp:attachment":[{"href":"https:\/\/www.atta45.se\/e-butik\/wp-json\/wp\/v2\/media?parent=104348"}],"wp:term":[{"taxonomy":"product_brand","embeddable":true,"href":"https:\/\/www.atta45.se\/e-butik\/wp-json\/wp\/v2\/product_brand?post=104348"},{"taxonomy":"product_cat","embeddable":true,"href":"https:\/\/www.atta45.se\/e-butik\/wp-json\/wp\/v2\/product_cat?post=104348"},{"taxonomy":"product_tag","embeddable":true,"href":"https:\/\/www.atta45.se\/e-butik\/wp-json\/wp\/v2\/product_tag?post=104348"}],"curies":[{"name":"wp","href":"https:\/\/api.w.org\/{rel}","templated":true}]}}